{"id":8919,"date":"2022-03-18T20:22:38","date_gmt":"2022-03-18T20:22:38","guid":{"rendered":"https:\/\/www.techrules.com\/?page_id=8919"},"modified":"2022-03-18T20:40:13","modified_gmt":"2022-03-18T20:40:13","slug":"vacante-pmo","status":"publish","type":"page","link":"https:\/\/www.techrules.com\/es\/vacante-pmo\/","title":{"rendered":"Jefe de proyecto &#8211; PMO"},"content":{"rendered":"<br \/>\n<section id=\"block-single-wwu\" class=\"container py-5\">\n<div class=\"row\">\n<div class=\"col-md-5 p-0\">\n<div class=\"tag-wrapper\">\n<div class=\"tag\">\n                                <img decoding=\"async\" data-src=\"https:\/\/www.techrules.com\/wp-content\/themes\/techrules\/img\/ico-mark.png\" src=\"data:image\/svg+xml;base64,PHN2ZyB3aWR0aD0iMSIgaGVpZ2h0PSIxIiB4bWxucz0iaHR0cDovL3d3dy53My5vcmcvMjAwMC9zdmciPjwvc3ZnPg==\" class=\"lazyload\" style=\"--smush-placeholder-width: 17px; --smush-placeholder-aspect-ratio: 17\/26;\"><br \/>\n                                <span>Madrid<\/span>\n                            <\/div>\n<div class=\"tag\">\n                                <img decoding=\"async\" data-src=\"https:\/\/www.techrules.com\/wp-content\/themes\/techrules\/img\/ico-tag.png\" src=\"data:image\/svg+xml;base64,PHN2ZyB3aWR0aD0iMSIgaGVpZ2h0PSIxIiB4bWxucz0iaHR0cDovL3d3dy53My5vcmcvMjAwMC9zdmciPjwvc3ZnPg==\" class=\"lazyload\" style=\"--smush-placeholder-width: 23px; --smush-placeholder-aspect-ratio: 23\/23;\"><br \/>\n                                <span>Software financiero<br \/>\n<\/span>\n                            <\/div>\n<\/p><\/div>\n<p><b>Buscamos una persona que tenga experiencia superior a 5 a\u00f1os en la gesti\u00f3n de cuentas de clientes y la gesti\u00f3n de proyectos, responsabiliz\u00e1ndose de los tiempos del proyecto, los costes y sus desviaciones, as\u00ed como la gesti\u00f3n de la cuenta una vez est\u00e9 integrado nuestros productos en el cliente.<\/b><\/p>\n<p class=\"tx1\">Imprescindible<\/p>\n<ul class=\"list-unstyled\">\n<li>&#8211; Imprescindible ingl\u00e9s nivel alto<\/li>\n<li>&#8211; Se responsabilizar\u00e1 de la gesti\u00f3n de proyectos a implantar en los clientes de la compa\u00f1\u00eda dentro del Sector Financiero, siguiendo los est\u00e1ndares de metodolog\u00eda seg\u00fan el Project Management Institute (PMI), as\u00ed como la gesti\u00f3n de la Cuenta en los clientes asignados.<\/li>\n<\/ul>\n<p class=\"tx1\">Responsabilidades y tareas<\/p>\n<ul class=\"list-unstyled\"\n\t\t\t\t\t\t\n                            \n\n<li>&#8211; Seguimiento, coordinaci\u00f3n y gesti\u00f3n del ciclo de vida productivo de los proyectos.<\/li>\n<li>&#8211; Control y seguimiento de los niveles de calidad de los proyectos<\/li>\n<li>&#8211; Gesti\u00f3n y coordinaci\u00f3n de equipos y presupuestos<\/li>\n<li>&#8211; Uso e implementaci\u00f3n de metodolog\u00edas de gesti\u00f3n de proyectos y en las herramientas que las soportan.<\/li>\n<li>&#8211; Realizaci\u00f3n de los informes de seguimiento del proyecto.<\/li>\n<li>&#8211; Supervisi\u00f3n y control de la calidad de los diferentes entregables considerados en el proyecto.<\/li>\n<li>&#8211; Supervisi\u00f3n y control del enfoque metodol\u00f3gico seguido por el proyecto, asegurando que se cumple la metodolog\u00eda vigente en el cliente.<\/li>\n<li>&#8211; Gesti\u00f3n de riesgos y desviaciones.<\/li>\n<li>&#8211; An\u00e1lisis de impactos y propuesta de soluciones.<\/li>\n<li>&#8211; Interlocuci\u00f3n con diversas \u00e1reas del cliente y Coordinaci\u00f3n y\/o Gesti\u00f3n de la Cuenta.<\/li>\n<\/ul>\n<p class=\"tx1\">\u00bfQu\u00e9 ofrecemos?<\/p>\n<ul class=\"list-unstyled\">\n<li>&#8211; Incorporaci\u00f3n inmediata con contrato indefinido a nuestra empresa.<\/li>\n<li>&#8211; Integrarte en una empresa donde se valora mucho el trabajo en equipo para conseguir los objetivos de negocio<\/li>\n<li>&#8211; Ambiente de trabajo motivante, din\u00e1mico e innovador.<\/li>\n<li>&#8211; Retribuci\u00f3n econ\u00f3mica competitiva y con los siguientes beneficios sociales: salario fijo + variable, comida subvencionada por la empresa, con coste diario de 3 \u20ac, sistema de retribuci\u00f3n flexible que permite optimizar el neto de la n\u00f3mina (Seguro M\u00e9dico, Tarjeta Comida, Tarjeta Transporte, Cheque Guarder\u00eda).<\/li>\n<\/ul><\/div>\n<div class=\"col-md-5 offset-md-1 p-0\">\n<h3>Env\u00edanos tu cv!<\/h3>\n\n<div class=\"wpcf7 no-js\" id=\"wpcf7-f5961-o1\" lang=\"en-US\" dir=\"ltr\" data-wpcf7-id=\"5961\">\n<div class=\"screen-reader-response\"><p role=\"status\" aria-live=\"polite\" aria-atomic=\"true\"><\/p> <ul><\/ul><\/div>\n<form action=\"\/es\/wp-json\/wp\/v2\/pages\/8919#wpcf7-f5961-o1\" method=\"post\" class=\"wpcf7-form init wpcf7-acceptance-as-validation\" aria-label=\"Contact form\" enctype=\"multipart\/form-data\" novalidate=\"novalidate\" data-status=\"init\">\n<fieldset class=\"hidden-fields-container\"><input type=\"hidden\" name=\"_wpcf7\" value=\"5961\" \/><input type=\"hidden\" name=\"_wpcf7_version\" value=\"6.1.4\" \/><input type=\"hidden\" name=\"_wpcf7_locale\" value=\"en_US\" \/><input type=\"hidden\" name=\"_wpcf7_unit_tag\" value=\"wpcf7-f5961-o1\" \/><input type=\"hidden\" name=\"_wpcf7_container_post\" value=\"0\" \/><input type=\"hidden\" name=\"_wpcf7_posted_data_hash\" value=\"\" \/><input type=\"hidden\" name=\"_wpcf7_recaptcha_response\" value=\"\" \/>\n<\/fieldset>\n<div id=\"contact-form-rrhh\" class=\"es\">\n    <div class=\"row\">\n        <div class=\"col-md-6\">\n            <div class=\"form-group\">\n                <span class=\"input-group\">\n                    <img decoding=\"async\" data-src=\"https:\/\/www.techrules.com\/wp-content\/themes\/techrules\/img\/footer-form-user.png\" src=\"data:image\/svg+xml;base64,PHN2ZyB3aWR0aD0iMSIgaGVpZ2h0PSIxIiB4bWxucz0iaHR0cDovL3d3dy53My5vcmcvMjAwMC9zdmciPjwvc3ZnPg==\" class=\"lazyload\" style=\"--smush-placeholder-width: 32px; --smush-placeholder-aspect-ratio: 32\/32;\">\n                    <span class=\"wpcf7-form-control-wrap\" data-name=\"lead-name\"><input size=\"40\" maxlength=\"400\" class=\"wpcf7-form-control wpcf7-text wpcf7-validates-as-required\" aria-required=\"true\" aria-invalid=\"false\" placeholder=\"Nombre\" value=\"\" type=\"text\" name=\"lead-name\" \/><\/span>\n                <\/span>\n            <\/div>           \n        <\/div>\n        <div class=\"col-md-6\">\n            <div class=\"form-group\">\n                <span class=\"input-group\">\n                    <img decoding=\"async\" data-src=\"https:\/\/www.techrules.com\/wp-content\/themes\/techrules\/img\/footer-form-user.png\" src=\"data:image\/svg+xml;base64,PHN2ZyB3aWR0aD0iMSIgaGVpZ2h0PSIxIiB4bWxucz0iaHR0cDovL3d3dy53My5vcmcvMjAwMC9zdmciPjwvc3ZnPg==\" class=\"lazyload\" style=\"--smush-placeholder-width: 32px; --smush-placeholder-aspect-ratio: 32\/32;\">\n                    <span class=\"wpcf7-form-control-wrap\" data-name=\"last-name\"><input size=\"40\" maxlength=\"400\" class=\"wpcf7-form-control wpcf7-text\" aria-invalid=\"false\" placeholder=\"Apellidos\" value=\"\" type=\"text\" name=\"last-name\" \/><\/span>\n                <\/span>\n            <\/div>\n        <\/div>\n<div class=\"col-md-12\">\n <div class=\"form-group\">\n                <span class=\"input-group\">\n                    <img decoding=\"async\" data-src=\"https:\/\/www.techrules.com\/wp-content\/themes\/techrules\/img\/footer-form-mail.png\" src=\"data:image\/svg+xml;base64,PHN2ZyB3aWR0aD0iMSIgaGVpZ2h0PSIxIiB4bWxucz0iaHR0cDovL3d3dy53My5vcmcvMjAwMC9zdmciPjwvc3ZnPg==\" class=\"lazyload\" style=\"--smush-placeholder-width: 32px; --smush-placeholder-aspect-ratio: 32\/32;\">\n                    <span class=\"wpcf7-form-control-wrap\" data-name=\"lead-email\"><input size=\"40\" maxlength=\"400\" class=\"wpcf7-form-control wpcf7-email wpcf7-validates-as-required wpcf7-text wpcf7-validates-as-email\" aria-required=\"true\" aria-invalid=\"false\" placeholder=\"Email\" value=\"\" type=\"email\" name=\"lead-email\" \/><\/span>\n                <\/span>\n            <\/div>\n<\/div>\n        <div class=\"col-md-12\">\n            <div class=\"form-group\">\n                <span class=\"input-group w100\">\n                    <img decoding=\"async\" data-src=\"https:\/\/www.techrules.com\/wp-content\/themes\/techrules\/img\/footer-form-file.png\" src=\"data:image\/svg+xml;base64,PHN2ZyB3aWR0aD0iMSIgaGVpZ2h0PSIxIiB4bWxucz0iaHR0cDovL3d3dy53My5vcmcvMjAwMC9zdmciPjwvc3ZnPg==\" class=\"lazyload\" style=\"--smush-placeholder-width: 32px; --smush-placeholder-aspect-ratio: 32\/32;\">\n                    <span class=\"wpcf7-form-control-wrap\" data-name=\"file\"><input size=\"40\" class=\"wpcf7-form-control wpcf7-file wpcf7-validates-as-required\" accept=\".pdf,.doc,.docx\" aria-required=\"true\" aria-invalid=\"false\" type=\"file\" name=\"file\" \/><\/span>\n                    <span class=\"filename\">Curriculum vitae<\/span>\n                <\/span>\n            <\/div>\n        <\/div>\n    <\/div>\n    <div class=\"row\">\n        <div class=\"col-md-12\">\n            <span class=\"wpcf7-form-control-wrap\" data-name=\"your-consent\"><span class=\"wpcf7-form-control wpcf7-acceptance\"><span class=\"wpcf7-list-item\"><label><input type=\"checkbox\" name=\"your-consent\" value=\"1\" aria-invalid=\"false\" \/><span class=\"wpcf7-list-item-label\">Al enviar este formulario, usted acepta recibir informaci\u00f3n comercial, los <a\n                    href=\"https:\/\/www.techrules.com\/terms-and-conditions\/\" target=\"_blank\">t\u00e9rminos del servicio<\/a>, la <a href=\"\/privacy-policy\/\" target=\"_blank\">pol\u00edtica de privacidad<\/a> y <a href=\"\/es\/politica-de-cookies\/\">cookies<\/a>.<\/span><\/label><\/span><\/span><\/span>\n \n        <\/div>\n    <\/div>\n    <div class=\"row\">\n        <div class=\"col-md-12\">\n            <input class=\"wpcf7-form-control wpcf7-submit has-spinner\" type=\"submit\" value=\"Enviar CV\" \/>\n        <\/div>\n    <\/div>\n<\/div><div class=\"wpcf7-response-output\" aria-hidden=\"true\"><\/div>\n<\/form>\n<\/div>\n<\/div>\n<\/p><\/div>\n<\/section>\n","protected":false},"excerpt":{"rendered":"<p>Madrid Software financiero Buscamos una persona que tenga experiencia superior a 5 a\u00f1os en la gesti\u00f3n de cuentas de clientes y la gesti\u00f3n de proyectos, responsabiliz\u00e1ndose de los tiempos del proyecto, los costes y sus desviaciones, as\u00ed como la gesti\u00f3n de la cuenta una vez est\u00e9 integrado nuestros productos en el cliente. Imprescindible &#8211; Imprescindible [&hellip;]<\/p>\n","protected":false},"author":2,"featured_media":0,"parent":0,"menu_order":0,"comment_status":"closed","ping_status":"closed","template":"tpl-pages\/work-with-us-detail.php","meta":{"_acf_changed":false,"footnotes":""},"class_list":["post-8919","page","type-page","status-publish","hentry"],"acf":[],"yoast_head":"<!-- This site is optimized with the Yoast SEO plugin v26.7 - https:\/\/yoast.com\/wordpress\/plugins\/seo\/ -->\r\n<title>Jefe de proyecto - PMO - TechRules<\/title>\r\n<meta name=\"robots\" content=\"index, follow, max-snippet:-1, max-image-preview:large, max-video-preview:-1\" \/>\r\n<link rel=\"canonical\" href=\"https:\/\/www.techrules.com\/es\/vacante-pmo\/\" \/>\r\n<meta property=\"og:locale\" content=\"es_ES\" \/>\r\n<meta property=\"og:type\" content=\"article\" \/>\r\n<meta property=\"og:title\" content=\"Jefe de proyecto - PMO - TechRules\" \/>\r\n<meta property=\"og:description\" content=\"Madrid Software financiero Buscamos una persona que tenga experiencia superior a 5 a\u00f1os en la gesti\u00f3n de cuentas de clientes y la gesti\u00f3n de proyectos, responsabiliz\u00e1ndose de los tiempos del proyecto, los costes y sus desviaciones, as\u00ed como la gesti\u00f3n de la cuenta una vez est\u00e9 integrado nuestros productos en el cliente. Imprescindible &#8211; Imprescindible [&hellip;]\" \/>\r\n<meta property=\"og:url\" content=\"https:\/\/www.techrules.com\/es\/vacante-pmo\/\" \/>\r\n<meta property=\"og:site_name\" content=\"TechRules\" \/>\r\n<meta property=\"article:modified_time\" content=\"2022-03-18T20:40:13+00:00\" \/>\r\n<meta name=\"twitter:card\" content=\"summary_large_image\" \/>\r\n<meta name=\"twitter:label1\" content=\"Tiempo de lectura\" \/>\n\t<meta name=\"twitter:data1\" content=\"1 minuto\" \/>\r\n<script type=\"application\/ld+json\" class=\"yoast-schema-graph\">{\"@context\":\"https:\/\/schema.org\",\"@graph\":[{\"@type\":\"WebPage\",\"@id\":\"https:\/\/www.techrules.com\/es\/vacante-pmo\/\",\"url\":\"https:\/\/www.techrules.com\/es\/vacante-pmo\/\",\"name\":\"Jefe de proyecto - PMO - TechRules\",\"isPartOf\":{\"@id\":\"https:\/\/www.techrules.com\/#website\"},\"datePublished\":\"2022-03-18T20:22:38+00:00\",\"dateModified\":\"2022-03-18T20:40:13+00:00\",\"breadcrumb\":{\"@id\":\"https:\/\/www.techrules.com\/es\/vacante-pmo\/#breadcrumb\"},\"inLanguage\":\"es\",\"potentialAction\":[{\"@type\":\"ReadAction\",\"target\":[\"https:\/\/www.techrules.com\/es\/vacante-pmo\/\"]}]},{\"@type\":\"BreadcrumbList\",\"@id\":\"https:\/\/www.techrules.com\/es\/vacante-pmo\/#breadcrumb\",\"itemListElement\":[{\"@type\":\"ListItem\",\"position\":1,\"name\":\"Home\",\"item\":\"https:\/\/www.techrules.com\/es\/\"},{\"@type\":\"ListItem\",\"position\":2,\"name\":\"Jefe de proyecto &#8211; PMO\"}]},{\"@type\":\"WebSite\",\"@id\":\"https:\/\/www.techrules.com\/#website\",\"url\":\"https:\/\/www.techrules.com\/\",\"name\":\"TechRules\",\"description\":\"Wealth Management Solutions | TechRules\",\"potentialAction\":[{\"@type\":\"SearchAction\",\"target\":{\"@type\":\"EntryPoint\",\"urlTemplate\":\"https:\/\/www.techrules.com\/?s={search_term_string}\"},\"query-input\":{\"@type\":\"PropertyValueSpecification\",\"valueRequired\":true,\"valueName\":\"search_term_string\"}}],\"inLanguage\":\"es\"}]}<\/script>\r\n<!-- \/ Yoast SEO plugin. -->","yoast_head_json":{"title":"Jefe de proyecto - PMO - TechRules","robots":{"index":"index","follow":"follow","max-snippet":"max-snippet:-1","max-image-preview":"max-image-preview:large","max-video-preview":"max-video-preview:-1"},"canonical":"https:\/\/www.techrules.com\/es\/vacante-pmo\/","og_locale":"es_ES","og_type":"article","og_title":"Jefe de proyecto - PMO - TechRules","og_description":"Madrid Software financiero Buscamos una persona que tenga experiencia superior a 5 a\u00f1os en la gesti\u00f3n de cuentas de clientes y la gesti\u00f3n de proyectos, responsabiliz\u00e1ndose de los tiempos del proyecto, los costes y sus desviaciones, as\u00ed como la gesti\u00f3n de la cuenta una vez est\u00e9 integrado nuestros productos en el cliente. Imprescindible &#8211; Imprescindible [&hellip;]","og_url":"https:\/\/www.techrules.com\/es\/vacante-pmo\/","og_site_name":"TechRules","article_modified_time":"2022-03-18T20:40:13+00:00","twitter_card":"summary_large_image","twitter_misc":{"Tiempo de lectura":"1 minuto"},"schema":{"@context":"https:\/\/schema.org","@graph":[{"@type":"WebPage","@id":"https:\/\/www.techrules.com\/es\/vacante-pmo\/","url":"https:\/\/www.techrules.com\/es\/vacante-pmo\/","name":"Jefe de proyecto - PMO - TechRules","isPartOf":{"@id":"https:\/\/www.techrules.com\/#website"},"datePublished":"2022-03-18T20:22:38+00:00","dateModified":"2022-03-18T20:40:13+00:00","breadcrumb":{"@id":"https:\/\/www.techrules.com\/es\/vacante-pmo\/#breadcrumb"},"inLanguage":"es","potentialAction":[{"@type":"ReadAction","target":["https:\/\/www.techrules.com\/es\/vacante-pmo\/"]}]},{"@type":"BreadcrumbList","@id":"https:\/\/www.techrules.com\/es\/vacante-pmo\/#breadcrumb","itemListElement":[{"@type":"ListItem","position":1,"name":"Home","item":"https:\/\/www.techrules.com\/es\/"},{"@type":"ListItem","position":2,"name":"Jefe de proyecto &#8211; PMO"}]},{"@type":"WebSite","@id":"https:\/\/www.techrules.com\/#website","url":"https:\/\/www.techrules.com\/","name":"TechRules","description":"Wealth Management Solutions | TechRules","potentialAction":[{"@type":"SearchAction","target":{"@type":"EntryPoint","urlTemplate":"https:\/\/www.techrules.com\/?s={search_term_string}"},"query-input":{"@type":"PropertyValueSpecification","valueRequired":true,"valueName":"search_term_string"}}],"inLanguage":"es"}]}},"_links":{"self":[{"href":"https:\/\/www.techrules.com\/es\/wp-json\/wp\/v2\/pages\/8919","targetHints":{"allow":["GET"]}}],"collection":[{"href":"https:\/\/www.techrules.com\/es\/wp-json\/wp\/v2\/pages"}],"about":[{"href":"https:\/\/www.techrules.com\/es\/wp-json\/wp\/v2\/types\/page"}],"author":[{"embeddable":true,"href":"https:\/\/www.techrules.com\/es\/wp-json\/wp\/v2\/users\/2"}],"replies":[{"embeddable":true,"href":"https:\/\/www.techrules.com\/es\/wp-json\/wp\/v2\/comments?post=8919"}],"version-history":[{"count":2,"href":"https:\/\/www.techrules.com\/es\/wp-json\/wp\/v2\/pages\/8919\/revisions"}],"predecessor-version":[{"id":8924,"href":"https:\/\/www.techrules.com\/es\/wp-json\/wp\/v2\/pages\/8919\/revisions\/8924"}],"wp:attachment":[{"href":"https:\/\/www.techrules.com\/es\/wp-json\/wp\/v2\/media?parent=8919"}],"curies":[{"name":"wp","href":"https:\/\/api.w.org\/{rel}","templated":true}]}}