{"id":7235,"date":"2020-08-25T15:32:23","date_gmt":"2020-08-25T15:32:23","guid":{"rendered":"https:\/\/www.techrules.com\/?page_id=7235"},"modified":"2022-03-10T11:22:13","modified_gmt":"2022-03-10T11:22:13","slug":"tecnico-en-programacion-y-creacion-de-modelos-cuantitativos","status":"publish","type":"page","link":"https:\/\/www.techrules.com\/es\/tecnico-en-programacion-y-creacion-de-modelos-cuantitativos\/","title":{"rendered":"BECA &#8211; Departamento de desarrollo"},"content":{"rendered":"<section id=\"block-single-wwu\" class=\"container py-5\">\n<div class=\"row\">\n<div class=\"col-md-5 p-0\">\n<div class=\"tag-wrapper\">\n<div class=\"tag\">\n                                <img decoding=\"async\" data-src=\"https:\/\/www.techrules.com\/wp-content\/themes\/techrules\/img\/ico-mark.png\" src=\"data:image\/svg+xml;base64,PHN2ZyB3aWR0aD0iMSIgaGVpZ2h0PSIxIiB4bWxucz0iaHR0cDovL3d3dy53My5vcmcvMjAwMC9zdmciPjwvc3ZnPg==\" class=\"lazyload\" style=\"--smush-placeholder-width: 17px; --smush-placeholder-aspect-ratio: 17\/26;\"><br \/>\n                                <span>Madrid<\/span>\n                            <\/div>\n<div class=\"tag\">\n                                <img decoding=\"async\" data-src=\"https:\/\/www.techrules.com\/wp-content\/themes\/techrules\/img\/ico-tag.png\" src=\"data:image\/svg+xml;base64,PHN2ZyB3aWR0aD0iMSIgaGVpZ2h0PSIxIiB4bWxucz0iaHR0cDovL3d3dy53My5vcmcvMjAwMC9zdmciPjwvc3ZnPg==\" class=\"lazyload\" style=\"--smush-placeholder-width: 23px; --smush-placeholder-aspect-ratio: 23\/23;\"><br \/>\n                                <span>Software financiero<br \/>\n<\/span>\n                            <\/div>\n<\/p><\/div>\n<p><b>\u00bfTe gustar\u00eda trabajar en la empresa l\u00edder en soluciones de Wealth Management? \u00bfTe gustar\u00eda trabajar con metodolog\u00edas \u00e1giles? \u00bfTe gustar\u00eda trabajar en un ambiente colaborativo? Si tus valores van en esta direcci\u00f3n, TechRules est\u00e1 buscando a alguien como t\u00fa.<br \/>\n<\/b><\/p>\n<p class=\"tx1\">\u00bfQu\u00e9 buscamos?<\/p>\n<ul class=\"list-unstyled\">\n<li>&#8211; Requerimientos t\u00e9cnicos: API REST, OpenAPI, CMS. Requerimientos muy recomendables: ingl\u00e9s conocimiento alto en lectura y escritura. Se valorar\u00e1 muy positivamente perfiles: proactiva, inter\u00e9s en la investigaci\u00f3n y desarrollo, autodidacta, con iniciativa y capacidad de aprendizaje y esp\u00edritu de equipo. <\/li>\n<p>   <\/p>\n<li>TechRules comenz\u00f3 en el mercado desde el a\u00f1o 2001 y, actualmente, somos un referente Internacional en Soluciones de Wealth Management para nuestros clientes. Premiado por Xcelent en 2013 y 2016 al premio de la mejor funcionalidad del mercado, siendo seleccionado TechRules por su herramienta T-Advisor en Silicon Valley, y finalista en 2015 a la mejor plataforma Europea de Front. Actualmente, contamos con oficinas en Pozuelo de Alarc\u00f3n (Madrid), como sede principal y en Valladolid, Santiago de Chile y Lima.  <\/br> <\/ul>\n<p class=\"tx1\">\u00bfQu\u00e9 ofrecemos?<\/p>\n<ul class=\"list-unstyled\">\n<li>&#8211; Incorporaci\u00f3n inmediata <\/li>\n<li>&#8211; Jornada 5 horas en oficina 4 d\u00edas a la semana. <\/li>\n<li>&#8211; Horario de 8:30 a 13:30 de lunes a jueves.<\/li>\n<li>&#8211; Contrato de pr\u00e1cticas\/beca con una retribuci\u00f3n econ\u00f3mica de 500 euros brutos mensuales<\/li>\n<li>&#8211; Posibilidad de ampliaci\u00f3n de contrato.<\/li>\n<li>&#8211; Integrarte en una empresa donde se valora mucho el trabajo en equipo para conseguir los objetivos.<\/li>\n<li>&#8211; IAmbiente de trabajo motivante, din\u00e1mico e<br \/>\ninnovador.<\/li>\n<\/ul>\n<\/li>\n<p class=\"tx1\">\u00bfPor qu\u00e9 trabajar en TechRules?<\/p>\n<ul class=\"list-unstyled\">\n<li>\nPorque contamos con grandes profesionales, tanto a nivel profesional como humano, que nos permite crecer en nuestros conocimientos y habilidades.<br \/>\nPorque nuestros clientes son l\u00edderes en Banca en sus respectivos pa\u00edses.<br \/>\nPorque trabajar\u00e1s para proyectos multinacionales.\n<\/li>\n<\/ul><\/div>\n<div class=\"col-md-5 offset-md-1 p-0\">\n<h3>Env\u00edanos tu cv!<\/h3>\n\n<div class=\"wpcf7 no-js\" id=\"wpcf7-f5961-o1\" lang=\"en-US\" dir=\"ltr\" data-wpcf7-id=\"5961\">\n<div class=\"screen-reader-response\"><p role=\"status\" aria-live=\"polite\" aria-atomic=\"true\"><\/p> <ul><\/ul><\/div>\n<form action=\"\/es\/wp-json\/wp\/v2\/pages\/7235#wpcf7-f5961-o1\" method=\"post\" class=\"wpcf7-form init wpcf7-acceptance-as-validation\" aria-label=\"Contact form\" enctype=\"multipart\/form-data\" novalidate=\"novalidate\" data-status=\"init\">\n<fieldset class=\"hidden-fields-container\"><input type=\"hidden\" name=\"_wpcf7\" value=\"5961\" \/><input type=\"hidden\" name=\"_wpcf7_version\" value=\"6.1.4\" \/><input type=\"hidden\" name=\"_wpcf7_locale\" value=\"en_US\" \/><input type=\"hidden\" name=\"_wpcf7_unit_tag\" value=\"wpcf7-f5961-o1\" \/><input type=\"hidden\" name=\"_wpcf7_container_post\" value=\"0\" \/><input type=\"hidden\" name=\"_wpcf7_posted_data_hash\" value=\"\" \/><input type=\"hidden\" name=\"_wpcf7_recaptcha_response\" value=\"\" \/>\n<\/fieldset>\n<div id=\"contact-form-rrhh\" class=\"es\">\n    <div class=\"row\">\n        <div class=\"col-md-6\">\n            <div class=\"form-group\">\n                <span class=\"input-group\">\n                    <img decoding=\"async\" data-src=\"https:\/\/www.techrules.com\/wp-content\/themes\/techrules\/img\/footer-form-user.png\" src=\"data:image\/svg+xml;base64,PHN2ZyB3aWR0aD0iMSIgaGVpZ2h0PSIxIiB4bWxucz0iaHR0cDovL3d3dy53My5vcmcvMjAwMC9zdmciPjwvc3ZnPg==\" class=\"lazyload\" style=\"--smush-placeholder-width: 32px; --smush-placeholder-aspect-ratio: 32\/32;\">\n                    <span class=\"wpcf7-form-control-wrap\" data-name=\"lead-name\"><input size=\"40\" maxlength=\"400\" class=\"wpcf7-form-control wpcf7-text wpcf7-validates-as-required\" aria-required=\"true\" aria-invalid=\"false\" placeholder=\"Nombre\" value=\"\" type=\"text\" name=\"lead-name\" \/><\/span>\n                <\/span>\n            <\/div>           \n        <\/div>\n        <div class=\"col-md-6\">\n            <div class=\"form-group\">\n                <span class=\"input-group\">\n                    <img decoding=\"async\" data-src=\"https:\/\/www.techrules.com\/wp-content\/themes\/techrules\/img\/footer-form-user.png\" src=\"data:image\/svg+xml;base64,PHN2ZyB3aWR0aD0iMSIgaGVpZ2h0PSIxIiB4bWxucz0iaHR0cDovL3d3dy53My5vcmcvMjAwMC9zdmciPjwvc3ZnPg==\" class=\"lazyload\" style=\"--smush-placeholder-width: 32px; --smush-placeholder-aspect-ratio: 32\/32;\">\n                    <span class=\"wpcf7-form-control-wrap\" data-name=\"last-name\"><input size=\"40\" maxlength=\"400\" class=\"wpcf7-form-control wpcf7-text\" aria-invalid=\"false\" placeholder=\"Apellidos\" value=\"\" type=\"text\" name=\"last-name\" \/><\/span>\n                <\/span>\n            <\/div>\n        <\/div>\n<div class=\"col-md-12\">\n <div class=\"form-group\">\n                <span class=\"input-group\">\n                    <img decoding=\"async\" data-src=\"https:\/\/www.techrules.com\/wp-content\/themes\/techrules\/img\/footer-form-mail.png\" src=\"data:image\/svg+xml;base64,PHN2ZyB3aWR0aD0iMSIgaGVpZ2h0PSIxIiB4bWxucz0iaHR0cDovL3d3dy53My5vcmcvMjAwMC9zdmciPjwvc3ZnPg==\" class=\"lazyload\" style=\"--smush-placeholder-width: 32px; --smush-placeholder-aspect-ratio: 32\/32;\">\n                    <span class=\"wpcf7-form-control-wrap\" data-name=\"lead-email\"><input size=\"40\" maxlength=\"400\" class=\"wpcf7-form-control wpcf7-email wpcf7-validates-as-required wpcf7-text wpcf7-validates-as-email\" aria-required=\"true\" aria-invalid=\"false\" placeholder=\"Email\" value=\"\" type=\"email\" name=\"lead-email\" \/><\/span>\n                <\/span>\n            <\/div>\n<\/div>\n        <div class=\"col-md-12\">\n            <div class=\"form-group\">\n                <span class=\"input-group w100\">\n                    <img decoding=\"async\" data-src=\"https:\/\/www.techrules.com\/wp-content\/themes\/techrules\/img\/footer-form-file.png\" src=\"data:image\/svg+xml;base64,PHN2ZyB3aWR0aD0iMSIgaGVpZ2h0PSIxIiB4bWxucz0iaHR0cDovL3d3dy53My5vcmcvMjAwMC9zdmciPjwvc3ZnPg==\" class=\"lazyload\" style=\"--smush-placeholder-width: 32px; --smush-placeholder-aspect-ratio: 32\/32;\">\n                    <span class=\"wpcf7-form-control-wrap\" data-name=\"file\"><input size=\"40\" class=\"wpcf7-form-control wpcf7-file wpcf7-validates-as-required\" accept=\".pdf,.doc,.docx\" aria-required=\"true\" aria-invalid=\"false\" type=\"file\" name=\"file\" \/><\/span>\n                    <span class=\"filename\">Curriculum vitae<\/span>\n                <\/span>\n            <\/div>\n        <\/div>\n    <\/div>\n    <div class=\"row\">\n        <div class=\"col-md-12\">\n            <span class=\"wpcf7-form-control-wrap\" data-name=\"your-consent\"><span class=\"wpcf7-form-control wpcf7-acceptance\"><span class=\"wpcf7-list-item\"><label><input type=\"checkbox\" name=\"your-consent\" value=\"1\" aria-invalid=\"false\" \/><span class=\"wpcf7-list-item-label\">Al enviar este formulario, usted acepta recibir informaci\u00f3n comercial, los <a\n                    href=\"https:\/\/www.techrules.com\/terms-and-conditions\/\" target=\"_blank\">t\u00e9rminos del servicio<\/a>, la <a href=\"\/privacy-policy\/\" target=\"_blank\">pol\u00edtica de privacidad<\/a> y <a href=\"\/es\/politica-de-cookies\/\">cookies<\/a>.<\/span><\/label><\/span><\/span><\/span>\n \n        <\/div>\n    <\/div>\n    <div class=\"row\">\n        <div class=\"col-md-12\">\n            <input class=\"wpcf7-form-control wpcf7-submit has-spinner\" type=\"submit\" value=\"Enviar CV\" \/>\n        <\/div>\n    <\/div>\n<\/div><div class=\"wpcf7-response-output\" aria-hidden=\"true\"><\/div>\n<\/form>\n<\/div>\n<\/div>\n<\/p><\/div>\n<\/section>\n","protected":false},"excerpt":{"rendered":"<p>Madrid Software financiero \u00bfTe gustar\u00eda trabajar en la empresa l\u00edder en soluciones de Wealth Management? \u00bfTe gustar\u00eda trabajar con metodolog\u00edas \u00e1giles? \u00bfTe gustar\u00eda trabajar en un ambiente colaborativo? Si tus valores van en esta direcci\u00f3n, TechRules est\u00e1 buscando a alguien como t\u00fa. \u00bfQu\u00e9 buscamos? &#8211; Requerimientos t\u00e9cnicos: API REST, OpenAPI, CMS. Requerimientos muy recomendables: ingl\u00e9s [&hellip;]<\/p>\n","protected":false},"author":2,"featured_media":0,"parent":0,"menu_order":0,"comment_status":"closed","ping_status":"closed","template":"tpl-pages\/work-with-us-detail.php","meta":{"_acf_changed":false,"footnotes":""},"class_list":["post-7235","page","type-page","status-publish","hentry"],"acf":[],"yoast_head":"<!-- This site is optimized with the Yoast SEO plugin v26.7 - https:\/\/yoast.com\/wordpress\/plugins\/seo\/ -->\r\n<title>BECA - Departamento de desarrollo - TechRules<\/title>\r\n<meta name=\"robots\" content=\"index, follow, max-snippet:-1, max-image-preview:large, max-video-preview:-1\" \/>\r\n<link rel=\"canonical\" href=\"https:\/\/www.techrules.com\/es\/tecnico-en-programacion-y-creacion-de-modelos-cuantitativos\/\" \/>\r\n<meta property=\"og:locale\" content=\"es_ES\" \/>\r\n<meta property=\"og:type\" content=\"article\" \/>\r\n<meta property=\"og:title\" content=\"BECA - Departamento de desarrollo - TechRules\" \/>\r\n<meta property=\"og:description\" content=\"Madrid Software financiero \u00bfTe gustar\u00eda trabajar en la empresa l\u00edder en soluciones de Wealth Management? \u00bfTe gustar\u00eda trabajar con metodolog\u00edas \u00e1giles? \u00bfTe gustar\u00eda trabajar en un ambiente colaborativo? Si tus valores van en esta direcci\u00f3n, TechRules est\u00e1 buscando a alguien como t\u00fa. \u00bfQu\u00e9 buscamos? &#8211; Requerimientos t\u00e9cnicos: API REST, OpenAPI, CMS. Requerimientos muy recomendables: ingl\u00e9s [&hellip;]\" \/>\r\n<meta property=\"og:url\" content=\"https:\/\/www.techrules.com\/es\/tecnico-en-programacion-y-creacion-de-modelos-cuantitativos\/\" \/>\r\n<meta property=\"og:site_name\" content=\"TechRules\" \/>\r\n<meta property=\"article:modified_time\" content=\"2022-03-10T11:22:13+00:00\" \/>\r\n<meta name=\"twitter:card\" content=\"summary_large_image\" \/>\r\n<meta name=\"twitter:label1\" content=\"Tiempo de lectura\" \/>\n\t<meta name=\"twitter:data1\" content=\"2 minutos\" \/>\r\n<script type=\"application\/ld+json\" class=\"yoast-schema-graph\">{\"@context\":\"https:\/\/schema.org\",\"@graph\":[{\"@type\":\"WebPage\",\"@id\":\"https:\/\/www.techrules.com\/es\/tecnico-en-programacion-y-creacion-de-modelos-cuantitativos\/\",\"url\":\"https:\/\/www.techrules.com\/es\/tecnico-en-programacion-y-creacion-de-modelos-cuantitativos\/\",\"name\":\"BECA - Departamento de desarrollo - TechRules\",\"isPartOf\":{\"@id\":\"https:\/\/www.techrules.com\/#website\"},\"datePublished\":\"2020-08-25T15:32:23+00:00\",\"dateModified\":\"2022-03-10T11:22:13+00:00\",\"breadcrumb\":{\"@id\":\"https:\/\/www.techrules.com\/es\/tecnico-en-programacion-y-creacion-de-modelos-cuantitativos\/#breadcrumb\"},\"inLanguage\":\"es\",\"potentialAction\":[{\"@type\":\"ReadAction\",\"target\":[\"https:\/\/www.techrules.com\/es\/tecnico-en-programacion-y-creacion-de-modelos-cuantitativos\/\"]}]},{\"@type\":\"BreadcrumbList\",\"@id\":\"https:\/\/www.techrules.com\/es\/tecnico-en-programacion-y-creacion-de-modelos-cuantitativos\/#breadcrumb\",\"itemListElement\":[{\"@type\":\"ListItem\",\"position\":1,\"name\":\"Home\",\"item\":\"https:\/\/www.techrules.com\/es\/\"},{\"@type\":\"ListItem\",\"position\":2,\"name\":\"BECA &#8211; Departamento de desarrollo\"}]},{\"@type\":\"WebSite\",\"@id\":\"https:\/\/www.techrules.com\/#website\",\"url\":\"https:\/\/www.techrules.com\/\",\"name\":\"TechRules\",\"description\":\"Wealth Management Solutions | TechRules\",\"potentialAction\":[{\"@type\":\"SearchAction\",\"target\":{\"@type\":\"EntryPoint\",\"urlTemplate\":\"https:\/\/www.techrules.com\/?s={search_term_string}\"},\"query-input\":{\"@type\":\"PropertyValueSpecification\",\"valueRequired\":true,\"valueName\":\"search_term_string\"}}],\"inLanguage\":\"es\"}]}<\/script>\r\n<!-- \/ Yoast SEO plugin. -->","yoast_head_json":{"title":"BECA - Departamento de desarrollo - TechRules","robots":{"index":"index","follow":"follow","max-snippet":"max-snippet:-1","max-image-preview":"max-image-preview:large","max-video-preview":"max-video-preview:-1"},"canonical":"https:\/\/www.techrules.com\/es\/tecnico-en-programacion-y-creacion-de-modelos-cuantitativos\/","og_locale":"es_ES","og_type":"article","og_title":"BECA - Departamento de desarrollo - TechRules","og_description":"Madrid Software financiero \u00bfTe gustar\u00eda trabajar en la empresa l\u00edder en soluciones de Wealth Management? \u00bfTe gustar\u00eda trabajar con metodolog\u00edas \u00e1giles? \u00bfTe gustar\u00eda trabajar en un ambiente colaborativo? Si tus valores van en esta direcci\u00f3n, TechRules est\u00e1 buscando a alguien como t\u00fa. \u00bfQu\u00e9 buscamos? &#8211; Requerimientos t\u00e9cnicos: API REST, OpenAPI, CMS. Requerimientos muy recomendables: ingl\u00e9s [&hellip;]","og_url":"https:\/\/www.techrules.com\/es\/tecnico-en-programacion-y-creacion-de-modelos-cuantitativos\/","og_site_name":"TechRules","article_modified_time":"2022-03-10T11:22:13+00:00","twitter_card":"summary_large_image","twitter_misc":{"Tiempo de lectura":"2 minutos"},"schema":{"@context":"https:\/\/schema.org","@graph":[{"@type":"WebPage","@id":"https:\/\/www.techrules.com\/es\/tecnico-en-programacion-y-creacion-de-modelos-cuantitativos\/","url":"https:\/\/www.techrules.com\/es\/tecnico-en-programacion-y-creacion-de-modelos-cuantitativos\/","name":"BECA - Departamento de desarrollo - TechRules","isPartOf":{"@id":"https:\/\/www.techrules.com\/#website"},"datePublished":"2020-08-25T15:32:23+00:00","dateModified":"2022-03-10T11:22:13+00:00","breadcrumb":{"@id":"https:\/\/www.techrules.com\/es\/tecnico-en-programacion-y-creacion-de-modelos-cuantitativos\/#breadcrumb"},"inLanguage":"es","potentialAction":[{"@type":"ReadAction","target":["https:\/\/www.techrules.com\/es\/tecnico-en-programacion-y-creacion-de-modelos-cuantitativos\/"]}]},{"@type":"BreadcrumbList","@id":"https:\/\/www.techrules.com\/es\/tecnico-en-programacion-y-creacion-de-modelos-cuantitativos\/#breadcrumb","itemListElement":[{"@type":"ListItem","position":1,"name":"Home","item":"https:\/\/www.techrules.com\/es\/"},{"@type":"ListItem","position":2,"name":"BECA &#8211; Departamento de desarrollo"}]},{"@type":"WebSite","@id":"https:\/\/www.techrules.com\/#website","url":"https:\/\/www.techrules.com\/","name":"TechRules","description":"Wealth Management Solutions | TechRules","potentialAction":[{"@type":"SearchAction","target":{"@type":"EntryPoint","urlTemplate":"https:\/\/www.techrules.com\/?s={search_term_string}"},"query-input":{"@type":"PropertyValueSpecification","valueRequired":true,"valueName":"search_term_string"}}],"inLanguage":"es"}]}},"_links":{"self":[{"href":"https:\/\/www.techrules.com\/es\/wp-json\/wp\/v2\/pages\/7235","targetHints":{"allow":["GET"]}}],"collection":[{"href":"https:\/\/www.techrules.com\/es\/wp-json\/wp\/v2\/pages"}],"about":[{"href":"https:\/\/www.techrules.com\/es\/wp-json\/wp\/v2\/types\/page"}],"author":[{"embeddable":true,"href":"https:\/\/www.techrules.com\/es\/wp-json\/wp\/v2\/users\/2"}],"replies":[{"embeddable":true,"href":"https:\/\/www.techrules.com\/es\/wp-json\/wp\/v2\/comments?post=7235"}],"version-history":[{"count":7,"href":"https:\/\/www.techrules.com\/es\/wp-json\/wp\/v2\/pages\/7235\/revisions"}],"predecessor-version":[{"id":8844,"href":"https:\/\/www.techrules.com\/es\/wp-json\/wp\/v2\/pages\/7235\/revisions\/8844"}],"wp:attachment":[{"href":"https:\/\/www.techrules.com\/es\/wp-json\/wp\/v2\/media?parent=7235"}],"curies":[{"name":"wp","href":"https:\/\/api.w.org\/{rel}","templated":true}]}}