{"id":6717,"date":"2020-05-09T11:53:37","date_gmt":"2020-05-09T11:53:37","guid":{"rendered":"https:\/\/demo9.scopica.es\/?page_id=6717"},"modified":"2022-02-28T11:31:20","modified_gmt":"2022-02-28T11:31:20","slug":"politica-de-cookies","status":"publish","type":"page","link":"https:\/\/www.techrules.com\/es\/politica-de-cookies\/","title":{"rendered":"Pol\u00edtica de Cookies"},"content":{"rendered":"<p><b>USO DE COOKIES\u00a0<\/b><\/p>\n<h3><\/h3>\n<p><span style=\"font-weight: 400;\">Le informamos<\/span> <span style=\"font-weight: 400;\">que en cumplimiento de la normativa vigente en materia de protecci\u00f3n de datos, este sitio web utiliza cookies propias y de terceros.\u00a0<\/span><\/p>\n<p>&nbsp;<\/p>\n<p><b>\u00bfQu\u00e9 es una cookie?<\/b><\/p>\n<p>&nbsp;<\/p>\n<p><span style=\"font-weight: 400;\">Una cookie es un fichero que se descarga en el dispositivo del usuario cuando se accede a la p\u00e1gina web, con la finalidad de almacenar y recuperar informaci\u00f3n sobre la navegaci\u00f3n que se realiza en el dispositivo.\u00a0<\/span><\/p>\n<p>&nbsp;<\/p>\n<p><b>Tipos de cookies:<\/b><\/p>\n<p>&nbsp;<\/p>\n<ul>\n<li style=\"font-weight: 400;\" aria-level=\"1\"><span style=\"font-weight: 400;\">Seg\u00fan la entidad que las gestione:<\/span><\/li>\n<\/ul>\n<p><b>Cookies propias: <\/b><span style=\"font-weight: 400;\">son aqu\u00e9llas que se env\u00edan al equipo terminal del usuario desde un equipo o dominio gestionado por el propio editor y desde el que se presta el servicio solicitado por el usuario.<\/span><\/p>\n<p>&nbsp;<br \/>\n<\/p>\n<p><b>Cookies de terceros: <\/b><span style=\"font-weight: 400;\">son aquellas que se env\u00edan al equipo terminal del Usuario desde un equipo o dominio que no es gestionado por el editor, sino por otra entidad que trata los datos obtenidos a trav\u00e9s de las cookies. <\/span><span style=\"font-weight: 400;\">Tipolog\u00edas de cookies de terceros:<\/span><span style=\"font-weight: 400;\">\u00a0<\/span><br \/>\n<\/p>\n<p><b>Load-balancing cookies:<\/b><span style=\"font-weight: 400;\"> se usan para recabar datos que ayudan a regular, dividir y gestionar la congesti\u00f3n de los servidores. Se consideran necesarias para la comunicaci\u00f3n a trav\u00e9s de la red. \u00danicamente identifican un servidor, por lo tanto, no contienen datos personales.<\/span><br \/>\n<\/p>\n<p>&nbsp;<\/p>\n<p><b>Cookies para customizar la interfaz de usuario:<\/b><span style=\"font-weight: 400;\">\u00a0 se usan, entre otras, para indicar el idioma preferido o el formato de contenido. No requieren ning\u00fan identificador particular, por lo tanto, no constituir\u00e1n informaci\u00f3n personal.<\/span><\/p>\n<p>&nbsp;<\/p>\n<ul>\n<\/p>\n<li style=\"font-weight: 400;\" aria-level=\"1\"><span style=\"font-weight: 400;\">Seg\u00fan el tiempo que la cookie permanece activa en el equipo:\u00a0<\/span><\/li>\n<\/ul>\n<p><b>Cookies de sesi\u00f3n:<\/b><span style=\"font-weight: 400;\"> son cookies temporales que permanecen en el archivo de cookies de su navegador hasta que abandone la p\u00e1gina web, por lo que ninguna queda registrada en el disco duro del usuario. La informaci\u00f3n obtenida por medio de estas cookies sirve para analizar las pautas de tr\u00e1fico de la web. A la larga, esto nos permite proporcionar una mejor experiencia para mejorar el contenido y facilitar su uso.<\/span><\/p>\n<p>&nbsp;<br \/>\n<\/p>\n<p><b>Cookies permanentes:<\/b><span style=\"font-weight: 400;\"> son almacenadas en el disco duro y nuestra web las lee cada vez que el usuario realiza una nueva visita. Una cookie permanente puede ser accedida y tratada durante un periodo definido por el responsable de la cookie, despu\u00e9s de esa fecha dejar\u00e1 de funcionar.<\/span><\/p>\n<p>&nbsp;<\/p>\n<ul>\n<\/p>\n<li style=\"font-weight: 400;\" aria-level=\"1\"><span style=\"font-weight: 400;\">Seg\u00fan su finalidad:\u00a0<\/span><\/li>\n<\/ul>\n<p><b>Cookies t\u00e9cnicas:<\/b><span style=\"font-weight: 400;\"> Permiten al usuario la navegaci\u00f3n a trav\u00e9s de una p\u00e1gina web, plataforma o aplicaci\u00f3n y la utilizaci\u00f3n de las diferentes opciones o servicios que en ella existan.<\/span><\/p>\n<p>&nbsp;<br \/>\n<\/p>\n<p><b>Cookies de personalizaci\u00f3n: <\/b><span style=\"font-weight: 400;\">Permiten al usuario acceder al servicio con algunas caracter\u00edsticas de car\u00e1cter general predefinidas en funci\u00f3n de una serie de criterios en el terminal del usuario como, por ejemplo, el idioma, el tipo de navegador a trav\u00e9s del cual accede al servicio, la configuraci\u00f3n regional desde donde accede al servicio, etc.<\/span><\/p>\n<p>&nbsp;<br \/>\n<\/p>\n<p><b>Cookies de an\u00e1lisis:<\/b><span style=\"font-weight: 400;\"> Permiten al responsable de las mismas el seguimiento y an\u00e1lisis del comportamiento de los usuarios de los sitios web a los que est\u00e1n vinculadas. La informaci\u00f3n recogida mediante este tipo de cookies se utiliza en la medici\u00f3n de la actividad de los sitios web, aplicaci\u00f3n o plataforma y para la elaboraci\u00f3n de perfiles de navegaci\u00f3n de los usuarios de dichos sitios, aplicaciones y plataformas, con el fin de introducir mejoras en funci\u00f3n del an\u00e1lisis de los datos de uso que hacen los usuarios del servicio.<\/span><\/p>\n<p>&nbsp;<br \/>\n<br \/>\n<b>Cookies publicitarias: <\/b><span style=\"font-weight: 400;\">Permiten la gesti\u00f3n, de la forma m\u00e1s eficaz posible, de los espacios publicitarios que, en su caso, el editor haya incluido en una p\u00e1gina web, aplicaci\u00f3n o plataforma desde la que presta el servicio solicitado en base a criterios como el contenido editado o la frecuencia en la que se muestran los anuncios.\u00a0<\/span><\/p>\n<p>&nbsp;<br \/>\n<br \/>\n<b>Cookies de publicidad comportamental: <\/b><span style=\"font-weight: 400;\">Estas cookies almacenan informaci\u00f3n del comportamiento de los usuarios obtenida a trav\u00e9s de la observaci\u00f3n continuada de sus h\u00e1bitos de navegaci\u00f3n, lo que permite desarrollar un perfil espec\u00edfico para mostrar publicidad en funci\u00f3n del mismo.\u00a0<\/span><br \/>\n<br \/>\n&nbsp;<\/p>\n<p><b>\u00bfQu\u00e9 tipo de cookies se utilizan en esta p\u00e1gina web?<\/b><\/p>\n<p>&nbsp;<br \/>\n<br \/>\n<span style=\"font-weight: 400;\">TECHRULES hace uso de cookies propias y de terceros, en concreto, complementos externos de Google. Su uso implica la remisi\u00f3n de cookies. Para m\u00e1s informaci\u00f3n consulte:<\/span><span style=\"font-weight: 400;\">\u00a0<\/span><a href=\"http:\/\/www.google.com\/intl\/es\/policies\/technologies\/cookies\/\"><span style=\"font-weight: 400;\">C\u00f3mo utiliza Google las cookies<\/span><span style=\"font-weight: 400;\">\u00a0<\/span><\/a><br \/>\n<\/p>\n<p><span style=\"font-weight: 400;\">La informaci\u00f3n que recogen los complementos externos de Google en nuestro Sitio Web, incluyendo la direcci\u00f3n IP del usuario, puede ser transmitida a Google y almacenada en sus servidores. Esta informaci\u00f3n es gestionada enteramente por Google. Estas cookies no identifican al usuario personalmente a menos que tenga activa una sesi\u00f3n en Google, quedando en ese caso vinculado con dicha cuenta de Google.<\/span><br \/>\n<\/p>\n<p><span style=\"font-weight: 400;\">Para m\u00e1s informaci\u00f3n consulte:<\/span><span style=\"font-weight: 400;\">\u00a0<\/span><a href=\"http:\/\/www.google.com\/intl\/es\/policies\/technologies\/types\/\"><span style=\"font-weight: 400;\">Tipos de cookies que utiliza Google<\/span><span style=\"font-weight: 400;\">\u00a0<\/span><\/a><span style=\"font-weight: 400;\"> y<\/span><span style=\"font-weight: 400;\"> la Pol\u00edtica de Privacidad de Google:<\/span><span style=\"font-weight: 400;\">\u00a0<\/span><a href=\"https:\/\/www.google.com\/intl\/es_es\/policies\/privacy\"><span style=\"font-weight: 400;\">Pol\u00edtica de privacidad<\/span><span style=\"font-weight: 400;\">\u00a0<\/span><\/a><\/p>\n<p>&nbsp;<\/p>\n<p><span style=\"font-weight: 400;\">En la siguiente tabla explicamos las cookies que se utilizan en esta p\u00e1gina web y por qu\u00e9:<\/span><\/p>\n<table id=\"cookies-tech\">\n<tbody>\n<tr>\n<th class=\"text-center\" colspan=\"4\">COOKIES PROPIAS \u2013 Dominio www.techrules.com<\/th>\n<\/tr>\n<tr>\n<th>COOKIE<\/th>\n<th>FINALIDAD<\/th>\n<th>TIPO SEG\u00daN LA CADUCIDAD<\/th>\n<th>FUNCIONALIDAD AFECTADA EN CASO DE DESACTIVACI\u00d3N<\/th>\n<\/tr>\n<tr>\n<td>cookielawinfo-checkbox-non-necessary<\/td>\n<td>Sirve para verificar si se pueden mostrar cookies.<\/td>\n<td>Persistente<\/td>\n<td>Consentimiento de Cookies<\/td>\n<\/tr>\n<tr>\n<td>viewed_cookie_policy<\/td>\n<td>Sirve para almacenar si se ha mostrado el mensaje de cookies.<\/td>\n<td>Persistente<\/td>\n<td>Mensaje de Cookies<\/td>\n<\/tr>\n<\/tbody>\n<\/table>\n<table id=\"cookies-ter\">\n<tbody>\n<tr>\n<th class=\"text-center\" colspan=\"6\">COOKIES DE TERCEROS<\/th>\n<\/tr>\n<tr>\n<th>COOKIE<\/th>\n<th>FINALIDAD<\/th>\n<th>TIPO SEG\u00daN LA CADUCIDAD<\/th>\n<th>FUNCIONALIDAD AFECTADA EN CASO DE DESACTIVACI\u00d3N<\/th>\n<th>DOMINIO<\/th>\n<th>ENTIDAD DE GESTI\u00d3N<\/th>\n<\/tr>\n<tr>\n<td>_ga<\/td>\n<td>Se usa para distinguir usuarios y sesiones.<\/td>\n<td>2 a\u00f1os<\/td>\n<td>Ninguna<\/td>\n<td>techrules.com<\/td>\n<td>Google Analytics<\/td>\n<\/tr>\n<tr>\n<td>_gcl_au<\/td>\n<td>Se utliza para rastrear las conversiones.<\/td>\n<td>Persistent<\/td>\n<td>Ninguna<\/td>\n<td>www.techrules.com<\/td>\n<td>Google Tag Manager<\/td>\n<\/tr>\n<tr>\n<td>_gid<\/td>\n<td>Se utliza para contar y rastrear p\u00e1ginas vistas.<\/td>\n<td>24 hours<\/td>\n<td>Ninguna<\/td>\n<td>www.techrules.com<\/td>\n<td>Google Analytics<\/td>\n<\/tr>\n<tr>\n<td>_gat_gtag_UA_37588666_1<\/td>\n<td>Utilizada para almacenar el id de usuario.<\/td>\n<td>Persistent<\/td>\n<td>Ninguna<\/td>\n<td>www.techrules.com<\/td>\n<td>Google Analytics<\/td>\n<\/tr>\n<tr>\n<td colspan=\"6\">(1) Permiten hacer un seguimiento del sitio web mediante la herramienta Google Analytics,<br \/>\nque es un servicio proporcionado por Google para obtener informaci\u00f3n de los accesos de los usuarios a<br \/>\nlos sitios web. Google, Inc., una compa\u00f1\u00eda de Delaware cuya oficina principal est\u00e1 en 1600 Amphitheatre<br \/>\nParkway, Mountain View (California), CA 94043, Estados Unidos. Algunos de los datos almacenados para<br \/>\nposteriores an\u00e1lisis son: el n\u00famero de veces que el usuario ha visitado el sitio web, fechas de la<br \/>\nprimera y la \u00faltima visita del usuario, duraci\u00f3n de las visitas, p\u00e1gina desde la que el usuario ha<br \/>\naccedido al sitio web, el motor de b\u00fasqueda que el usuario ha usado para llegar al sitio web o v\u00ednculo<br \/>\nque ha seleccionado, lugar del mundo desde el que accede el usuario, etc. La configuraci\u00f3n de estas<br \/>\ncookies est\u00e1 predeterminada por el servicio que ofrece Google, motivo por el cual le sugerimos que<br \/>\nconsulte la p\u00e1gina de privacidad de Google <a href=\"http:\/\/www.google.com\/intl\/es\/policies\/privacy\/#application\">http:\/\/www.google.com\/intl\/es\/policies\/privacy\/#application<\/a><br \/>\ny <a href=\"https:\/\/developers.google.com\/analytics\/devguides\/collection\/analyticsjs\/cookie-usage\">https:\/\/developers.google.com\/analytics\/devguides\/collection\/analyticsjs\/cookie-usage<\/a><br \/>\npara obtener m\u00e1s informaci\u00f3n sobre las cookies que usa y c\u00f3mo deshabilitarlas (entendi\u00e9ndose que no<br \/>\nsomos responsables del contenido o la veracidad de los sitios web de terceros).<\/td>\n<\/tr>\n<\/tbody>\n<\/table>\n<p>&nbsp;<\/p>\n<p><b>\u00bfQui\u00e9n utiliza las cookies?<\/b><\/p>\n<p>&nbsp;<\/p>\n<p><span style=\"font-weight: 400;\">La informaci\u00f3n obtenida a trav\u00e9s de las Cookies ser\u00e1 incorporada a los tratamientos de TECHRULES con las finalidades y plazos indicados en la presente Pol\u00edtica.<\/span><br \/>\n<span style=\"font-weight: 400;\">Asimismo, esta informaci\u00f3n tambi\u00e9n se incorporar\u00e1 a los ficheros de las empresas proveedoras de las Cookies de Terceros indicadas en el presente documento, siendo tratada con las finalidades indicadas en sus respectivas pol\u00edticas de privacidad.<\/span><\/p>\n<p><span style=\"font-weight: 400;\">La base jur\u00eddica que legitima estos tratamientos es el consentimiento del usuario, prestado a trav\u00e9s de las opciones de configuraci\u00f3n de cookies; no obstante, el usuario podr\u00e1 rechazar el uso de Cookies mediante los mecanismos indicados a continuaci\u00f3n.<\/span><\/p>\n<p>&nbsp;<br \/>\n<br \/>\n<b>\u00bfC\u00f3mo cambio mi configuraci\u00f3n de cookies?<\/b><br \/>\n<br \/>\n&nbsp;<br \/>\n<br \/>\n<span style=\"font-weight: 400;\">Puede revisar su configuraci\u00f3n de cookies a trav\u00e9s del <\/span><b>Panel de configuraci\u00f3n<\/b><span style=\"font-weight: 400;\">. Tambi\u00e9n puede usted permitir, bloquear o eliminar las cookies instaladas en su equipo mediante la configuraci\u00f3n de las opciones del navegador instalado en su ordenador. Por favor, lea atentamente la secci\u00f3n de ayuda de su navegador para conocer m\u00e1s acerca de c\u00f3mo activar el \u201cmodo privado\u201d o desbloquear determinadas cookies.<\/span><br \/>\n<br \/>\n&nbsp;<\/p>\n<ul>\n<li style=\"font-weight: 400;\" aria-level=\"1\"><span style=\"font-weight: 400;\">Microsoft Explorer: Puede consultar el <\/span><a href=\"https:\/\/support.microsoft.com\/es-es\/help\/17442\/windows-internet-explorer-delete-manage-cookies\"><span style=\"font-weight: 400;\">soporte de Microsoft<\/span><\/a><span style=\"font-weight: 400;\"> o la Ayuda del navegador.<\/span><\/li>\n<li style=\"font-weight: 400;\" aria-level=\"1\"><span style=\"font-weight: 400;\">Microsoft Edge: Puede consultar el <\/span><a href=\"https:\/\/support.microsoft.com\/es-es\/help\/4027947\/microsoft-edge-delete-cookies\"><span style=\"font-weight: 400;\">soporte de Microsoft<\/span><\/a><span style=\"font-weight: 400;\"> o la Ayuda del navegador.<\/span><\/li>\n<li style=\"font-weight: 400;\" aria-level=\"1\"><span style=\"font-weight: 400;\">Firefox: Puede consultar el <\/span><a href=\"https:\/\/support.mozilla.org\/es\/kb\/Borrar%20cookies\"><span style=\"font-weight: 400;\">soporte de Mozilla<\/span><\/a><span style=\"font-weight: 400;\"> o la Ayuda del navegador.<\/span><\/li>\n<li style=\"font-weight: 400;\" aria-level=\"1\"><span style=\"font-weight: 400;\">Chrome: Puede consultar el <\/span><a href=\"https:\/\/support.google.com\/chrome\/answer\/95647?co=GENIE.Platform%3DDesktop&amp;amp;hl=es\"><span style=\"font-weight: 400;\">soporte de Google<\/span><\/a><span style=\"font-weight: 400;\"> o la Ayuda del navegador.<\/span><\/li>\n<li style=\"font-weight: 400;\" aria-level=\"1\"><span style=\"font-weight: 400;\">Safari: Puede consultar el <\/span><a href=\"https:\/\/support.apple.com\/es-es\/guide\/safari\/sfri11471\/mac\"><span style=\"font-weight: 400;\">soporte de Apple<\/span><\/a><span style=\"font-weight: 400;\"> o la Ayuda del navegador.<\/span><\/li>\n<\/ul>\n<p>&nbsp;<br \/>\n<br \/>\n<b>Actualizaciones y cambios en la Pol\u00edtica de Cookies.<\/b><\/p>\n<p>\n&nbsp;<br \/>\n<br \/>\n<span style=\"font-weight: 400;\">La variaci\u00f3n de las cookies que aparezcan en esta web puede no estar relacionada con la gesti\u00f3n y el mantenimiento de la misma, por lo que se llevan a cabo revisiones peri\u00f3dicas para adecuar la pol\u00edtica de cookies.<\/span><br \/>\n<br \/>\n<span style=\"font-weight: 400;\">El titular de la web no asume ninguna responsabilidad por problemas legales o t\u00e9cnicos causados por el incumplimiento por parte del usuario de las recomendaciones incluidas y no se hace responsable del contenido y veracidad de las pol\u00edticas de privacidad de terceros.<\/span><br \/>\n<br \/>\n<span style=\"font-weight: 400;\">Esta Pol\u00edtica de Cookies podr\u00e1 ser modificada en funci\u00f3n de exigencias legislativas, reglamentarias, o con la finalidad de adaptar dicha pol\u00edtica a las instrucciones dictadas por la Agencia Espa\u00f1ola de Protecci\u00f3n de Datos, por ello se aconseja a los Usuarios que la visiten peri\u00f3dicamente.\u00a0<\/span><br \/>\n<br \/>\n<i><span style=\"font-weight: 400;\">\u00daltima actualizaci\u00f3n: 10 de junio de 2021<\/span><\/i><\/p>\n","protected":false},"excerpt":{"rendered":"<p>USO DE COOKIES\u00a0 Le informamos que en cumplimiento de la normativa vigente en materia de protecci\u00f3n de datos, este sitio web utiliza cookies propias y de terceros.\u00a0 &nbsp; \u00bfQu\u00e9 es una cookie? &nbsp; Una cookie es un fichero que se descarga en el dispositivo del usuario cuando se accede a la p\u00e1gina web, con la [&hellip;]<\/p>\n","protected":false},"author":1,"featured_media":0,"parent":0,"menu_order":0,"comment_status":"closed","ping_status":"closed","template":"tpl-pages\/comunes.php","meta":{"_acf_changed":false,"footnotes":""},"class_list":["post-6717","page","type-page","status-publish","hentry"],"acf":[],"yoast_head":"<!-- This site is optimized with the Yoast SEO plugin v26.7 - https:\/\/yoast.com\/wordpress\/plugins\/seo\/ -->\r\n<title>Pol\u00edtica de Cookies - TechRules<\/title>\r\n<meta name=\"robots\" content=\"index, follow, max-snippet:-1, max-image-preview:large, max-video-preview:-1\" \/>\r\n<link rel=\"canonical\" href=\"https:\/\/www.techrules.com\/cookies-policy\/\" \/>\r\n<meta property=\"og:locale\" content=\"es_ES\" \/>\r\n<meta property=\"og:type\" content=\"article\" \/>\r\n<meta property=\"og:title\" content=\"Pol\u00edtica de Cookies - TechRules\" \/>\r\n<meta property=\"og:description\" content=\"USO DE COOKIES\u00a0 Le informamos que en cumplimiento de la normativa vigente en materia de protecci\u00f3n de datos, este sitio web utiliza cookies propias y de terceros.\u00a0 &nbsp; \u00bfQu\u00e9 es una cookie? &nbsp; Una cookie es un fichero que se descarga en el dispositivo del usuario cuando se accede a la p\u00e1gina web, con la [&hellip;]\" \/>\r\n<meta property=\"og:url\" content=\"https:\/\/www.techrules.com\/cookies-policy\/\" \/>\r\n<meta property=\"og:site_name\" content=\"TechRules\" \/>\r\n<meta property=\"article:modified_time\" content=\"2022-02-28T11:31:20+00:00\" \/>\r\n<meta name=\"twitter:card\" content=\"summary_large_image\" \/>\r\n<meta name=\"twitter:label1\" content=\"Tiempo de lectura\" \/>\n\t<meta name=\"twitter:data1\" content=\"7 minutos\" \/>\r\n<script type=\"application\/ld+json\" class=\"yoast-schema-graph\">{\"@context\":\"https:\/\/schema.org\",\"@graph\":[{\"@type\":\"WebPage\",\"@id\":\"https:\/\/www.techrules.com\/cookies-policy\/\",\"url\":\"https:\/\/www.techrules.com\/cookies-policy\/\",\"name\":\"Pol\u00edtica de Cookies - TechRules\",\"isPartOf\":{\"@id\":\"https:\/\/www.techrules.com\/#website\"},\"datePublished\":\"2020-05-09T11:53:37+00:00\",\"dateModified\":\"2022-02-28T11:31:20+00:00\",\"breadcrumb\":{\"@id\":\"https:\/\/www.techrules.com\/cookies-policy\/#breadcrumb\"},\"inLanguage\":\"es\",\"potentialAction\":[{\"@type\":\"ReadAction\",\"target\":[\"https:\/\/www.techrules.com\/cookies-policy\/\"]}]},{\"@type\":\"BreadcrumbList\",\"@id\":\"https:\/\/www.techrules.com\/cookies-policy\/#breadcrumb\",\"itemListElement\":[{\"@type\":\"ListItem\",\"position\":1,\"name\":\"Home\",\"item\":\"https:\/\/www.techrules.com\/es\/\"},{\"@type\":\"ListItem\",\"position\":2,\"name\":\"Pol\u00edtica de Cookies\"}]},{\"@type\":\"WebSite\",\"@id\":\"https:\/\/www.techrules.com\/#website\",\"url\":\"https:\/\/www.techrules.com\/\",\"name\":\"TechRules\",\"description\":\"Wealth Management Solutions | TechRules\",\"potentialAction\":[{\"@type\":\"SearchAction\",\"target\":{\"@type\":\"EntryPoint\",\"urlTemplate\":\"https:\/\/www.techrules.com\/?s={search_term_string}\"},\"query-input\":{\"@type\":\"PropertyValueSpecification\",\"valueRequired\":true,\"valueName\":\"search_term_string\"}}],\"inLanguage\":\"es\"}]}<\/script>\r\n<!-- \/ Yoast SEO plugin. -->","yoast_head_json":{"title":"Pol\u00edtica de Cookies - TechRules","robots":{"index":"index","follow":"follow","max-snippet":"max-snippet:-1","max-image-preview":"max-image-preview:large","max-video-preview":"max-video-preview:-1"},"canonical":"https:\/\/www.techrules.com\/cookies-policy\/","og_locale":"es_ES","og_type":"article","og_title":"Pol\u00edtica de Cookies - TechRules","og_description":"USO DE COOKIES\u00a0 Le informamos que en cumplimiento de la normativa vigente en materia de protecci\u00f3n de datos, este sitio web utiliza cookies propias y de terceros.\u00a0 &nbsp; \u00bfQu\u00e9 es una cookie? &nbsp; Una cookie es un fichero que se descarga en el dispositivo del usuario cuando se accede a la p\u00e1gina web, con la [&hellip;]","og_url":"https:\/\/www.techrules.com\/cookies-policy\/","og_site_name":"TechRules","article_modified_time":"2022-02-28T11:31:20+00:00","twitter_card":"summary_large_image","twitter_misc":{"Tiempo de lectura":"7 minutos"},"schema":{"@context":"https:\/\/schema.org","@graph":[{"@type":"WebPage","@id":"https:\/\/www.techrules.com\/cookies-policy\/","url":"https:\/\/www.techrules.com\/cookies-policy\/","name":"Pol\u00edtica de Cookies - TechRules","isPartOf":{"@id":"https:\/\/www.techrules.com\/#website"},"datePublished":"2020-05-09T11:53:37+00:00","dateModified":"2022-02-28T11:31:20+00:00","breadcrumb":{"@id":"https:\/\/www.techrules.com\/cookies-policy\/#breadcrumb"},"inLanguage":"es","potentialAction":[{"@type":"ReadAction","target":["https:\/\/www.techrules.com\/cookies-policy\/"]}]},{"@type":"BreadcrumbList","@id":"https:\/\/www.techrules.com\/cookies-policy\/#breadcrumb","itemListElement":[{"@type":"ListItem","position":1,"name":"Home","item":"https:\/\/www.techrules.com\/es\/"},{"@type":"ListItem","position":2,"name":"Pol\u00edtica de Cookies"}]},{"@type":"WebSite","@id":"https:\/\/www.techrules.com\/#website","url":"https:\/\/www.techrules.com\/","name":"TechRules","description":"Wealth Management Solutions | TechRules","potentialAction":[{"@type":"SearchAction","target":{"@type":"EntryPoint","urlTemplate":"https:\/\/www.techrules.com\/?s={search_term_string}"},"query-input":{"@type":"PropertyValueSpecification","valueRequired":true,"valueName":"search_term_string"}}],"inLanguage":"es"}]}},"_links":{"self":[{"href":"https:\/\/www.techrules.com\/es\/wp-json\/wp\/v2\/pages\/6717","targetHints":{"allow":["GET"]}}],"collection":[{"href":"https:\/\/www.techrules.com\/es\/wp-json\/wp\/v2\/pages"}],"about":[{"href":"https:\/\/www.techrules.com\/es\/wp-json\/wp\/v2\/types\/page"}],"author":[{"embeddable":true,"href":"https:\/\/www.techrules.com\/es\/wp-json\/wp\/v2\/users\/1"}],"replies":[{"embeddable":true,"href":"https:\/\/www.techrules.com\/es\/wp-json\/wp\/v2\/comments?post=6717"}],"version-history":[{"count":14,"href":"https:\/\/www.techrules.com\/es\/wp-json\/wp\/v2\/pages\/6717\/revisions"}],"predecessor-version":[{"id":8780,"href":"https:\/\/www.techrules.com\/es\/wp-json\/wp\/v2\/pages\/6717\/revisions\/8780"}],"wp:attachment":[{"href":"https:\/\/www.techrules.com\/es\/wp-json\/wp\/v2\/media?parent=6717"}],"curies":[{"name":"wp","href":"https:\/\/api.w.org\/{rel}","templated":true}]}}