{"id":6377,"date":"2020-04-22T17:30:52","date_gmt":"2020-04-22T17:30:52","guid":{"rendered":"https:\/\/demo9.scopica.es\/terms-and-conditions\/"},"modified":"2020-05-09T10:50:01","modified_gmt":"2020-05-09T10:50:01","slug":"condiciones-de-uso","status":"publish","type":"page","link":"https:\/\/www.techrules.com\/es\/condiciones-de-uso\/","title":{"rendered":"Condiciones de uso"},"content":{"rendered":"<h2>Condiciones generales de uso<\/h2>\n<p>&nbsp;<\/p>\n<p><strong>Sitio Web oficial de TechRules, S.A.<\/strong><\/p>\n<p>&nbsp;<\/p>\n<p>Las presentes condiciones generales de uso <strong>(\u201cCondiciones Generales de Uso\u201d)<\/strong> regulan el uso del sitio web www.techrules.com <strong>(\u201cSitio Web\u201d)<\/strong> de TechRules, S.A. <strong>(\u201cTechRules\u201d)<\/strong>, con domicilio social en Pozuelo de Alarc\u00f3n (Madrid)-28223, C\/ Virgilio n\u00ba 2 Edificio 2, 2\u00aa Planta y C.I.F. A-82682352, e inscripci\u00f3n en el Registro Mercantil de Madrid, Tomo 15.222, Folio 221, Secci\u00f3n 8\u00aa, Hoja n\u00famero M-254817<\/p>\n<p>&nbsp;<\/p>\n<p>El presente Sitio Web se dirige exclusivamente a residentes espa\u00f1oles. Los usuarios residentes o que se encuentren domiciliados en cualquier otra jurisdicci\u00f3n y que decidan acceder y\/o utilizar este Sitio Web lo har\u00e1n bajo su responsabilidad y riesgo y deber\u00e1n asegurarse de que tal acceso y\/o utilizaci\u00f3n cumple con la legislaci\u00f3n local aplicable.<\/p>\n<p>&nbsp;<\/p>\n<p>Igualmente, el acceso al presente Sitio Web est\u00e1 restringido a mayores de 18 a\u00f1os. TechRules se reserva el derecho a verificar por los medios que considere m\u00e1s oportunos la edad real de las personas que acceden al presente Sitio Web.<\/p>\n<p>&nbsp;<\/p>\n<p>El acceso al Sitio Web de TechRules, a la informaci\u00f3n que contiene y a los servicios ofrecidos comporta la aceptaci\u00f3n de las Condiciones Generales de Uso que est\u00e9n vigentes en el momento de dicho acceso. Por ello, recomendamos leer atentamente las Condiciones Generales de Uso antes de acceder y hacer uso de la informaci\u00f3n y\/o los servicios ofrecidos en el Sitio Web y consultarlas de forma peri\u00f3dica.<\/p>\n<p>&nbsp;<\/p>\n<p>TechRules ofrece en su Sitio Web informaci\u00f3n relacionada con el tipo de actividad, productos y servicios que realiza.<\/p>\n<p>&nbsp;<\/p>\n<p>\u2013 La informaci\u00f3n facilitada por TechRules debe ser considerada por el usuario a efectos meramente informativos, sin que pueda estimarse como elemento determinante para la toma de decisiones, declinando TechRules toda responsabilidad por el uso que el Usuario pueda darle a dicha informaci\u00f3n.<\/p>\n<p>&nbsp;<\/p>\n<p>\u2013 TechRules excluye expresamente cualquier da\u00f1o y responsabilidad que pudiera derivarse de la veracidad, integridad, legalidad o actualizaci\u00f3n de la informaci\u00f3n que no sea de elaboraci\u00f3n propia y\/o donde se indique otra fuente. TechRules ha obtenido parte de la informaci\u00f3n incluida en el Sitio Web de fuentes consideradas fiables, pero, si bien se han tomado medidas razonables para asegurarse que la informaci\u00f3n contenida sea correcta, TechRules no garantiza que sea exacta, completa, o actualizada y, consecuentemente, no debe emplearse como si lo fuera. TechRules declina expresamente cualquier responsabilidad por error u omisi\u00f3n de la informaci\u00f3n contenida en el Sitio Web.<\/p>\n<p>&nbsp;<\/p>\n<p>\u2013 TechRules revisa previamente el contenido de los sitios Web a los que se acceda mediante enlaces o v\u00ednculos desde www.techrules.com y \u00fanicamente facilita enlaces a aquellos sitios Web que, a su leal saber y entender, cumplen con la legislaci\u00f3n aplicable. No obstante lo anterior, TechRules excluye expresamente cualquier da\u00f1o y responsabilidad que pudiera derivarse de la veracidad, integridad, legalidad o actualizaci\u00f3n de las informaciones contenidas en otros sitios Web, ni aprueba ni controla los contenidos de los mismos, pues son facilitados al usuario como fuentes alternativas de informaci\u00f3n, que se regir\u00e1n por los t\u00e9rminos y condiciones de utilizaci\u00f3n que a tal efecto resulten exigibles por los titulares de dichos sitios Web, por lo que TechRules no asume responsabilidad alguna en cuanto a hipot\u00e9ticos perjuicios que pudieran originarse por el uso de las citadas informaciones. Sin perjuicio de lo anterior, TechRules recomienda a los usuarios consultar los t\u00e9rminos y condiciones de uso y las pol\u00edticas de privacidad de los sitios Web de terceros a los que accedan a trav\u00e9s de enlaces incluidos en el Sitio Web. En ning\u00fan caso, los mencionados enlaces ser\u00e1n considerados como sugerencia, invitaci\u00f3n, recomendaci\u00f3n, patrocinio o distribuci\u00f3n por parte de TechRules de la informaci\u00f3n, productos y\/o servicios, o, en general, contenidos de titularidad de terceros, ofrecidos por \u00e9stos o en cualquier forma por los mismos divulgados, ni como una asociaci\u00f3n de ninguna clase entre TechRules y el titular del sitio Web al que se enlaza. Cualquier uso de un v\u00ednculo o acceso a un sitio Web no propia es realizado por voluntad y riesgo exclusivo del usuario. Sin limitar la generalidad de lo anterior, TechRules (i) se reserva el derecho a eliminar los enlaces a cualquier sitio Web, y en todo caso siempre que tenga conocimiento efectivo de que las actividades desarrolladas en dicho sitio Web o los contenidos de la misma son ilegales o infringen derechos de terceros cuando sea requerido para ello en virtud de una resoluci\u00f3n judicial o una orden administrativa, y (ii) excluye expresamente toda responsabilidad por cualquier da\u00f1o que pudiera derivarse del acceso, uso o imposibilidad de uso, por parte de los usuarios, de cualquier sitio Web con el que se haya establecido un enlace o del contenido del mismo.<\/p>\n<p>&nbsp;<\/p>\n<p>\u2013 TechRules no asume responsabilidad alguna con relaci\u00f3n a la informaci\u00f3n, contenidos de todo tipo, productos y servicios ofertados o prestados a trav\u00e9s del Sitio Web por terceras personas o entidades, aunque pertenezcan a su mismo Grupo empresarial, y en especial por los da\u00f1os y perjuicios de cualquier tipo que vinculados a lo anterior puedan producirse por: (i) ausencia o deficiencias en la informaci\u00f3n facilitada a los usuarios o en su veracidad, exactitud y suficiencia; (ii) incumplimiento o cumplimiento defectuoso o impuntual de los contratos o relaciones precontractuales; (iii) incumplimiento de las obligaciones que incumben a los prestadores de servicios de la sociedad de la informaci\u00f3n; (iv) infracci\u00f3n de los derechos de los consumidores y usuarios; (v) infracci\u00f3n de los derechos de propiedad intelectual e industrial;(vi) realizaci\u00f3n de actos de competencia desleal o de publicidad il\u00edcita; (vii) infracci\u00f3n del derecho de protecci\u00f3n de datos; del secreto profesional y de los derechos al honor, a la intimidad personal y familiar, y a la imagen de las personas; y (viii) en general el incumplimiento de cualesquiera leyes, costumbres o c\u00f3digos de conducta que resulten de aplicaci\u00f3n.<\/p>\n<p>&nbsp;<\/p>\n<p>\u2013 TechRules se reserva el derecho a actualizar, modificar o eliminar la informaci\u00f3n contenida en el Sitio Web, pudiendo incluso limitar o no permitir el acceso a dicha informaci\u00f3n, sin previo aviso. Especialmente, TechRules se reserva el derecho a eliminar, limitar o no permitir el acceso a su Sitio Web cuando surjan dificultades t\u00e9cnicas por hechos o circunstancias ajenos a TechRules que, a su criterio, disminuyan o anulen los niveles de seguridad est\u00e1ndares adoptados para el adecuado funcionamiento de dicho Sitio Web.<\/p>\n<p>&nbsp;<\/p>\n<p>\u2013 En ning\u00fan caso, TechRules y\/o sus administradores, empleados y personal autorizado ser\u00e1n responsables de cualquier tipo de perjuicio, p\u00e9rdidas, reclamaciones o gastos de ning\u00fan tipo, tanto si proceden como si no del uso del Sitio Web, de la informaci\u00f3n adquirida o accedida por o a trav\u00e9s de \u00e9ste, de virus inform\u00e1ticos (sin perjuicio de que TechRules emplea sistemas antivirus acordes con los est\u00e1ndares de la industria), de fallos operativos o de interrupciones en el servicio o transmisi\u00f3n, o fallos en la l\u00ednea; el uso del Sitio Web, tanto por conexi\u00f3n directa como por v\u00ednculo u otro medio, constituye un aviso a cualquier usuario de que estas posibilidades pueden ocurrir.<\/p>\n<p>&nbsp;<\/p>\n<p><strong>CONTRASE\u00d1AS<\/strong><\/p>\n<p>&nbsp;<\/p>\n<p>El acceso y uso de las \u00e1reas de acceso restringido del Sitio Web, en su caso, realizados bajo la contrase\u00f1a elegida por el usuario al registrarse en el Sitio Web conforme a los procedimientos indicados por TechRules se reputar\u00e1n realizados por dicho usuario, quien responder\u00e1 en todo caso de tal acceso y uso. El usuario ser\u00e1 responsable en todo momento de la custodia de su contrase\u00f1a, asumiendo, en consecuencia, cualesquiera da\u00f1os y perjuicios que pudieran derivarse de su uso indebido, as\u00ed como de la cesi\u00f3n, revelaci\u00f3n o extrav\u00edo de la misma.<\/p>\n<p>&nbsp;<\/p>\n<p>En caso de olvido de la contrase\u00f1a o cualquier otra circunstancia que suponga un riesgo de acceso y\/o utilizaci\u00f3n por parte de terceros no autorizados, el usuario lo comunicar\u00e1 inmediatamente a TechRules a fin de que \u00e9ste proceda inmediatamente al bloqueo y sustituci\u00f3n de la misma. En todo caso, cualesquiera operaciones realizadas antes de dicha comunicaci\u00f3n se reputar\u00e1n efectuadas por el usuario, quien ser\u00e1 responsable y pagar\u00e1 los gastos y\/o da\u00f1os que se deriven de cualquier acceso y\/o uso no autorizado que se realice con anterioridad a dicha comunicaci\u00f3n.<\/p>\n<p>&nbsp;<\/p>\n<p><strong>USO DE COOKIES<\/strong><\/p>\n<p>&nbsp;<\/p>\n<p>El presente Sitio Web recoge informaci\u00f3n estad\u00edstica relativa al usuario mediante el almacenamiento de una \u201ccookie\u201d (\u201cCookie\u201d) en el disco duro del visitante. La citada informaci\u00f3n en modo alguno identifica directamente, ni es susceptible de identificar directamente al usuario. No obstante lo anterior, en conjunci\u00f3n con los datos personales facilitados en el proceso de registro, las Cookies podr\u00edan conllevar la identificaci\u00f3n directa del usuario. La informaci\u00f3n recogida se utilizar\u00e1 por TechRules para adquirir mayor conocimiento sobre la actividad de los visitantes del Sitio Web, en aras de mejorar el mismo y aumentar la efectividad de su presencia on-line.<\/p>\n<p>&nbsp;<\/p>\n<p>El usuario tiene la opci\u00f3n de impedir la generaci\u00f3n de Cookies mediante la selecci\u00f3n de la correspondiente opci\u00f3n en su programa navegador, si bien, la desactivaci\u00f3n de las mismas puede impedir el buen funcionamiento del Sitio Web.<\/p>\n<p>&nbsp;<\/p>\n<p>Asimismo, el Sitio Web puede incluir Cookies de terceros proveedores de servicios y\/o contenidos. TechRules no controla la introducci\u00f3n de tales Cookies y en consecuencia no ser\u00e1 en ning\u00fan caso responsable por cualesquiera actividades de tratamiento llevadas a cabo por dichos terceros en relaci\u00f3n con los datos recogidos a trav\u00e9s de las Cookies introducidos por los mismos en el Sitio Web.<\/p>\n<p>&nbsp;<\/p>\n<p><strong>INFORMACI\u00d3N FINANCIERA Y BURSATIL<\/strong><\/p>\n<p>&nbsp;<\/p>\n<p>El Sitio Web no proporciona asesoramiento personalizado en materia de inversi\u00f3n, ni asesoramiento legal, fiscal, ni de otra clase, y nada de lo que en \u00e9l se incluye debe ser tomado como base para realizar inversiones o tomar decisiones. Asimismo, la informaci\u00f3n contenida en el Sitio Web se publica para su utilizaci\u00f3n general y no tiene en cuenta objetivos espec\u00edficos de inversi\u00f3n, situaci\u00f3n financiera o necesidades particulares de cualquier persona. Antes de decidir sobre cualquier inversi\u00f3n, usted deber\u00eda obtener el asesoramiento profesional adecuado y espec\u00edfico. El valor de las inversiones puede subir o bajar, en parte o en su totalidad. Igualmente, el anuncio de rentabilidades pasadas, no constituye promesa o garant\u00eda de rentabilidades futuras.<\/p>\n<p>&nbsp;<\/p>\n<p>Los contenidos de este Sitio Web tienen \u00fanicamente finalidad informativa y bajo ninguna circunstancia deben usarse ni considerarse como oferta de venta, solicitud de una oferta de compra ni recomendaci\u00f3n para realizar cualquier otra transacci\u00f3n.\n<\/p>\n<p>&nbsp;<\/p>\n<p><strong>PROPIEDAD INDUSTRIAL E INTELECTUAL<\/strong><\/p>\n<p>&nbsp;<\/p>\n<p>Este Sitio Web es propiedad de TechRules. Los derechos de propiedad intelectual e industrial (incluyendo, sin car\u00e1cter limitativo, los derechos de reproducci\u00f3n, comunicaci\u00f3n p\u00fablica, distribuci\u00f3n, transformaci\u00f3n y cualesquiera otros derechos de explotaci\u00f3n) de este Sitio Web, de sus p\u00e1ginas, pantallas, la informaci\u00f3n que contiene, su apariencia y dise\u00f1o, textos, im\u00e1genes, gr\u00e1ficos, sonidos, bases de datos, software, diagramas de flujo, presentaci\u00f3n, audio y v\u00eddeo, son propiedad exclusiva de TechRules, salvo que se especifique otra cosa. Todas las denominaciones, dise\u00f1os y\/o logotipos que componen este Sitio Web son marca debidamente registradas y\/o protegidas. Cualquier uso de cualesquiera de los elementos anteriores por persona diferente de su leg\u00edtimo titular podr\u00e1 ser perseguido de conformidad con la legislaci\u00f3n vigente. Los derechos de propiedad intelectual y marcas de terceros est\u00e1n destacados convenientemente y deben ser respetados por todo aquel que acceda al Sitio Web. Solo para uso personal, privado y no lucrativo se permite descargar los contenidos, copiar o imprimir cualquier p\u00e1gina de este Sitio Web, siempre que se indique el origen y\/o autor de los mismos y que, en su caso, aparezca el s\u00edmbolo del copyright y\/o marcas registradas de sus titulares. Queda prohibido reproducir, transmitir, modificar o suprimir la informaci\u00f3n, contenido o advertencias de este Sitio Web sin la previa autorizaci\u00f3n por escrito de TechRules.<\/p>\n<p>&nbsp;<\/p>\n<p><strong>USO CORRECTO DEL SITIO WEB<\/strong><\/p>\n<p>&nbsp;<\/p>\n<p>El usuario se compromete a utilizar este Sitio Web de conformidad con la ley, la moral y buenas costumbres generalmente aceptadas y el orden p\u00fablico, as\u00ed como a abstenerse de utilizar este Sitio Web con fines o efectos il\u00edcitos, prohibidos en la presentes Condiciones Generales de Uso, lesivos de los derechos e intereses de terceros, o que de cualquier forma puedan da\u00f1ar, inutilizar, sobrecargar o deteriorar este Sitio Web, los equipos inform\u00e1ticos de otros usuarios de Internet (hardware y software) as\u00ed como los documentos, archivos y toda clase de contenidos almacenados en sus equipos inform\u00e1ticos (hacking), o impedir la normal utilizaci\u00f3n o disfrute del presente Sitio Web y\/o, equipos inform\u00e1ticos y documentos, archivos y contenidos por parte de otros usuarios de Internet.<\/p>\n<p>&nbsp;<\/p>\n<p><strong>VALIDEZ DE LA INFORMACI\u00d3N<\/strong><\/p>\n<p>&nbsp;<\/p>\n<p>La informaci\u00f3n contenida en este Sitio Web es la vigente en la fecha de su \u00faltima actualizaci\u00f3n.<\/p>\n<p>Las presentes Condiciones Generales de Uso son las vigentes desde la fecha de su \u00faltima actualizaci\u00f3n. TechRules, se reserva el derecho a modificarlas en cualquier momento, en cuyo caso entrar\u00e1n en vigor desde su publicaci\u00f3n y ser\u00e1n aplicables a todos los usuarios del Sitio Web desde esa fecha.<\/p>\n<p>&nbsp;<\/p>\n<p>Los contenidos del Sitio Web, en especial las referencias informativas y publicitarias, salvo que expresamente se indique lo contrario, no constituyen una oferta vinculante. TechRules se reserva el derecho a introducir modificaciones u omitir parcial o totalmente los actuales contenidos de Sitio Web de TechRules cuando lo considere oportuno, as\u00ed como impedir o restringir el acceso al mismo de forma temporal o permanente.<\/p><\/p>\n","protected":false},"excerpt":{"rendered":"<p>Condiciones generales de uso &nbsp; Sitio Web oficial de TechRules, S.A. &nbsp; Las presentes condiciones generales de uso (\u201cCondiciones Generales de Uso\u201d) regulan el uso del sitio web www.techrules.com (\u201cSitio Web\u201d) de TechRules, S.A. (\u201cTechRules\u201d), con domicilio social en Pozuelo de Alarc\u00f3n (Madrid)-28223, C\/ Virgilio n\u00ba 2 Edificio 2, 2\u00aa Planta y C.I.F. A-82682352, e [&hellip;]<\/p>\n","protected":false},"author":1,"featured_media":0,"parent":0,"menu_order":0,"comment_status":"closed","ping_status":"closed","template":"tpl-pages\/comunes.php","meta":{"_acf_changed":false,"footnotes":""},"class_list":["post-6377","page","type-page","status-publish","hentry"],"acf":[],"yoast_head":"<!-- This site is optimized with the Yoast SEO plugin v26.7 - https:\/\/yoast.com\/wordpress\/plugins\/seo\/ -->\r\n<title>Condiciones de uso - TechRules<\/title>\r\n<meta name=\"robots\" content=\"index, follow, max-snippet:-1, max-image-preview:large, max-video-preview:-1\" \/>\r\n<link rel=\"canonical\" href=\"https:\/\/www.techrules.com\/terms-and-conditions\/\" \/>\r\n<meta property=\"og:locale\" content=\"es_ES\" \/>\r\n<meta property=\"og:type\" content=\"article\" \/>\r\n<meta property=\"og:title\" content=\"Condiciones de uso - TechRules\" \/>\r\n<meta property=\"og:description\" content=\"Condiciones generales de uso &nbsp; Sitio Web oficial de TechRules, S.A. &nbsp; Las presentes condiciones generales de uso (\u201cCondiciones Generales de Uso\u201d) regulan el uso del sitio web www.techrules.com (\u201cSitio Web\u201d) de TechRules, S.A. (\u201cTechRules\u201d), con domicilio social en Pozuelo de Alarc\u00f3n (Madrid)-28223, C\/ Virgilio n\u00ba 2 Edificio 2, 2\u00aa Planta y C.I.F. A-82682352, e [&hellip;]\" \/>\r\n<meta property=\"og:url\" content=\"https:\/\/www.techrules.com\/terms-and-conditions\/\" \/>\r\n<meta property=\"og:site_name\" content=\"TechRules\" \/>\r\n<meta property=\"article:modified_time\" content=\"2020-05-09T10:50:01+00:00\" \/>\r\n<meta name=\"twitter:card\" content=\"summary_large_image\" \/>\r\n<meta name=\"twitter:label1\" content=\"Tiempo de lectura\" \/>\n\t<meta name=\"twitter:data1\" content=\"12 minutos\" \/>\r\n<script type=\"application\/ld+json\" class=\"yoast-schema-graph\">{\"@context\":\"https:\/\/schema.org\",\"@graph\":[{\"@type\":\"WebPage\",\"@id\":\"https:\/\/www.techrules.com\/terms-and-conditions\/\",\"url\":\"https:\/\/www.techrules.com\/terms-and-conditions\/\",\"name\":\"Condiciones de uso - TechRules\",\"isPartOf\":{\"@id\":\"https:\/\/www.techrules.com\/#website\"},\"datePublished\":\"2020-04-22T17:30:52+00:00\",\"dateModified\":\"2020-05-09T10:50:01+00:00\",\"breadcrumb\":{\"@id\":\"https:\/\/www.techrules.com\/terms-and-conditions\/#breadcrumb\"},\"inLanguage\":\"es\",\"potentialAction\":[{\"@type\":\"ReadAction\",\"target\":[\"https:\/\/www.techrules.com\/terms-and-conditions\/\"]}]},{\"@type\":\"BreadcrumbList\",\"@id\":\"https:\/\/www.techrules.com\/terms-and-conditions\/#breadcrumb\",\"itemListElement\":[{\"@type\":\"ListItem\",\"position\":1,\"name\":\"Home\",\"item\":\"https:\/\/www.techrules.com\/es\/\"},{\"@type\":\"ListItem\",\"position\":2,\"name\":\"Condiciones de uso\"}]},{\"@type\":\"WebSite\",\"@id\":\"https:\/\/www.techrules.com\/#website\",\"url\":\"https:\/\/www.techrules.com\/\",\"name\":\"TechRules\",\"description\":\"Wealth Management Solutions | TechRules\",\"potentialAction\":[{\"@type\":\"SearchAction\",\"target\":{\"@type\":\"EntryPoint\",\"urlTemplate\":\"https:\/\/www.techrules.com\/?s={search_term_string}\"},\"query-input\":{\"@type\":\"PropertyValueSpecification\",\"valueRequired\":true,\"valueName\":\"search_term_string\"}}],\"inLanguage\":\"es\"}]}<\/script>\r\n<!-- \/ Yoast SEO plugin. -->","yoast_head_json":{"title":"Condiciones de uso - TechRules","robots":{"index":"index","follow":"follow","max-snippet":"max-snippet:-1","max-image-preview":"max-image-preview:large","max-video-preview":"max-video-preview:-1"},"canonical":"https:\/\/www.techrules.com\/terms-and-conditions\/","og_locale":"es_ES","og_type":"article","og_title":"Condiciones de uso - TechRules","og_description":"Condiciones generales de uso &nbsp; Sitio Web oficial de TechRules, S.A. &nbsp; Las presentes condiciones generales de uso (\u201cCondiciones Generales de Uso\u201d) regulan el uso del sitio web www.techrules.com (\u201cSitio Web\u201d) de TechRules, S.A. (\u201cTechRules\u201d), con domicilio social en Pozuelo de Alarc\u00f3n (Madrid)-28223, C\/ Virgilio n\u00ba 2 Edificio 2, 2\u00aa Planta y C.I.F. A-82682352, e [&hellip;]","og_url":"https:\/\/www.techrules.com\/terms-and-conditions\/","og_site_name":"TechRules","article_modified_time":"2020-05-09T10:50:01+00:00","twitter_card":"summary_large_image","twitter_misc":{"Tiempo de lectura":"12 minutos"},"schema":{"@context":"https:\/\/schema.org","@graph":[{"@type":"WebPage","@id":"https:\/\/www.techrules.com\/terms-and-conditions\/","url":"https:\/\/www.techrules.com\/terms-and-conditions\/","name":"Condiciones de uso - TechRules","isPartOf":{"@id":"https:\/\/www.techrules.com\/#website"},"datePublished":"2020-04-22T17:30:52+00:00","dateModified":"2020-05-09T10:50:01+00:00","breadcrumb":{"@id":"https:\/\/www.techrules.com\/terms-and-conditions\/#breadcrumb"},"inLanguage":"es","potentialAction":[{"@type":"ReadAction","target":["https:\/\/www.techrules.com\/terms-and-conditions\/"]}]},{"@type":"BreadcrumbList","@id":"https:\/\/www.techrules.com\/terms-and-conditions\/#breadcrumb","itemListElement":[{"@type":"ListItem","position":1,"name":"Home","item":"https:\/\/www.techrules.com\/es\/"},{"@type":"ListItem","position":2,"name":"Condiciones de uso"}]},{"@type":"WebSite","@id":"https:\/\/www.techrules.com\/#website","url":"https:\/\/www.techrules.com\/","name":"TechRules","description":"Wealth Management Solutions | TechRules","potentialAction":[{"@type":"SearchAction","target":{"@type":"EntryPoint","urlTemplate":"https:\/\/www.techrules.com\/?s={search_term_string}"},"query-input":{"@type":"PropertyValueSpecification","valueRequired":true,"valueName":"search_term_string"}}],"inLanguage":"es"}]}},"_links":{"self":[{"href":"https:\/\/www.techrules.com\/es\/wp-json\/wp\/v2\/pages\/6377","targetHints":{"allow":["GET"]}}],"collection":[{"href":"https:\/\/www.techrules.com\/es\/wp-json\/wp\/v2\/pages"}],"about":[{"href":"https:\/\/www.techrules.com\/es\/wp-json\/wp\/v2\/types\/page"}],"author":[{"embeddable":true,"href":"https:\/\/www.techrules.com\/es\/wp-json\/wp\/v2\/users\/1"}],"replies":[{"embeddable":true,"href":"https:\/\/www.techrules.com\/es\/wp-json\/wp\/v2\/comments?post=6377"}],"version-history":[{"count":4,"href":"https:\/\/www.techrules.com\/es\/wp-json\/wp\/v2\/pages\/6377\/revisions"}],"predecessor-version":[{"id":6710,"href":"https:\/\/www.techrules.com\/es\/wp-json\/wp\/v2\/pages\/6377\/revisions\/6710"}],"wp:attachment":[{"href":"https:\/\/www.techrules.com\/es\/wp-json\/wp\/v2\/media?parent=6377"}],"curies":[{"name":"wp","href":"https:\/\/api.w.org\/{rel}","templated":true}]}}