{"id":6373,"date":"2020-03-17T14:57:51","date_gmt":"2020-03-17T14:57:51","guid":{"rendered":"https:\/\/demo9.scopica.es\/legal\/"},"modified":"2020-05-09T10:35:46","modified_gmt":"2020-05-09T10:35:46","slug":"legal","status":"publish","type":"page","link":"https:\/\/www.techrules.com\/es\/legal\/","title":{"rendered":"Aviso legal"},"content":{"rendered":"<div class=\"wpb_wrapper\">\n<p>La presente secci\u00f3n legal regula el uso del sitio web www.techrules.com de TechRules, S.A. , con domicilio social en Pozuelo de Alarcon (Madrid)-28223, C\/ Virgilio, 2, Edificio 2, 2\u00aa Planta, y C.I.F. A-82682352, e inscripci\u00f3n en el Registro Mercantil de Madrid, Tomo 15.222, Folio 221, Secci\u00f3n 8\u00aa, Hoja n\u00famero M-254817. Para cualquier informaci\u00f3n puede escribir a cescudero@techrules.com o llamar al tel\u00e9fono +34 913 573 900.<\/p>\n<p>La utilizaci\u00f3n de la P\u00e1gina requiere la aceptaci\u00f3n del usuario de todas y cada una de las cl\u00e1usulas que se indican en el presente Aviso Legal, as\u00ed como cada una de las advertencias o cl\u00e1usulas espec\u00edficas que se establezcan para la contrataci\u00f3n de determinados servicios, productos o uso de zonas de la P\u00e1gina. <\/p>\n<p>&nbsp;<\/p>\n<p>En caso de no aceptar las cl\u00e1usulas establecidas en el presente Aviso Legal, el usuario deber\u00e1 abstenerse de acceder y\/o utilizar los servicios y\/o contenidos puestos a su disposici\u00f3n en la P\u00e1gina.<\/p>\n<p>&nbsp;<\/p>\n<p><strong>USO DE LA P\u00c1GINA<\/strong><\/p>\n<p>&nbsp;<\/p>\n<p>El usuario se obliga a no utilizar la P\u00e1gina para la realizaci\u00f3n de actividades contrarias a las leyes, a la moral, al orden p\u00fablico y, en general, a hacer un uso conforme a las condiciones establecidas en el presente Aviso Legal. Asimismo, se obliga a no realizar actividades publicitarias o de explotaci\u00f3n comercial remitiendo mensajes que utilicen una identidad falsa. <\/p>\n<p>&nbsp;<\/p>\n<p>TechRules act\u00faa exclusivamente como responsable de la P\u00e1gina en su condici\u00f3n de prestador de un servicio de informaci\u00f3n sobre sus propios servicios, no haci\u00e9ndose responsable de los contenidos que, en contravenci\u00f3n al presente aviso, los usuarios pudieran enviar o publicar, siendo el usuario el \u00fanico responsable de la veracidad y licitud de los mismos. <\/p>\n<p>&nbsp;<\/p>\n<p>TechRules podr\u00e1 interrumpir el servicio de la P\u00e1gina que est\u00e9 siendo utilizado por el usuario y resolver de modo inmediato la relaci\u00f3n con el usuario si detecta un uso de la P\u00e1gina o de cualquiera de los servicios que en el mismo se ofertan que pueda considerar contrario a lo expresado en el presente Aviso Legal.<\/p>\n<p>&nbsp;<\/p>\n<p><strong>PROPIEDAD INTELECTUAL E INDUSTRIAL<\/strong><\/p>\n<p>&nbsp;<\/p>\n<p>La totalidad de esta P\u00e1gina: texto, im\u00e1genes, marcas, gr\u00e1ficos, logotipos, botones, archivos de software, combinaciones de colores, as\u00ed como la estructura, selecci\u00f3n, ordenaci\u00f3n y presentaci\u00f3n de sus contenidos, se encuentra protegida por las leyes sobre Propiedad Intelectual e Industrial, quedando prohibida su reproducci\u00f3n, distribuci\u00f3n, comunicaci\u00f3n p\u00fablica y transformaci\u00f3n, salvo para uso personal y privado. <\/p>\n<p>&nbsp;<\/p>\n<p>TechRules no garantiza que los contenidos sean precisos o libres de error o que el libre uso de los mismos por el usuario no infrinja los derechos de terceras partes. El buen o mal uso de esta p\u00e1gina y de sus contenidos est\u00e1 bajo la responsabilidad del usuario. <\/p>\n<p>&nbsp;<\/p>\n<p>Asimismo, queda prohibida la reproducci\u00f3n, retransmisi\u00f3n, copia, cesi\u00f3n o redifusi\u00f3n, total o parcial, de la informaci\u00f3n contenida en la P\u00e1gina, cualquiera que fuera su finalidad y el medio utilizado para ello, sin autorizaci\u00f3n previa de TechRules.<\/p>\n<p>&nbsp;<\/p>\n<p><strong>ENLACES O LINKS<\/strong><\/p>\n<p>&nbsp;<\/p>\n<p>La P\u00e1gina puede incluir enlaces o links a sitios de terceros. Las p\u00e1ginas pertenecientes a terceros no han sido revisadas ni son objeto de controles por parte de TechRules que no podr\u00e1 ser considerada responsable de los contenidos de estos sitios web ni de las medidas que se adopten relativas a su privacidad o al tratamiento de sus datos de car\u00e1cter personal. <\/p>\n<p>&nbsp;<\/p>\n<p>TechRules recomienda la lectura detenida de las condiciones de uso y la pol\u00edtica de privacidad de estos sitios. <\/p>\n<p>&nbsp;<\/p>\n<p>En caso de estar interesado en activar un enlace a alguna de las p\u00e1ginas de TechRules deber\u00e1 comunicarlo, obteniendo el consentimiento expreso para crear el enlace. TechRules se reserva el derecho de oposici\u00f3n a la activaci\u00f3n de enlaces con su sitio web. <\/p>\n<p>&nbsp;<\/p>\n<p><strong>MENORES DE EDAD<\/strong><\/p>\n<p>&nbsp;<\/p>\n<p>TechRules recuerda a los usuarios mayores de edad, que tengan a su cargo menores, que ser\u00e1 de su exclusiva responsabilidad determinar qu\u00e9 servicios y\/o contenidos son no apropiados para la edad de estos \u00faltimos.<br \/>\nTechRules les informa que existen programas inform\u00e1ticos que permiten filtrar y bloquear el acceso a determinados contenidos y servicios, de tal forma que se pueda decidir cu\u00e1les son los contenidos y servicios de Internet a los que los menores pueden tener acceso y a cu\u00e1les no.\n<\/p>\n<p>&nbsp;<\/p>\n<p><strong>RESPONSABILIDADES<\/strong><\/p>\n<p>&nbsp;<\/p>\n<p>TechRules no ser\u00e1 responsable directa ni subsidiariamente de:<\/p>\n<ul>\n<li>La calidad del servicio, la velocidad de acceso, el correcto funcionamiento ni la disponibilidad ni continuidad de funcionamiento de la P\u00e1gina.<\/li>\n<li>Los da\u00f1os que puedan causarse en los equipos del usuario por la utilizaci\u00f3n de la P\u00e1gina.<\/li>\n<li>Los casos en que un tercero, quebrantando las medidas de seguridad establecidas, acceda a los mensajes o los utilice para la remisi\u00f3n de virus inform\u00e1ticos.<\/li>\n<li>Los vicios y defectos de toda clase de los contenidos transmitidos, difundidos, almacenados o puestos a disposici\u00f3n.<\/li>\n<li>La licitud, fiabilidad y utilidad de los contenidos que los usuarios transmitan con la utilizaci\u00f3n de la p\u00e1gina o de los servicios en \u00e9l ofertados, as\u00ed como tampoco su veracidad o exactitud. TechRules no controla la utilizaci\u00f3n que los usuarios hacen de la P\u00e1gina, ni garantiza que lo hagan conforme a lo establecido en el presente Aviso Legal.<\/li>\n<p>&nbsp;<\/p>\n<p>A t\u00edtulo enunciativo y con car\u00e1cter no limitativo, el usuario ser\u00e1 responsable de:<\/p>\n<ul>\n<li>De los contenidos introducidos por ellos, especialmente de los datos e informaciones introducidos y enviados a TechRules por medio de la P\u00e1gina.<\/li>\n<li>De la realizaci\u00f3n de cualquier tipo de actuaci\u00f3n il\u00edcita, lesiva de derechos, nociva y\/o perjudicial.<\/li>\n<li>De la facilitaci\u00f3n de datos no veraces o incorrectos.<\/li>\n<\/ul>\n<p>&nbsp;<\/p>\n<p><strong>FUERO<\/strong><\/p>\n<p>&nbsp;<\/p>\n<p>El presente Aviso Legal se encuentra redactado en castellano y sometido a la legislaci\u00f3n espa\u00f1ola vigente. Para cualquier tipo de controversia derivada de la utilizaci\u00f3n de los servicios ofrecidos o de los contenidos propios de la P\u00e1gina las partes, con la aceptaci\u00f3n del clausulado establecido en el presente Aviso Legal se someter\u00e1n a los Tribunales y Juzgados competentes de Madrid.<\/p>\n<p>&nbsp;<\/p>\n<p><strong> I CUMPLIMIENTO NORMATIVO<\/strong><\/p>\n<p>&nbsp;<\/p>\n<p>Ver apartado de  <a title=\"Internal rules of conduct\" href=\"\/conduct-internal-rules\/\" target=\"_blank\" rel=\"noopener noreferrer\">Reglamento Interno de conducta<\/a>.<\/p>\n<p>&nbsp;<\/p>\n<p><strong> II CONFLICTO DE INTER\u00c9S<\/strong><\/p>\n<p>&nbsp;<\/p>\n<p>La observaci\u00f3n de las exigencias legales, regulatorias y de prudencia condiciona en gran medida la confianza de todos los actores en los mercados financieros, con especial relevancia entre los clientes, empleados y accionistas. Para ello, TechRules ha desarrollado un Reglamento Interno de Conducta que detecta y gestiona el riesgo de incumplimiento de las obligaciones legales.<\/p>\n<p>&nbsp;<\/p>\n<p>Es importante destacar que TechRules, S.A. basa toda su informaci\u00f3n en an\u00e1lisis estad\u00edsticos sobre el comportamiento de la serie de precios, en consecuencia todas sus recomendaciones gen\u00e9ricas son neutrales y confiables.<\/p>\n<p>&nbsp;<\/p>\n<p>Por \u00faltimo subrayar que, uno de los valores fundamentales de TechRules es el mantenimiento de una conducta honrada, especialmente en relaci\u00f3n con el uso de la informaci\u00f3n<\/p>\n<p>&nbsp;<\/p>\n<p><strong> III FUENTES UTILIZADAS<\/strong><\/p>\n<p>&nbsp;<\/p>\n<p>Las recomendaciones gen\u00e9ricas o an\u00e1lisis financieros est\u00e1n basados en criterios objetivos (m\u00e9todos estad\u00edsticos sobre el comportamiento de series de precios), en una serie de premisas o axiomas (premisas distintas podr\u00edan dar lugar a resultados distintos) y en fuentes consideradas fiables (no obstante TechRules, S.A. no puede garantizar expresa o impl\u00edcitamente su car\u00e1cter veraz, inequ\u00edvoco y\/o completo).<\/p>\n<p>&nbsp;<\/p>\n<p>Las fuentes utilizadas son proveedores oficiales de precios.<\/p>\n<p>&nbsp;<\/p>\n<p><strong> IV BASE DE EVALUACI\u00d3N Y METODOLOG\u00cdA APLICADA<\/strong><\/p>\n<p>&nbsp;<\/p>\n<p>El an\u00e1lisis financiero constituye un conjunto de informaciones y recomendaciones gen\u00e9ricas o an\u00e1lisis gen\u00e9ricos basados en criterios objetivos (m\u00e9todos estad\u00edsticos sobre el comportamiento de series de precios), en una serie de premisas o axiomas (premisas distintas podr\u00edan dar lugar a resultados distintos) y en fuentes consideradas fiables (no obstante Techrules, S.A. no puede garantizar expresa o impl\u00edcitamente su car\u00e1cter veraz, inequ\u00edvoco y\/o completo). El objetivo de este an\u00e1lisis es identificar una tendencia en su etapa temprana para establecer operaciones en la direcci\u00f3n de esa tendencia.<\/p>\n<p>&nbsp;<\/p>\n<p><strong> V CONDICIONES DE USO<\/strong><\/p>\n<p>&nbsp;<\/p>\n<p>See <a title=\"Terms of Use\" href=\"\/terms-and-conditions\/\" target=\"_blank\" rel=\"noopener noreferrer\">Condiciones de uso<\/a><\/p>\n<p>&nbsp;<\/p>\n<p><strong> VI PRIVACY POLICY<\/strong><\/p>\n<p>&nbsp;<\/p>\n<p>See <a title=\"Privacy policy\" href=\"\/privacy-policy\/\" target=\"_blank\" rel=\"noopener noreferrer\">Pol\u00edtica de privacidad<\/a><\/p>\n<\/p><\/div>\n","protected":false},"excerpt":{"rendered":"<p>La presente secci\u00f3n legal regula el uso del sitio web www.techrules.com de TechRules, S.A. , con domicilio social en Pozuelo de Alarcon (Madrid)-28223, C\/ Virgilio, 2, Edificio 2, 2\u00aa Planta, y C.I.F. A-82682352, e inscripci\u00f3n en el Registro Mercantil de Madrid, Tomo 15.222, Folio 221, Secci\u00f3n 8\u00aa, Hoja n\u00famero M-254817. Para cualquier informaci\u00f3n puede escribir [&hellip;]<\/p>\n","protected":false},"author":1,"featured_media":0,"parent":0,"menu_order":0,"comment_status":"closed","ping_status":"closed","template":"tpl-pages\/comunes.php","meta":{"_acf_changed":false,"footnotes":""},"class_list":["post-6373","page","type-page","status-publish","hentry"],"acf":[],"yoast_head":"<!-- This site is optimized with the Yoast SEO plugin v26.7 - https:\/\/yoast.com\/wordpress\/plugins\/seo\/ -->\r\n<title>Aviso legal - TechRules<\/title>\r\n<meta name=\"robots\" content=\"index, follow, max-snippet:-1, max-image-preview:large, max-video-preview:-1\" \/>\r\n<link rel=\"canonical\" href=\"https:\/\/www.techrules.com\/legal\/\" \/>\r\n<meta property=\"og:locale\" content=\"es_ES\" \/>\r\n<meta property=\"og:type\" content=\"article\" \/>\r\n<meta property=\"og:title\" content=\"Aviso legal - TechRules\" \/>\r\n<meta property=\"og:description\" content=\"La presente secci\u00f3n legal regula el uso del sitio web www.techrules.com de TechRules, S.A. , con domicilio social en Pozuelo de Alarcon (Madrid)-28223, C\/ Virgilio, 2, Edificio 2, 2\u00aa Planta, y C.I.F. A-82682352, e inscripci\u00f3n en el Registro Mercantil de Madrid, Tomo 15.222, Folio 221, Secci\u00f3n 8\u00aa, Hoja n\u00famero M-254817. Para cualquier informaci\u00f3n puede escribir [&hellip;]\" \/>\r\n<meta property=\"og:url\" content=\"https:\/\/www.techrules.com\/legal\/\" \/>\r\n<meta property=\"og:site_name\" content=\"TechRules\" \/>\r\n<meta property=\"article:modified_time\" content=\"2020-05-09T10:35:46+00:00\" \/>\r\n<meta name=\"twitter:card\" content=\"summary_large_image\" \/>\r\n<meta name=\"twitter:label1\" content=\"Tiempo de lectura\" \/>\n\t<meta name=\"twitter:data1\" content=\"7 minutos\" \/>\r\n<script type=\"application\/ld+json\" class=\"yoast-schema-graph\">{\"@context\":\"https:\/\/schema.org\",\"@graph\":[{\"@type\":\"WebPage\",\"@id\":\"https:\/\/www.techrules.com\/legal\/\",\"url\":\"https:\/\/www.techrules.com\/legal\/\",\"name\":\"Aviso legal - TechRules\",\"isPartOf\":{\"@id\":\"https:\/\/www.techrules.com\/#website\"},\"datePublished\":\"2020-03-17T14:57:51+00:00\",\"dateModified\":\"2020-05-09T10:35:46+00:00\",\"breadcrumb\":{\"@id\":\"https:\/\/www.techrules.com\/legal\/#breadcrumb\"},\"inLanguage\":\"es\",\"potentialAction\":[{\"@type\":\"ReadAction\",\"target\":[\"https:\/\/www.techrules.com\/legal\/\"]}]},{\"@type\":\"BreadcrumbList\",\"@id\":\"https:\/\/www.techrules.com\/legal\/#breadcrumb\",\"itemListElement\":[{\"@type\":\"ListItem\",\"position\":1,\"name\":\"Home\",\"item\":\"https:\/\/www.techrules.com\/es\/\"},{\"@type\":\"ListItem\",\"position\":2,\"name\":\"Aviso legal\"}]},{\"@type\":\"WebSite\",\"@id\":\"https:\/\/www.techrules.com\/#website\",\"url\":\"https:\/\/www.techrules.com\/\",\"name\":\"TechRules\",\"description\":\"Wealth Management Solutions | TechRules\",\"potentialAction\":[{\"@type\":\"SearchAction\",\"target\":{\"@type\":\"EntryPoint\",\"urlTemplate\":\"https:\/\/www.techrules.com\/?s={search_term_string}\"},\"query-input\":{\"@type\":\"PropertyValueSpecification\",\"valueRequired\":true,\"valueName\":\"search_term_string\"}}],\"inLanguage\":\"es\"}]}<\/script>\r\n<!-- \/ Yoast SEO plugin. -->","yoast_head_json":{"title":"Aviso legal - TechRules","robots":{"index":"index","follow":"follow","max-snippet":"max-snippet:-1","max-image-preview":"max-image-preview:large","max-video-preview":"max-video-preview:-1"},"canonical":"https:\/\/www.techrules.com\/legal\/","og_locale":"es_ES","og_type":"article","og_title":"Aviso legal - TechRules","og_description":"La presente secci\u00f3n legal regula el uso del sitio web www.techrules.com de TechRules, S.A. , con domicilio social en Pozuelo de Alarcon (Madrid)-28223, C\/ Virgilio, 2, Edificio 2, 2\u00aa Planta, y C.I.F. A-82682352, e inscripci\u00f3n en el Registro Mercantil de Madrid, Tomo 15.222, Folio 221, Secci\u00f3n 8\u00aa, Hoja n\u00famero M-254817. Para cualquier informaci\u00f3n puede escribir [&hellip;]","og_url":"https:\/\/www.techrules.com\/legal\/","og_site_name":"TechRules","article_modified_time":"2020-05-09T10:35:46+00:00","twitter_card":"summary_large_image","twitter_misc":{"Tiempo de lectura":"7 minutos"},"schema":{"@context":"https:\/\/schema.org","@graph":[{"@type":"WebPage","@id":"https:\/\/www.techrules.com\/legal\/","url":"https:\/\/www.techrules.com\/legal\/","name":"Aviso legal - TechRules","isPartOf":{"@id":"https:\/\/www.techrules.com\/#website"},"datePublished":"2020-03-17T14:57:51+00:00","dateModified":"2020-05-09T10:35:46+00:00","breadcrumb":{"@id":"https:\/\/www.techrules.com\/legal\/#breadcrumb"},"inLanguage":"es","potentialAction":[{"@type":"ReadAction","target":["https:\/\/www.techrules.com\/legal\/"]}]},{"@type":"BreadcrumbList","@id":"https:\/\/www.techrules.com\/legal\/#breadcrumb","itemListElement":[{"@type":"ListItem","position":1,"name":"Home","item":"https:\/\/www.techrules.com\/es\/"},{"@type":"ListItem","position":2,"name":"Aviso legal"}]},{"@type":"WebSite","@id":"https:\/\/www.techrules.com\/#website","url":"https:\/\/www.techrules.com\/","name":"TechRules","description":"Wealth Management Solutions | TechRules","potentialAction":[{"@type":"SearchAction","target":{"@type":"EntryPoint","urlTemplate":"https:\/\/www.techrules.com\/?s={search_term_string}"},"query-input":{"@type":"PropertyValueSpecification","valueRequired":true,"valueName":"search_term_string"}}],"inLanguage":"es"}]}},"_links":{"self":[{"href":"https:\/\/www.techrules.com\/es\/wp-json\/wp\/v2\/pages\/6373","targetHints":{"allow":["GET"]}}],"collection":[{"href":"https:\/\/www.techrules.com\/es\/wp-json\/wp\/v2\/pages"}],"about":[{"href":"https:\/\/www.techrules.com\/es\/wp-json\/wp\/v2\/types\/page"}],"author":[{"embeddable":true,"href":"https:\/\/www.techrules.com\/es\/wp-json\/wp\/v2\/users\/1"}],"replies":[{"embeddable":true,"href":"https:\/\/www.techrules.com\/es\/wp-json\/wp\/v2\/comments?post=6373"}],"version-history":[{"count":4,"href":"https:\/\/www.techrules.com\/es\/wp-json\/wp\/v2\/pages\/6373\/revisions"}],"predecessor-version":[{"id":6374,"href":"https:\/\/www.techrules.com\/es\/wp-json\/wp\/v2\/pages\/6373\/revisions\/6374"}],"wp:attachment":[{"href":"https:\/\/www.techrules.com\/es\/wp-json\/wp\/v2\/media?parent=6373"}],"curies":[{"name":"wp","href":"https:\/\/api.w.org\/{rel}","templated":true}]}}