{"id":6069,"date":"2020-03-16T17:34:20","date_gmt":"2020-03-16T17:34:20","guid":{"rendered":"https:\/\/demo9.scopica.es\/contact-us\/"},"modified":"2023-07-07T11:27:03","modified_gmt":"2023-07-07T11:27:03","slug":"contacto-techrules","status":"publish","type":"page","link":"https:\/\/www.techrules.com\/es\/contacto-techrules\/","title":{"rendered":"Contacto"},"content":{"rendered":"<section id=\"block-main-contact\">\n<div class=\"row\">\n<div class=\"col-12 text-center\">\n<h2>\u00a1Env\u00edenos su mensaje!<\/h2>\n<\/div>\n<\/div>\n\n<div class=\"wpcf7 no-js\" id=\"wpcf7-f5958-o1\" lang=\"en-US\" dir=\"ltr\" data-wpcf7-id=\"5958\">\n<div class=\"screen-reader-response\"><p role=\"status\" aria-live=\"polite\" aria-atomic=\"true\"><\/p> <ul><\/ul><\/div>\n<form action=\"\/es\/wp-json\/wp\/v2\/pages\/6069#wpcf7-f5958-o1\" method=\"post\" class=\"wpcf7-form init wpcf7-acceptance-as-validation\" aria-label=\"Contact form\" novalidate=\"novalidate\" data-status=\"init\">\n<fieldset class=\"hidden-fields-container\"><input type=\"hidden\" name=\"_wpcf7\" value=\"5958\" \/><input type=\"hidden\" name=\"_wpcf7_version\" value=\"6.1.4\" \/><input type=\"hidden\" name=\"_wpcf7_locale\" value=\"en_US\" \/><input type=\"hidden\" name=\"_wpcf7_unit_tag\" value=\"wpcf7-f5958-o1\" \/><input type=\"hidden\" name=\"_wpcf7_container_post\" value=\"0\" \/><input type=\"hidden\" name=\"_wpcf7_posted_data_hash\" value=\"\" \/><input type=\"hidden\" name=\"_wpcf7_recaptcha_response\" value=\"\" \/>\n<\/fieldset>\n<div class=\"contact-form-main\">\n    <div class=\"row\">\n        <div class=\"col-md-6 offset-md-3\">\n            <div class=\"p-5\">\n                <div class=\"form-group\">\n                    <span class=\"input-group\">\n                        <img decoding=\"async\" data-src=\"https:\/\/www.techrules.com\/wp-content\/themes\/techrules\/img\/footer-form-user.png\" src=\"data:image\/svg+xml;base64,PHN2ZyB3aWR0aD0iMSIgaGVpZ2h0PSIxIiB4bWxucz0iaHR0cDovL3d3dy53My5vcmcvMjAwMC9zdmciPjwvc3ZnPg==\" class=\"lazyload\" style=\"--smush-placeholder-width: 32px; --smush-placeholder-aspect-ratio: 32\/32;\">\n                        <span class=\"wpcf7-form-control-wrap\" data-name=\"lead-name\"><input size=\"40\" maxlength=\"400\" class=\"wpcf7-form-control wpcf7-text wpcf7-validates-as-required\" aria-required=\"true\" aria-invalid=\"false\" placeholder=\"Nombre\" value=\"\" type=\"text\" name=\"lead-name\" \/><\/span>\n                    <\/span>\n                <\/div>\n                <div class=\"form-group\">\n                    <span class=\"input-group\">\n                        <img decoding=\"async\" data-src=\"https:\/\/www.techrules.com\/wp-content\/themes\/techrules\/img\/footer-form-mail.png\" src=\"data:image\/svg+xml;base64,PHN2ZyB3aWR0aD0iMSIgaGVpZ2h0PSIxIiB4bWxucz0iaHR0cDovL3d3dy53My5vcmcvMjAwMC9zdmciPjwvc3ZnPg==\" class=\"lazyload\" style=\"--smush-placeholder-width: 32px; --smush-placeholder-aspect-ratio: 32\/32;\">\n                        <span class=\"wpcf7-form-control-wrap\" data-name=\"lead-email\"><input size=\"40\" maxlength=\"400\" class=\"wpcf7-form-control wpcf7-email wpcf7-validates-as-required wpcf7-text wpcf7-validates-as-email\" aria-required=\"true\" aria-invalid=\"false\" placeholder=\"Email\" value=\"\" type=\"email\" name=\"lead-email\" \/><\/span>\n                    <\/span>\n                <\/div>\n                <div class=\"form-group\">\n                    <span class=\"input-group\">\n                        <img decoding=\"async\" data-src=\"https:\/\/www.techrules.com\/wp-content\/themes\/techrules\/img\/footer-form-company.png\" src=\"data:image\/svg+xml;base64,PHN2ZyB3aWR0aD0iMSIgaGVpZ2h0PSIxIiB4bWxucz0iaHR0cDovL3d3dy53My5vcmcvMjAwMC9zdmciPjwvc3ZnPg==\" class=\"lazyload\" style=\"--smush-placeholder-width: 32px; --smush-placeholder-aspect-ratio: 32\/32;\">\n                        <span class=\"wpcf7-form-control-wrap\" data-name=\"lead-company\"><input size=\"40\" maxlength=\"400\" class=\"wpcf7-form-control wpcf7-text\" aria-invalid=\"false\" placeholder=\"Compa\u00f1ia\" value=\"\" type=\"text\" name=\"lead-company\" \/><\/span>\n                    <\/span>\n                <\/div>\n                <div class=\"form-group\">\n                    <span class=\"input-group\">\n                        <img decoding=\"async\" data-src=\"https:\/\/www.techrules.com\/wp-content\/themes\/techrules\/img\/contact-phone-icon.png\" src=\"data:image\/svg+xml;base64,PHN2ZyB3aWR0aD0iMSIgaGVpZ2h0PSIxIiB4bWxucz0iaHR0cDovL3d3dy53My5vcmcvMjAwMC9zdmciPjwvc3ZnPg==\" class=\"lazyload\" style=\"--smush-placeholder-width: 32px; --smush-placeholder-aspect-ratio: 32\/32;\">\n                        <span class=\"wpcf7-form-control-wrap\" data-name=\"phone\"><input size=\"40\" maxlength=\"400\" class=\"wpcf7-form-control wpcf7-tel wpcf7-text wpcf7-validates-as-tel\" aria-invalid=\"false\" placeholder=\"Tel\u00e9fono\" value=\"\" type=\"tel\" name=\"phone\" \/><\/span>\n                    <\/span>\n                <\/div>\n                <div class=\"form-group\">\n                    <span class=\"input-group\">\n                        <img decoding=\"async\" data-src=\"https:\/\/www.techrules.com\/wp-content\/themes\/techrules\/img\/footer-form-message.png\" src=\"data:image\/svg+xml;base64,PHN2ZyB3aWR0aD0iMSIgaGVpZ2h0PSIxIiB4bWxucz0iaHR0cDovL3d3dy53My5vcmcvMjAwMC9zdmciPjwvc3ZnPg==\" class=\"lazyload\" style=\"--smush-placeholder-width: 32px; --smush-placeholder-aspect-ratio: 32\/32;\">\n                        <span class=\"wpcf7-form-control-wrap\" data-name=\"lead-message\"><textarea cols=\"40\" rows=\"10\" maxlength=\"2000\" class=\"wpcf7-form-control wpcf7-textarea wpcf7-validates-as-required\" aria-required=\"true\" aria-invalid=\"false\" placeholder=\"Mensaje\" name=\"lead-message\"><\/textarea><\/span>\n                    <\/span>\n                <\/div>\n                <span class=\"wpcf7-form-control-wrap\" data-name=\"your-consent\"><span class=\"wpcf7-form-control wpcf7-acceptance\"><span class=\"wpcf7-list-item\"><label><input type=\"checkbox\" name=\"your-consent\" value=\"1\" aria-invalid=\"false\" \/><span class=\"wpcf7-list-item-label\">Al enviar este formulario, usted acepta recibir informaci\u00f3n comercial, los <a\n                    href=\"https:\/\/www.techrules.com\/es\/condiciones-de-uso\/\" target=\"_blank\">t\u00e9rminos del servicio<\/a>, la <a href=\"\/privacy-policy\/\" target=\"_blank\">pol\u00edtica de privacidad<\/a> y <a href=\"\/es\/politica-de-cookies\/\">cookies<\/a>.<\/span><\/label><\/span><\/span><\/span>\n                <input class=\"wpcf7-form-control wpcf7-submit has-spinner\" type=\"submit\" value=\"Enviar mensaje\" \/>\n \n            <\/div>\n        <\/div>\n    <\/div>\n<\/div><div class=\"wpcf7-response-output\" aria-hidden=\"true\"><\/div>\n<\/form>\n<\/div>\n\n<\/section>\n<p><img decoding=\"async\" class=\"aligncenter wp-image-10133 size-medium lazyload\" data-src=\"https:\/\/www.techrules.com\/wp-content\/uploads\/2023\/06\/TechRules-logo-300x107.png\" alt=\"\" width=\"300\" height=\"107\" data-srcset=\"https:\/\/www.techrules.com\/wp-content\/uploads\/2023\/06\/TechRules-logo-300x107.png 300w, https:\/\/www.techrules.com\/wp-content\/uploads\/2023\/06\/TechRules-logo-1024x364.png 1024w, https:\/\/www.techrules.com\/wp-content\/uploads\/2023\/06\/TechRules-logo-768x273.png 768w, https:\/\/www.techrules.com\/wp-content\/uploads\/2023\/06\/TechRules-logo-1536x546.png 1536w, https:\/\/www.techrules.com\/wp-content\/uploads\/2023\/06\/TechRules-logo.png 1766w\" data-sizes=\"(max-width: 300px) 100vw, 300px\" src=\"data:image\/svg+xml;base64,PHN2ZyB3aWR0aD0iMSIgaGVpZ2h0PSIxIiB4bWxucz0iaHR0cDovL3d3dy53My5vcmcvMjAwMC9zdmciPjwvc3ZnPg==\" style=\"--smush-placeholder-width: 300px; --smush-placeholder-aspect-ratio: 300\/107;\" \/><\/p>\n<p>&nbsp;<\/p>\n<section id=\"block-worldwire\">\n<div class=\"container\">\n<div class=\"row\">\n<div class=\"col-md-12\">\n<h2>Presencia<br \/>\n<span class=\"c1\">internacional<\/span><\/h2>\n<\/div>\n<\/div>\n<div class=\"row\">\n<div class=\"col-4\">\n<ul class=\"list-featured\">\n<li>EUROPA<\/li>\n<li data-r=\"gb\">Alemania<\/li>\n<li data-r=\"be\">Andorra<\/li>\n<li data-r=\"es\">B\u00e9lgica<\/li>\n<li data-r=\"ch\">Espa\u00f1a<\/li>\n<li data-r=\"de\">Luxemburgo<\/li>\n<li data-r=\"lu\">Noruega<\/li>\n<li data-r=\"no\">Reino Unido<\/li>\n<li data-r=\"ad\">Suiza<\/li>\n<\/ul>\n<\/div>\n<div class=\"col-4\">\n<ul class=\"list-featured\">\n<li>LATAM<\/li>\n<li data-r=\"co\">Chile<\/li>\n<li data-r=\"cl\">Colombia<\/li>\n<li data-r=\"mx\">Costa Rica<\/li>\n<li data-r=\"pe\">M\u00e9xico<\/li>\n<li data-r=\"cr\">Per\u00fa<\/li>\n<\/ul>\n<\/div>\n<div class=\"col-4\">\n<ul class=\"list-featured\">\n<li>Norte Am\u00e9rica<\/li>\n<li data-r=\"us\">USA<\/li>\n<\/ul>\n<\/div>\n<\/div>\n<\/div>\n<\/section>\n<section id=\"map\"><div id=\"mapplic-id6224\" data-mapdata=\"{&quot;mapwidth&quot;:&quot;960&quot;,&quot;mapheight&quot;:&quot;600&quot;,&quot;minimap&quot;:false,&quot;clearbutton&quot;:true,&quot;zoombuttons&quot;:true,&quot;sidebar&quot;:false,&quot;search&quot;:true,&quot;hovertip&quot;:true,&quot;mousewheel&quot;:false,&quot;fullscreen&quot;:false,&quot;deeplinking&quot;:false,&quot;mapfill&quot;:true,&quot;zoom&quot;:true,&quot;alphabetic&quot;:false,&quot;action&quot;:&quot;tooltip&quot;,&quot;categories&quot;:[{&quot;title&quot;:&quot;Europe&quot;,&quot;id&quot;:&quot;eur&quot;,&quot;about&quot;:&quot;&quot;,&quot;style&quot;:&quot;Europe&quot;,&quot;toggle&quot;:&quot;true&quot;,&quot;color&quot;:&quot;#757575&quot;},{&quot;title&quot;:&quot;Usa&quot;,&quot;id&quot;:&quot;usa&quot;,&quot;about&quot;:&quot;&quot;,&quot;style&quot;:&quot;&quot;,&quot;color&quot;:&quot;&quot;},{&quot;title&quot;:&quot;Canad&aacute;&quot;,&quot;id&quot;:&quot;ca&quot;,&quot;about&quot;:&quot;&quot;,&quot;style&quot;:&quot;&quot;,&quot;color&quot;:&quot;&quot;},{&quot;title&quot;:&quot;Dubai&quot;,&quot;id&quot;:&quot;du&quot;,&quot;about&quot;:&quot;&quot;,&quot;style&quot;:&quot;&quot;,&quot;color&quot;:&quot;&quot;},{&quot;title&quot;:&quot;Latam&quot;,&quot;id&quot;:&quot;lat&quot;,&quot;about&quot;:&quot;&quot;,&quot;style&quot;:&quot;&quot;,&quot;color&quot;:&quot;&quot;}],&quot;levels&quot;:[{&quot;id&quot;:&quot;world-us&quot;,&quot;title&quot;:&quot;World + US&quot;,&quot;map&quot;:&quot;\/\/www.techrules.com\/wp-content\/uploads\/2020\/04\/mapatestfinal1-Recuperado.jpg&quot;,&quot;minimap&quot;:&quot;&quot;,&quot;locations&quot;:[{&quot;id&quot;:&quot;ch&quot;,&quot;title&quot;:&quot;Espa&ntilde;a&quot;,&quot;pin&quot;:&quot;pin-circular&quot;,&quot;style&quot;:&quot;Europe&quot;,&quot;category&quot;:[&quot;eur&quot;],&quot;action&quot;:&quot;default&quot;,&quot;x&quot;:&quot;0.4610&quot;,&quot;y&quot;:&quot;0.4538&quot;,&quot;description&quot;:&quot;&lt;p&gt;+34 91 357 3900&lt;\/p&gt;\\nmarketing@techrules.com &quot;},{&quot;id&quot;:&quot;mx&quot;,&quot;title&quot;:&quot;M&eacute;xico&quot;,&quot;style&quot;:&quot;Latam&quot;,&quot;category&quot;:[&quot;lat&quot;],&quot;action&quot;:&quot;default&quot;,&quot;x&quot;:&quot;0.2334&quot;,&quot;y&quot;:&quot;0.5272&quot;,&quot;pin&quot;:&quot;pin-circular&quot;,&quot;description&quot;:&quot;+52 55 19165349 \\nmarketing@techrules.com &quot;},{&quot;id&quot;:&quot;gb&quot;,&quot;title&quot;:&quot;Reino Unido&quot;,&quot;pin&quot;:&quot;pin-circular&quot;,&quot;style&quot;:&quot;Europe&quot;,&quot;category&quot;:[&quot;eur&quot;],&quot;action&quot;:&quot;default&quot;,&quot;x&quot;:&quot;0.4647&quot;,&quot;y&quot;:&quot;0.3850&quot;,&quot;description&quot;:&quot;&lt;p&gt;+44 (0)7480 285 800&lt;\/p&gt;\\nmarketing@techrules.com &quot;},{&quot;id&quot;:&quot;ie&quot;,&quot;title&quot;:&quot;ie&quot;,&quot;pin&quot;:&quot;pin-image pin-label&quot;,&quot;style&quot;:&quot;Europe&quot;,&quot;category&quot;:[&quot;eur&quot;],&quot;action&quot;:&quot;default&quot;,&quot;x&quot;:&quot;-0.1474&quot;,&quot;y&quot;:&quot;0.4712&quot;},{&quot;id&quot;:&quot;cl&quot;,&quot;title&quot;:&quot;Chile&quot;,&quot;description&quot;:&quot;+56 (22) 929 46 12\\nmarketing@techrules.com &quot;,&quot;pin&quot;:&quot;pin-circular&quot;,&quot;style&quot;:null,&quot;category&quot;:null,&quot;action&quot;:&quot;default&quot;,&quot;x&quot;:&quot;0.3110&quot;,&quot;y&quot;:&quot;0.7255&quot;},{&quot;id&quot;:&quot;pe&quot;,&quot;title&quot;:&quot;Per&uacute;&quot;,&quot;description&quot;:&quot;+511 411860\\nmarketing@techrules.com &quot;,&quot;pin&quot;:&quot;pin-circular&quot;,&quot;style&quot;:null,&quot;category&quot;:null,&quot;action&quot;:&quot;default&quot;,&quot;x&quot;:&quot;0.2898&quot;,&quot;y&quot;:&quot;0.6350&quot;},{&quot;id&quot;:&quot;bene&quot;,&quot;title&quot;:&quot;Bruselas&quot;,&quot;style&quot;:null,&quot;category&quot;:null,&quot;action&quot;:&quot;default&quot;,&quot;x&quot;:&quot;0.4718&quot;,&quot;y&quot;:&quot;0.4089&quot;,&quot;description&quot;:&quot;&lt;p&gt;+00 32 476 95 98 75&lt;\/p&gt;\\nmarketing@techrules.com &quot;},{&quot;id&quot;:&quot;portu&quot;,&quot;title&quot;:&quot;Portugal&quot;,&quot;style&quot;:null,&quot;category&quot;:null,&quot;action&quot;:&quot;default&quot;,&quot;x&quot;:&quot;0.4511&quot;,&quot;y&quot;:&quot;0.4541&quot;,&quot;description&quot;:&quot;&lt;p&gt;+34 91 357 3900&lt;\/p&gt;\\nmarketing@techrules.com &quot;},{&quot;id&quot;:&quot;germ&quot;,&quot;title&quot;:&quot;Alemania&quot;,&quot;style&quot;:null,&quot;category&quot;:null,&quot;action&quot;:&quot;default&quot;,&quot;x&quot;:&quot;0.4854&quot;,&quot;y&quot;:&quot;0.4001&quot;,&quot;description&quot;:&quot;&lt;p&gt;+34 91 357 3900&lt;\/p&gt;\\nmarketing@techrules.com &quot;},{&quot;id&quot;:&quot;oslo&quot;,&quot;title&quot;:&quot;Noruega&quot;,&quot;style&quot;:null,&quot;category&quot;:null,&quot;action&quot;:&quot;default&quot;,&quot;x&quot;:&quot;0.4939&quot;,&quot;y&quot;:&quot;0.3388&quot;,&quot;description&quot;:&quot;&lt;p&gt;+34 91 357 3900 &lt;\/p&gt; marketing@techrules.com &quot;},{&quot;id&quot;:&quot;suiza&quot;,&quot;title&quot;:&quot;Suiza&quot;,&quot;style&quot;:null,&quot;category&quot;:null,&quot;action&quot;:&quot;default&quot;,&quot;x&quot;:&quot;0.4861&quot;,&quot;y&quot;:&quot;0.4195&quot;,&quot;description&quot;:&quot;&lt;p&gt;+34 91 357 3900&lt;\/p&gt;\\nmarketing@techrules.com &quot;},{&quot;id&quot;:&quot;colomb&quot;,&quot;title&quot;:&quot;Colombia&quot;,&quot;style&quot;:null,&quot;category&quot;:null,&quot;action&quot;:&quot;default&quot;,&quot;x&quot;:&quot;0.3044&quot;,&quot;y&quot;:&quot;0.6094&quot;,&quot;description&quot;:&quot;&lt;p&gt;+34 91 357 3900&lt;\/p&gt;\\nmarketing@techrules.com &quot;},{&quot;id&quot;:&quot;costa&quot;,&quot;title&quot;:&quot;Costa Rica&quot;,&quot;style&quot;:null,&quot;category&quot;:null,&quot;action&quot;:&quot;default&quot;,&quot;x&quot;:&quot;0.2734&quot;,&quot;y&quot;:&quot;0.5891&quot;,&quot;description&quot;:&quot;&lt;p&gt;+34 91 357 3900&lt;\/p&gt;\\nmarketing@techrules.com &quot;},{&quot;id&quot;:&quot;panam&quot;,&quot;title&quot;:&quot;Panama&quot;,&quot;style&quot;:null,&quot;category&quot;:null,&quot;action&quot;:&quot;default&quot;,&quot;x&quot;:&quot;0.2877&quot;,&quot;y&quot;:&quot;0.5894&quot;,&quot;description&quot;:&quot;&lt;p&gt;+34 91 357 3900&lt;\/p&gt;\\nmarketing@techrules.com &quot;},{&quot;id&quot;:&quot;eeuu&quot;,&quot;title&quot;:&quot;USA&quot;,&quot;description&quot;:&quot;&lt;p&gt;+34 91 357 3900&lt;\/p&gt;\\nmarketing@techrules.com &quot;,&quot;style&quot;:null,&quot;category&quot;:null,&quot;action&quot;:&quot;default&quot;,&quot;x&quot;:&quot;0.2833&quot;,&quot;y&quot;:&quot;0.5005&quot;}]}],&quot;maxscale&quot;:&quot;3&quot;,&quot;zoomoutclose&quot;:false,&quot;closezoomout&quot;:false,&quot;thumbholder&quot;:false,&quot;fillcolor&quot;:&quot;&quot;,&quot;topLat&quot;:&quot;84.83382568312074&quot;,&quot;leftLng&quot;:&quot;-181.9372873759479&quot;,&quot;bottomLat&quot;:&quot;-67.8325574122815&quot;,&quot;rightLng&quot;:&quot;201.2439555495492&quot;,&quot;bgcolor&quot;:&quot;#f3f3f3&quot;,&quot;bgcolor2&quot;:&quot;#dddddd&quot;,&quot;smartip&quot;:false,&quot;linknewtab&quot;:false,&quot;searchdescription&quot;:false,&quot;hidenofilter&quot;:true,&quot;highlight&quot;:false,&quot;styles&quot;:[{&quot;base&quot;:{&quot;fill&quot;:&quot;#92a9b9&quot;},&quot;hover&quot;:{&quot;fill&quot;:&quot;#84a1ba&quot;},&quot;active&quot;:{&quot;fill&quot;:&quot;#7598ba&quot;},&quot;class&quot;:&quot;activos&quot;},{&quot;base&quot;:{&quot;fill&quot;:&quot;#082471&quot;},&quot;hover&quot;:{&quot;fill&quot;:&quot;#003c96&quot;},&quot;active&quot;:{&quot;fill&quot;:&quot;#000360&quot;},&quot;class&quot;:&quot;USA&quot;},{&quot;base&quot;:{&quot;fill&quot;:&quot;#5fedcb&quot;},&quot;hover&quot;:{&quot;fill&quot;:&quot;#2befa7&quot;},&quot;active&quot;:{&quot;fill&quot;:&quot;#12e59f&quot;},&quot;class&quot;:&quot;Latam&quot;},{&quot;base&quot;:{&quot;fill&quot;:&quot;&quot;},&quot;hover&quot;:{&quot;fill&quot;:&quot;&quot;},&quot;active&quot;:{&quot;fill&quot;:&quot;&quot;},&quot;class&quot;:&quot;Canada&quot;},{&quot;base&quot;:{&quot;fill&quot;:&quot;#3ad1ff&quot;},&quot;hover&quot;:{&quot;fill&quot;:&quot;#37f2f2&quot;},&quot;active&quot;:{&quot;fill&quot;:&quot;#0086e0&quot;},&quot;class&quot;:&quot;Europe&quot;},{&quot;base&quot;:{&quot;fill&quot;:&quot;&quot;},&quot;hover&quot;:{&quot;fill&quot;:&quot;&quot;},&quot;active&quot;:{&quot;fill&quot;:&quot;&quot;},&quot;class&quot;:&quot;Rusia&quot;}],&quot;portrait&quot;:&quot;668&quot;,&quot;height&quot;:&quot;auto&quot;}\" data-height=\"650\"><\/div><\/section>\n","protected":false},"excerpt":{"rendered":"<p>\u00a1Env\u00edenos su mensaje! &nbsp; Presencia internacional EUROPA Alemania Andorra B\u00e9lgica Espa\u00f1a Luxemburgo Noruega Reino Unido Suiza LATAM Chile Colombia Costa Rica M\u00e9xico Per\u00fa Norte Am\u00e9rica USA<\/p>\n","protected":false},"author":1,"featured_media":0,"parent":0,"menu_order":0,"comment_status":"closed","ping_status":"closed","template":"tpl-pages\/contact.php","meta":{"_acf_changed":false,"footnotes":""},"class_list":["post-6069","page","type-page","status-publish","hentry"],"acf":[],"yoast_head":"<!-- This site is optimized with the Yoast SEO plugin v26.7 - https:\/\/yoast.com\/wordpress\/plugins\/seo\/ -->\r\n<title>Contacto - TechRules<\/title>\r\n<meta name=\"robots\" content=\"index, follow, max-snippet:-1, max-image-preview:large, max-video-preview:-1\" \/>\r\n<link rel=\"canonical\" href=\"https:\/\/www.techrules.com\/es\/contacto-techrules\/\" \/>\r\n<meta property=\"og:locale\" content=\"es_ES\" \/>\r\n<meta property=\"og:type\" content=\"article\" \/>\r\n<meta property=\"og:title\" content=\"Contacto - TechRules\" \/>\r\n<meta property=\"og:description\" content=\"\u00a1Env\u00edenos su mensaje! &nbsp; Presencia internacional EUROPA Alemania Andorra B\u00e9lgica Espa\u00f1a Luxemburgo Noruega Reino Unido Suiza LATAM Chile Colombia Costa Rica M\u00e9xico Per\u00fa Norte Am\u00e9rica USA\" \/>\r\n<meta property=\"og:url\" content=\"https:\/\/www.techrules.com\/es\/contacto-techrules\/\" \/>\r\n<meta property=\"og:site_name\" content=\"TechRules\" \/>\r\n<meta property=\"article:modified_time\" content=\"2023-07-07T11:27:03+00:00\" \/>\r\n<meta property=\"og:image\" content=\"https:\/\/www.techrules.com\/wp-content\/uploads\/2023\/06\/TechRules-logo-300x107.png\" \/>\r\n<meta name=\"twitter:card\" content=\"summary_large_image\" \/>\r\n<meta name=\"twitter:label1\" content=\"Tiempo de lectura\" \/>\n\t<meta name=\"twitter:data1\" content=\"1 minuto\" \/>\r\n<script type=\"application\/ld+json\" class=\"yoast-schema-graph\">{\"@context\":\"https:\/\/schema.org\",\"@graph\":[{\"@type\":\"WebPage\",\"@id\":\"https:\/\/www.techrules.com\/es\/contacto-techrules\/\",\"url\":\"https:\/\/www.techrules.com\/es\/contacto-techrules\/\",\"name\":\"Contacto - TechRules\",\"isPartOf\":{\"@id\":\"https:\/\/www.techrules.com\/#website\"},\"primaryImageOfPage\":{\"@id\":\"https:\/\/www.techrules.com\/es\/contacto-techrules\/#primaryimage\"},\"image\":{\"@id\":\"https:\/\/www.techrules.com\/es\/contacto-techrules\/#primaryimage\"},\"thumbnailUrl\":\"https:\/\/www.techrules.com\/wp-content\/uploads\/2023\/06\/TechRules-logo-300x107.png\",\"datePublished\":\"2020-03-16T17:34:20+00:00\",\"dateModified\":\"2023-07-07T11:27:03+00:00\",\"breadcrumb\":{\"@id\":\"https:\/\/www.techrules.com\/es\/contacto-techrules\/#breadcrumb\"},\"inLanguage\":\"es\",\"potentialAction\":[{\"@type\":\"ReadAction\",\"target\":[\"https:\/\/www.techrules.com\/es\/contacto-techrules\/\"]}]},{\"@type\":\"ImageObject\",\"inLanguage\":\"es\",\"@id\":\"https:\/\/www.techrules.com\/es\/contacto-techrules\/#primaryimage\",\"url\":\"https:\/\/www.techrules.com\/wp-content\/uploads\/2023\/06\/TechRules-logo-300x107.png\",\"contentUrl\":\"https:\/\/www.techrules.com\/wp-content\/uploads\/2023\/06\/TechRules-logo-300x107.png\"},{\"@type\":\"BreadcrumbList\",\"@id\":\"https:\/\/www.techrules.com\/es\/contacto-techrules\/#breadcrumb\",\"itemListElement\":[{\"@type\":\"ListItem\",\"position\":1,\"name\":\"Home\",\"item\":\"https:\/\/www.techrules.com\/es\/\"},{\"@type\":\"ListItem\",\"position\":2,\"name\":\"Contacto\"}]},{\"@type\":\"WebSite\",\"@id\":\"https:\/\/www.techrules.com\/#website\",\"url\":\"https:\/\/www.techrules.com\/\",\"name\":\"TechRules\",\"description\":\"Wealth Management Solutions | TechRules\",\"potentialAction\":[{\"@type\":\"SearchAction\",\"target\":{\"@type\":\"EntryPoint\",\"urlTemplate\":\"https:\/\/www.techrules.com\/?s={search_term_string}\"},\"query-input\":{\"@type\":\"PropertyValueSpecification\",\"valueRequired\":true,\"valueName\":\"search_term_string\"}}],\"inLanguage\":\"es\"}]}<\/script>\r\n<!-- \/ Yoast SEO plugin. -->","yoast_head_json":{"title":"Contacto - TechRules","robots":{"index":"index","follow":"follow","max-snippet":"max-snippet:-1","max-image-preview":"max-image-preview:large","max-video-preview":"max-video-preview:-1"},"canonical":"https:\/\/www.techrules.com\/es\/contacto-techrules\/","og_locale":"es_ES","og_type":"article","og_title":"Contacto - TechRules","og_description":"\u00a1Env\u00edenos su mensaje! &nbsp; Presencia internacional EUROPA Alemania Andorra B\u00e9lgica Espa\u00f1a Luxemburgo Noruega Reino Unido Suiza LATAM Chile Colombia Costa Rica M\u00e9xico Per\u00fa Norte Am\u00e9rica USA","og_url":"https:\/\/www.techrules.com\/es\/contacto-techrules\/","og_site_name":"TechRules","article_modified_time":"2023-07-07T11:27:03+00:00","og_image":[{"url":"https:\/\/www.techrules.com\/wp-content\/uploads\/2023\/06\/TechRules-logo-300x107.png","type":"","width":"","height":""}],"twitter_card":"summary_large_image","twitter_misc":{"Tiempo de lectura":"1 minuto"},"schema":{"@context":"https:\/\/schema.org","@graph":[{"@type":"WebPage","@id":"https:\/\/www.techrules.com\/es\/contacto-techrules\/","url":"https:\/\/www.techrules.com\/es\/contacto-techrules\/","name":"Contacto - TechRules","isPartOf":{"@id":"https:\/\/www.techrules.com\/#website"},"primaryImageOfPage":{"@id":"https:\/\/www.techrules.com\/es\/contacto-techrules\/#primaryimage"},"image":{"@id":"https:\/\/www.techrules.com\/es\/contacto-techrules\/#primaryimage"},"thumbnailUrl":"https:\/\/www.techrules.com\/wp-content\/uploads\/2023\/06\/TechRules-logo-300x107.png","datePublished":"2020-03-16T17:34:20+00:00","dateModified":"2023-07-07T11:27:03+00:00","breadcrumb":{"@id":"https:\/\/www.techrules.com\/es\/contacto-techrules\/#breadcrumb"},"inLanguage":"es","potentialAction":[{"@type":"ReadAction","target":["https:\/\/www.techrules.com\/es\/contacto-techrules\/"]}]},{"@type":"ImageObject","inLanguage":"es","@id":"https:\/\/www.techrules.com\/es\/contacto-techrules\/#primaryimage","url":"https:\/\/www.techrules.com\/wp-content\/uploads\/2023\/06\/TechRules-logo-300x107.png","contentUrl":"https:\/\/www.techrules.com\/wp-content\/uploads\/2023\/06\/TechRules-logo-300x107.png"},{"@type":"BreadcrumbList","@id":"https:\/\/www.techrules.com\/es\/contacto-techrules\/#breadcrumb","itemListElement":[{"@type":"ListItem","position":1,"name":"Home","item":"https:\/\/www.techrules.com\/es\/"},{"@type":"ListItem","position":2,"name":"Contacto"}]},{"@type":"WebSite","@id":"https:\/\/www.techrules.com\/#website","url":"https:\/\/www.techrules.com\/","name":"TechRules","description":"Wealth Management Solutions | TechRules","potentialAction":[{"@type":"SearchAction","target":{"@type":"EntryPoint","urlTemplate":"https:\/\/www.techrules.com\/?s={search_term_string}"},"query-input":{"@type":"PropertyValueSpecification","valueRequired":true,"valueName":"search_term_string"}}],"inLanguage":"es"}]}},"_links":{"self":[{"href":"https:\/\/www.techrules.com\/es\/wp-json\/wp\/v2\/pages\/6069","targetHints":{"allow":["GET"]}}],"collection":[{"href":"https:\/\/www.techrules.com\/es\/wp-json\/wp\/v2\/pages"}],"about":[{"href":"https:\/\/www.techrules.com\/es\/wp-json\/wp\/v2\/types\/page"}],"author":[{"embeddable":true,"href":"https:\/\/www.techrules.com\/es\/wp-json\/wp\/v2\/users\/1"}],"replies":[{"embeddable":true,"href":"https:\/\/www.techrules.com\/es\/wp-json\/wp\/v2\/comments?post=6069"}],"version-history":[{"count":12,"href":"https:\/\/www.techrules.com\/es\/wp-json\/wp\/v2\/pages\/6069\/revisions"}],"predecessor-version":[{"id":10159,"href":"https:\/\/www.techrules.com\/es\/wp-json\/wp\/v2\/pages\/6069\/revisions\/10159"}],"wp:attachment":[{"href":"https:\/\/www.techrules.com\/es\/wp-json\/wp\/v2\/media?parent=6069"}],"curies":[{"name":"wp","href":"https:\/\/api.w.org\/{rel}","templated":true}]}}