{"id":6065,"date":"2020-04-18T19:07:56","date_gmt":"2020-04-18T19:07:56","guid":{"rendered":"https:\/\/demo9.scopica.es\/become-a-part-of-our-team\/"},"modified":"2023-07-07T11:28:25","modified_gmt":"2023-07-07T11:28:25","slug":"forma-parte-de-nuestro-equipo","status":"publish","type":"page","link":"https:\/\/www.techrules.com\/es\/forma-parte-de-nuestro-equipo\/","title":{"rendered":"Forma parte de nuestro equipo"},"content":{"rendered":"<p>&nbsp;<\/p>\n<section id=\"block-work-with-us\">\n<div class=\"container\">\n<div class=\"header-service\">\n<h2>Trabaja con <span class=\"c1\">nosotros<\/span><\/h2>\n<p>Contribuimos a la digitalizaci\u00f3n del sector financiero<\/p>\n<\/div>\n<div class=\"row h-100 justify-content-center align-items-top\">\n<div class=\"col-md-4\">\n<ul class=\"list-featured\">\n<li><b>\u00bfPor qu\u00e9 trabajar con TechRules?<\/b><\/li>\n<li>Profesionales del m\u00e1s alto nivel<\/li>\n<li>Clientes l\u00edderes del sector financiero<\/li>\n<li>Presencia internacional<\/li>\n<li>Enfocados en desarrollar nuestro capital humano<\/li>\n<\/ul>\n<\/div>\n<div class=\"col-md-4 col-center\">\n<ul class=\"list-featured\">\n<li><b>Nuestro ADN<\/b><\/li>\n<li>Innovaci\u00f3n<\/li>\n<li>Tecnolog\u00eda<\/li>\n<li>Iniciativa<\/li>\n<li>Creatividad<\/li>\n<li>Flexibilidad<\/li>\n<\/ul>\n<\/div>\n<div class=\"col-md-4\">\n<ul class=\"list-featured\">\n<li><b>Nuestros compromisos<\/b><\/li>\n<li>Clientes<\/li>\n<li>Equipo<\/li>\n<li>Responsabilidad social<\/li>\n<\/ul>\n<\/div>\n<h2>Vacantes <span class=\"c1\">disponibles<\/span><\/h2>\n<\/div>\n<p><!-- Quitar este comentario para abrir posiciones --><\/p>\n<div class=\"row\">\n<div class=\"col-md-4 my-3\">\n<div class=\"item-wwu\">\n<h3>BECA &#8211; Departamento de desarrollo<\/h3>\n<div class=\"row my-3\">\n<div class=\"col-2\"><img decoding=\"async\" data-src=\"https:\/\/www.techrules.com\/wp-content\/themes\/techrules\/img\/ico-tag.png\" alt=\"ico-tag\" src=\"data:image\/svg+xml;base64,PHN2ZyB3aWR0aD0iMSIgaGVpZ2h0PSIxIiB4bWxucz0iaHR0cDovL3d3dy53My5vcmcvMjAwMC9zdmciPjwvc3ZnPg==\" class=\"lazyload\" style=\"--smush-placeholder-width: 23px; --smush-placeholder-aspect-ratio: 23\/23;\" \/><\/div>\n<div class=\"col-10 p-0\">Finanzas, Consultor\u00eda, Atenci\u00f3n al cliente<\/div>\n<\/div>\n<div class=\"row my-3\">\n<div class=\"col-2\"><img decoding=\"async\" data-src=\"https:\/\/www.techrules.com\/wp-content\/themes\/techrules\/img\/ico-mark.png\" alt=\"ico-tag\" src=\"data:image\/svg+xml;base64,PHN2ZyB3aWR0aD0iMSIgaGVpZ2h0PSIxIiB4bWxucz0iaHR0cDovL3d3dy53My5vcmcvMjAwMC9zdmciPjwvc3ZnPg==\" class=\"lazyload\" style=\"--smush-placeholder-width: 17px; --smush-placeholder-aspect-ratio: 17\/26;\" \/><\/div>\n<div class=\"col-10 p-0\">Madrid<\/div>\n<\/div>\n<div class=\"btn-wrapper\"><a class=\"btn-rounded-transp-blue\" href=\"https:\/\/www.techrules.com\/es\/tecnico-en-programacion-y-creacion-de-modelos-cuantitativos\/\">Ver m\u00e1s<\/a><\/div>\n<\/div>\n<\/div>\n<div class=\"col-md-4 my-3\">\n<div class=\"item-wwu\">\n<h3>Jefe de proyecto PMO<\/h3>\n<div class=\"row my-3\">\n<div class=\"col-2\"><img decoding=\"async\" data-src=\"https:\/\/www.techrules.com\/wp-content\/themes\/techrules\/img\/ico-tag.png\" alt=\"ico-tag\" src=\"data:image\/svg+xml;base64,PHN2ZyB3aWR0aD0iMSIgaGVpZ2h0PSIxIiB4bWxucz0iaHR0cDovL3d3dy53My5vcmcvMjAwMC9zdmciPjwvc3ZnPg==\" class=\"lazyload\" style=\"--smush-placeholder-width: 23px; --smush-placeholder-aspect-ratio: 23\/23;\" \/><\/div>\n<div class=\"col-10 p-0\">\n<p>Finanzas, Consultor\u00eda, Atenci\u00f3n al cliente<\/p>\n<\/div>\n<\/div>\n<div class=\"row my-3\">\n<div class=\"col-2\"><img decoding=\"async\" data-src=\"https:\/\/www.techrules.com\/wp-content\/themes\/techrules\/img\/ico-mark.png\" alt=\"ico-mark\" src=\"data:image\/svg+xml;base64,PHN2ZyB3aWR0aD0iMSIgaGVpZ2h0PSIxIiB4bWxucz0iaHR0cDovL3d3dy53My5vcmcvMjAwMC9zdmciPjwvc3ZnPg==\" class=\"lazyload\" style=\"--smush-placeholder-width: 17px; --smush-placeholder-aspect-ratio: 17\/26;\" \/><\/div>\n<div class=\"col-10 p-0\">\n<p>Madrid<\/p>\n<\/div>\n<\/div>\n<div class=\"btn-wrapper\"><a class=\"btn-rounded-transp-blue\" href=\"https:\/\/www.techrules.com\/es\/vacante-pmo\/\">Ver m\u00e1s<\/a><\/div>\n<\/div>\n<\/div>\n<div class=\"col-md-4 my-3\">\n<div class=\"item-wwu\">\n<h3>Comercial para Lead Generation<\/h3>\n<div class=\"row my-3\">\n<div class=\"col-2\"><img decoding=\"async\" data-src=\"https:\/\/www.techrules.com\/wp-content\/themes\/techrules\/img\/ico-tag.png\" alt=\"ico-tag\" src=\"data:image\/svg+xml;base64,PHN2ZyB3aWR0aD0iMSIgaGVpZ2h0PSIxIiB4bWxucz0iaHR0cDovL3d3dy53My5vcmcvMjAwMC9zdmciPjwvc3ZnPg==\" class=\"lazyload\" style=\"--smush-placeholder-width: 23px; --smush-placeholder-aspect-ratio: 23\/23;\" \/><\/div>\n<div class=\"col-10 p-0\">\n<p>Finanzas, Consultor\u00eda, Atenci\u00f3n al cliente<\/p>\n<\/div>\n<\/div>\n<div class=\"row my-3\">\n<div class=\"col-2\"><img decoding=\"async\" data-src=\"https:\/\/www.techrules.com\/wp-content\/themes\/techrules\/img\/ico-mark.png\" alt=\"ico-mark\" src=\"data:image\/svg+xml;base64,PHN2ZyB3aWR0aD0iMSIgaGVpZ2h0PSIxIiB4bWxucz0iaHR0cDovL3d3dy53My5vcmcvMjAwMC9zdmciPjwvc3ZnPg==\" class=\"lazyload\" style=\"--smush-placeholder-width: 17px; --smush-placeholder-aspect-ratio: 17\/26;\" \/><\/div>\n<div class=\"col-10 p-0\">\n<p>Madrid<\/p>\n<\/div>\n<\/div>\n<div class=\"btn-wrapper\"><a class=\"btn-rounded-transp-blue\" href=\"https:\/\/www.techrules.com\/es\/vacante-lead-generation\/\">Ver m\u00e1s<\/a><\/div>\n<\/div>\n<\/div>\n<div class=\"col-md-4 my-3\">\n<div class=\"item-wwu\">\n<h3>Consultor Account Manager<\/h3>\n<div class=\"row my-3\">\n<div class=\"col-2\"><img decoding=\"async\" data-src=\"https:\/\/www.techrules.com\/wp-content\/themes\/techrules\/img\/ico-tag.png\" alt=\"ico-tag\" src=\"data:image\/svg+xml;base64,PHN2ZyB3aWR0aD0iMSIgaGVpZ2h0PSIxIiB4bWxucz0iaHR0cDovL3d3dy53My5vcmcvMjAwMC9zdmciPjwvc3ZnPg==\" class=\"lazyload\" style=\"--smush-placeholder-width: 23px; --smush-placeholder-aspect-ratio: 23\/23;\" \/><\/div>\n<div class=\"col-10 p-0\">\n<p>Finanzas, Consultor\u00eda, Atenci\u00f3n al cliente<\/p>\n<\/div>\n<\/div>\n<div class=\"row my-3\">\n<div class=\"col-2\"><img decoding=\"async\" data-src=\"https:\/\/www.techrules.com\/wp-content\/themes\/techrules\/img\/ico-mark.png\" alt=\"ico-mark\" src=\"data:image\/svg+xml;base64,PHN2ZyB3aWR0aD0iMSIgaGVpZ2h0PSIxIiB4bWxucz0iaHR0cDovL3d3dy53My5vcmcvMjAwMC9zdmciPjwvc3ZnPg==\" class=\"lazyload\" style=\"--smush-placeholder-width: 17px; --smush-placeholder-aspect-ratio: 17\/26;\" \/><\/div>\n<div class=\"col-10 p-0\">\n<p>Madrid &#8211; M\u00e9xico<\/p>\n<\/div>\n<\/div>\n<div class=\"btn-wrapper\"><a class=\"btn-rounded-transp-blue\" href=\"https:\/\/www.techrules.com\/es\/vacante-comercial\/\">Ver m\u00e1s<\/a><\/div>\n<\/div>\n<\/div>\n<\/div>\n<\/div>\n<\/section>\n<section id=\"block-contact-rrhh\" class=\"py-5\">\n<div class=\"container\">\n<p class=\"tx1\">Env\u00eda<span class=\"c1\"> tu CV<\/span><\/p>\n<p class=\"tx2\">\u00bfTe gustar\u00eda trabajar en la empresa l\u00edder en soluciones de Wealth Management? Si tus valores van<br \/>\nen esta direcci\u00f3n, TechRules est\u00e1 buscando profesionales como t\u00fa para trabajar con metodolog\u00edas \u00e1giles y en<br \/>\nun ambiente colaborativo<\/p>\n<div class=\"row\">\n<div class=\"col-md-6 offset-md-3\">\n<div class=\"wpcf7 no-js\" id=\"wpcf7-f5961-o1\" lang=\"en-US\" dir=\"ltr\" data-wpcf7-id=\"5961\">\n<div class=\"screen-reader-response\"><p role=\"status\" aria-live=\"polite\" aria-atomic=\"true\"><\/p> <ul><\/ul><\/div>\n<form action=\"\/es\/wp-json\/wp\/v2\/pages\/6065#wpcf7-f5961-o1\" method=\"post\" class=\"wpcf7-form init wpcf7-acceptance-as-validation\" aria-label=\"Contact form\" enctype=\"multipart\/form-data\" novalidate=\"novalidate\" data-status=\"init\">\n<fieldset class=\"hidden-fields-container\"><input type=\"hidden\" name=\"_wpcf7\" value=\"5961\" \/><input type=\"hidden\" name=\"_wpcf7_version\" value=\"6.1.4\" \/><input type=\"hidden\" name=\"_wpcf7_locale\" value=\"en_US\" \/><input type=\"hidden\" name=\"_wpcf7_unit_tag\" value=\"wpcf7-f5961-o1\" \/><input type=\"hidden\" name=\"_wpcf7_container_post\" value=\"0\" \/><input type=\"hidden\" name=\"_wpcf7_posted_data_hash\" value=\"\" \/><input type=\"hidden\" name=\"_wpcf7_recaptcha_response\" value=\"\" \/>\n<\/fieldset>\n<div id=\"contact-form-rrhh\" class=\"es\">\n    <div class=\"row\">\n        <div class=\"col-md-6\">\n            <div class=\"form-group\">\n                <span class=\"input-group\">\n                    <img decoding=\"async\" data-src=\"https:\/\/www.techrules.com\/wp-content\/themes\/techrules\/img\/footer-form-user.png\" src=\"data:image\/svg+xml;base64,PHN2ZyB3aWR0aD0iMSIgaGVpZ2h0PSIxIiB4bWxucz0iaHR0cDovL3d3dy53My5vcmcvMjAwMC9zdmciPjwvc3ZnPg==\" class=\"lazyload\" style=\"--smush-placeholder-width: 32px; --smush-placeholder-aspect-ratio: 32\/32;\">\n                    <span class=\"wpcf7-form-control-wrap\" data-name=\"lead-name\"><input size=\"40\" maxlength=\"400\" class=\"wpcf7-form-control wpcf7-text wpcf7-validates-as-required\" aria-required=\"true\" aria-invalid=\"false\" placeholder=\"Nombre\" value=\"\" type=\"text\" name=\"lead-name\" \/><\/span>\n                <\/span>\n            <\/div>           \n        <\/div>\n        <div class=\"col-md-6\">\n            <div class=\"form-group\">\n                <span class=\"input-group\">\n                    <img decoding=\"async\" data-src=\"https:\/\/www.techrules.com\/wp-content\/themes\/techrules\/img\/footer-form-user.png\" src=\"data:image\/svg+xml;base64,PHN2ZyB3aWR0aD0iMSIgaGVpZ2h0PSIxIiB4bWxucz0iaHR0cDovL3d3dy53My5vcmcvMjAwMC9zdmciPjwvc3ZnPg==\" class=\"lazyload\" style=\"--smush-placeholder-width: 32px; --smush-placeholder-aspect-ratio: 32\/32;\">\n                    <span class=\"wpcf7-form-control-wrap\" data-name=\"last-name\"><input size=\"40\" maxlength=\"400\" class=\"wpcf7-form-control wpcf7-text\" aria-invalid=\"false\" placeholder=\"Apellidos\" value=\"\" type=\"text\" name=\"last-name\" \/><\/span>\n                <\/span>\n            <\/div>\n        <\/div>\n<div class=\"col-md-12\">\n <div class=\"form-group\">\n                <span class=\"input-group\">\n                    <img decoding=\"async\" data-src=\"https:\/\/www.techrules.com\/wp-content\/themes\/techrules\/img\/footer-form-mail.png\" src=\"data:image\/svg+xml;base64,PHN2ZyB3aWR0aD0iMSIgaGVpZ2h0PSIxIiB4bWxucz0iaHR0cDovL3d3dy53My5vcmcvMjAwMC9zdmciPjwvc3ZnPg==\" class=\"lazyload\" style=\"--smush-placeholder-width: 32px; --smush-placeholder-aspect-ratio: 32\/32;\">\n                    <span class=\"wpcf7-form-control-wrap\" data-name=\"lead-email\"><input size=\"40\" maxlength=\"400\" class=\"wpcf7-form-control wpcf7-email wpcf7-validates-as-required wpcf7-text wpcf7-validates-as-email\" aria-required=\"true\" aria-invalid=\"false\" placeholder=\"Email\" value=\"\" type=\"email\" name=\"lead-email\" \/><\/span>\n                <\/span>\n            <\/div>\n<\/div>\n        <div class=\"col-md-12\">\n            <div class=\"form-group\">\n                <span class=\"input-group w100\">\n                    <img decoding=\"async\" data-src=\"https:\/\/www.techrules.com\/wp-content\/themes\/techrules\/img\/footer-form-file.png\" src=\"data:image\/svg+xml;base64,PHN2ZyB3aWR0aD0iMSIgaGVpZ2h0PSIxIiB4bWxucz0iaHR0cDovL3d3dy53My5vcmcvMjAwMC9zdmciPjwvc3ZnPg==\" class=\"lazyload\" style=\"--smush-placeholder-width: 32px; --smush-placeholder-aspect-ratio: 32\/32;\">\n                    <span class=\"wpcf7-form-control-wrap\" data-name=\"file\"><input size=\"40\" class=\"wpcf7-form-control wpcf7-file wpcf7-validates-as-required\" accept=\".pdf,.doc,.docx\" aria-required=\"true\" aria-invalid=\"false\" type=\"file\" name=\"file\" \/><\/span>\n                    <span class=\"filename\">Curriculum vitae<\/span>\n                <\/span>\n            <\/div>\n        <\/div>\n    <\/div>\n    <div class=\"row\">\n        <div class=\"col-md-12\">\n            <span class=\"wpcf7-form-control-wrap\" data-name=\"your-consent\"><span class=\"wpcf7-form-control wpcf7-acceptance\"><span class=\"wpcf7-list-item\"><label><input type=\"checkbox\" name=\"your-consent\" value=\"1\" aria-invalid=\"false\" \/><span class=\"wpcf7-list-item-label\">Al enviar este formulario, usted acepta recibir informaci\u00f3n comercial, los <a\n                    href=\"https:\/\/www.techrules.com\/terms-and-conditions\/\" target=\"_blank\">t\u00e9rminos del servicio<\/a>, la <a href=\"\/privacy-policy\/\" target=\"_blank\">pol\u00edtica de privacidad<\/a> y <a href=\"\/es\/politica-de-cookies\/\">cookies<\/a>.<\/span><\/label><\/span><\/span><\/span>\n \n        <\/div>\n    <\/div>\n    <div class=\"row\">\n        <div class=\"col-md-12\">\n            <input class=\"wpcf7-form-control wpcf7-submit has-spinner\" type=\"submit\" value=\"Enviar CV\" \/>\n        <\/div>\n    <\/div>\n<\/div><div class=\"wpcf7-response-output\" aria-hidden=\"true\"><\/div>\n<\/form>\n<\/div>\n<\/div>\n<\/div>\n<\/div>\n<\/section>\n","protected":false},"excerpt":{"rendered":"<p>&nbsp; Trabaja con nosotros Contribuimos a la digitalizaci\u00f3n del sector financiero \u00bfPor qu\u00e9 trabajar con TechRules? Profesionales del m\u00e1s alto nivel Clientes l\u00edderes del sector financiero Presencia internacional Enfocados en desarrollar nuestro capital humano Nuestro ADN Innovaci\u00f3n Tecnolog\u00eda Iniciativa Creatividad Flexibilidad Nuestros compromisos Clientes Equipo Responsabilidad social Vacantes disponibles BECA &#8211; Departamento de desarrollo Finanzas, [&hellip;]<\/p>\n","protected":false},"author":1,"featured_media":0,"parent":0,"menu_order":0,"comment_status":"closed","ping_status":"closed","template":"tpl-pages\/work-with-us.php","meta":{"_acf_changed":false,"footnotes":""},"class_list":["post-6065","page","type-page","status-publish","hentry"],"acf":[],"yoast_head":"<!-- This site is optimized with the Yoast SEO plugin v26.7 - https:\/\/yoast.com\/wordpress\/plugins\/seo\/ -->\r\n<title>Forma parte de nuestro equipo - TechRules<\/title>\r\n<meta name=\"robots\" content=\"index, follow, max-snippet:-1, max-image-preview:large, max-video-preview:-1\" \/>\r\n<link rel=\"canonical\" href=\"https:\/\/www.techrules.com\/es\/forma-parte-de-nuestro-equipo\/\" \/>\r\n<meta property=\"og:locale\" content=\"es_ES\" \/>\r\n<meta property=\"og:type\" content=\"article\" \/>\r\n<meta property=\"og:title\" content=\"Forma parte de nuestro equipo - TechRules\" \/>\r\n<meta property=\"og:description\" content=\"&nbsp; Trabaja con nosotros Contribuimos a la digitalizaci\u00f3n del sector financiero \u00bfPor qu\u00e9 trabajar con TechRules? Profesionales del m\u00e1s alto nivel Clientes l\u00edderes del sector financiero Presencia internacional Enfocados en desarrollar nuestro capital humano Nuestro ADN Innovaci\u00f3n Tecnolog\u00eda Iniciativa Creatividad Flexibilidad Nuestros compromisos Clientes Equipo Responsabilidad social Vacantes disponibles BECA &#8211; Departamento de desarrollo Finanzas, [&hellip;]\" \/>\r\n<meta property=\"og:url\" content=\"https:\/\/www.techrules.com\/es\/forma-parte-de-nuestro-equipo\/\" \/>\r\n<meta property=\"og:site_name\" content=\"TechRules\" \/>\r\n<meta property=\"article:modified_time\" content=\"2023-07-07T11:28:25+00:00\" \/>\r\n<meta name=\"twitter:card\" content=\"summary_large_image\" \/>\r\n<meta name=\"twitter:label1\" content=\"Tiempo de lectura\" \/>\n\t<meta name=\"twitter:data1\" content=\"1 minuto\" \/>\r\n<script type=\"application\/ld+json\" class=\"yoast-schema-graph\">{\"@context\":\"https:\/\/schema.org\",\"@graph\":[{\"@type\":\"WebPage\",\"@id\":\"https:\/\/www.techrules.com\/es\/forma-parte-de-nuestro-equipo\/\",\"url\":\"https:\/\/www.techrules.com\/es\/forma-parte-de-nuestro-equipo\/\",\"name\":\"Forma parte de nuestro equipo - TechRules\",\"isPartOf\":{\"@id\":\"https:\/\/www.techrules.com\/#website\"},\"datePublished\":\"2020-04-18T19:07:56+00:00\",\"dateModified\":\"2023-07-07T11:28:25+00:00\",\"breadcrumb\":{\"@id\":\"https:\/\/www.techrules.com\/es\/forma-parte-de-nuestro-equipo\/#breadcrumb\"},\"inLanguage\":\"es\",\"potentialAction\":[{\"@type\":\"ReadAction\",\"target\":[\"https:\/\/www.techrules.com\/es\/forma-parte-de-nuestro-equipo\/\"]}]},{\"@type\":\"BreadcrumbList\",\"@id\":\"https:\/\/www.techrules.com\/es\/forma-parte-de-nuestro-equipo\/#breadcrumb\",\"itemListElement\":[{\"@type\":\"ListItem\",\"position\":1,\"name\":\"Home\",\"item\":\"https:\/\/www.techrules.com\/es\/\"},{\"@type\":\"ListItem\",\"position\":2,\"name\":\"Forma parte de nuestro equipo\"}]},{\"@type\":\"WebSite\",\"@id\":\"https:\/\/www.techrules.com\/#website\",\"url\":\"https:\/\/www.techrules.com\/\",\"name\":\"TechRules\",\"description\":\"Wealth Management Solutions | TechRules\",\"potentialAction\":[{\"@type\":\"SearchAction\",\"target\":{\"@type\":\"EntryPoint\",\"urlTemplate\":\"https:\/\/www.techrules.com\/?s={search_term_string}\"},\"query-input\":{\"@type\":\"PropertyValueSpecification\",\"valueRequired\":true,\"valueName\":\"search_term_string\"}}],\"inLanguage\":\"es\"}]}<\/script>\r\n<!-- \/ Yoast SEO plugin. -->","yoast_head_json":{"title":"Forma parte de nuestro equipo - TechRules","robots":{"index":"index","follow":"follow","max-snippet":"max-snippet:-1","max-image-preview":"max-image-preview:large","max-video-preview":"max-video-preview:-1"},"canonical":"https:\/\/www.techrules.com\/es\/forma-parte-de-nuestro-equipo\/","og_locale":"es_ES","og_type":"article","og_title":"Forma parte de nuestro equipo - TechRules","og_description":"&nbsp; Trabaja con nosotros Contribuimos a la digitalizaci\u00f3n del sector financiero \u00bfPor qu\u00e9 trabajar con TechRules? Profesionales del m\u00e1s alto nivel Clientes l\u00edderes del sector financiero Presencia internacional Enfocados en desarrollar nuestro capital humano Nuestro ADN Innovaci\u00f3n Tecnolog\u00eda Iniciativa Creatividad Flexibilidad Nuestros compromisos Clientes Equipo Responsabilidad social Vacantes disponibles BECA &#8211; Departamento de desarrollo Finanzas, [&hellip;]","og_url":"https:\/\/www.techrules.com\/es\/forma-parte-de-nuestro-equipo\/","og_site_name":"TechRules","article_modified_time":"2023-07-07T11:28:25+00:00","twitter_card":"summary_large_image","twitter_misc":{"Tiempo de lectura":"1 minuto"},"schema":{"@context":"https:\/\/schema.org","@graph":[{"@type":"WebPage","@id":"https:\/\/www.techrules.com\/es\/forma-parte-de-nuestro-equipo\/","url":"https:\/\/www.techrules.com\/es\/forma-parte-de-nuestro-equipo\/","name":"Forma parte de nuestro equipo - TechRules","isPartOf":{"@id":"https:\/\/www.techrules.com\/#website"},"datePublished":"2020-04-18T19:07:56+00:00","dateModified":"2023-07-07T11:28:25+00:00","breadcrumb":{"@id":"https:\/\/www.techrules.com\/es\/forma-parte-de-nuestro-equipo\/#breadcrumb"},"inLanguage":"es","potentialAction":[{"@type":"ReadAction","target":["https:\/\/www.techrules.com\/es\/forma-parte-de-nuestro-equipo\/"]}]},{"@type":"BreadcrumbList","@id":"https:\/\/www.techrules.com\/es\/forma-parte-de-nuestro-equipo\/#breadcrumb","itemListElement":[{"@type":"ListItem","position":1,"name":"Home","item":"https:\/\/www.techrules.com\/es\/"},{"@type":"ListItem","position":2,"name":"Forma parte de nuestro equipo"}]},{"@type":"WebSite","@id":"https:\/\/www.techrules.com\/#website","url":"https:\/\/www.techrules.com\/","name":"TechRules","description":"Wealth Management Solutions | TechRules","potentialAction":[{"@type":"SearchAction","target":{"@type":"EntryPoint","urlTemplate":"https:\/\/www.techrules.com\/?s={search_term_string}"},"query-input":{"@type":"PropertyValueSpecification","valueRequired":true,"valueName":"search_term_string"}}],"inLanguage":"es"}]}},"_links":{"self":[{"href":"https:\/\/www.techrules.com\/es\/wp-json\/wp\/v2\/pages\/6065","targetHints":{"allow":["GET"]}}],"collection":[{"href":"https:\/\/www.techrules.com\/es\/wp-json\/wp\/v2\/pages"}],"about":[{"href":"https:\/\/www.techrules.com\/es\/wp-json\/wp\/v2\/types\/page"}],"author":[{"embeddable":true,"href":"https:\/\/www.techrules.com\/es\/wp-json\/wp\/v2\/users\/1"}],"replies":[{"embeddable":true,"href":"https:\/\/www.techrules.com\/es\/wp-json\/wp\/v2\/comments?post=6065"}],"version-history":[{"count":33,"href":"https:\/\/www.techrules.com\/es\/wp-json\/wp\/v2\/pages\/6065\/revisions"}],"predecessor-version":[{"id":10160,"href":"https:\/\/www.techrules.com\/es\/wp-json\/wp\/v2\/pages\/6065\/revisions\/10160"}],"wp:attachment":[{"href":"https:\/\/www.techrules.com\/es\/wp-json\/wp\/v2\/media?parent=6065"}],"curies":[{"name":"wp","href":"https:\/\/api.w.org\/{rel}","templated":true}]}}