{"id":6061,"date":"2020-03-17T12:36:39","date_gmt":"2020-03-17T12:36:39","guid":{"rendered":"https:\/\/demo9.scopica.es\/diy-investors\/"},"modified":"2023-07-07T11:29:18","modified_gmt":"2023-07-07T11:29:18","slug":"diy-investors","status":"publish","type":"page","link":"https:\/\/www.techrules.com\/es\/diy-investors\/","title":{"rendered":"DIY Investors"},"content":{"rendered":"<section id=\"block-diy-main\">\n<div class=\"pix-wrapper\"><img decoding=\"async\" class=\"pix1 lazyload\" data-src=\"https:\/\/www.techrules.com\/wp-content\/themes\/techrules\/img\/diy-bg-pix1.png\" alt=\"diy-difu\" src=\"data:image\/svg+xml;base64,PHN2ZyB3aWR0aD0iMSIgaGVpZ2h0PSIxIiB4bWxucz0iaHR0cDovL3d3dy53My5vcmcvMjAwMC9zdmciPjwvc3ZnPg==\" style=\"--smush-placeholder-width: 70px; --smush-placeholder-aspect-ratio: 70\/67;\" \/><br \/>\n<img decoding=\"async\" class=\"pix2 lazyload\" data-src=\"https:\/\/www.techrules.com\/wp-content\/themes\/techrules\/img\/diy-bg-pix2.png\" alt=\"diy-difu\" src=\"data:image\/svg+xml;base64,PHN2ZyB3aWR0aD0iMSIgaGVpZ2h0PSIxIiB4bWxucz0iaHR0cDovL3d3dy53My5vcmcvMjAwMC9zdmciPjwvc3ZnPg==\" style=\"--smush-placeholder-width: 48px; --smush-placeholder-aspect-ratio: 48\/54;\" \/><\/div>\n<div class=\"row h-100 justify-content-center align-items-center\">\n<div class=\"col-md-5 offset-md-1 col-12\">\n<div class=\"header-service\">\n<h2>Una visi\u00f3n completa<br \/>\n<span class=\"c1\">del mecado y de su cartera<\/span><\/h2>\n<p><b>Los algoritmos, an\u00e1lisis de riesgo, back y forward testing desarrollados por TechRules, permitir\u00e1n al inversor obtener una la mejor visi\u00f3n actualizada y precisa del comportamiento de su cartera de forma aut\u00f3noma y desde cualquier dispositivo.<\/b><\/p>\n<p>&nbsp;<\/p>\n<p>Dise\u00f1e su propio conjunto de herramientas avanzadas con indicadores de rendimiento, riesgo y an\u00e1lisis de datos con una interfaz centrada en el dise\u00f1o intuitiva para ayudar a los usuarios a tomar las mejores decisiones de inversi\u00f3n.<\/p>\n<p>&nbsp;<\/p>\n<p>Genere nuevas l\u00edneas de negocio y Aproveche las nuevas tendencias de inversi\u00f3n de clientes forma aut\u00f3noma, ayude a los usuarios que quieren crear y gestionar su propia cartera estrategia de inversi\u00f3n con una plataforma que les permitir\u00e1 desarrollar la mejor estrategia y tomar las mejores decisiones de inversi\u00f3n.<\/p>\n<\/div>\n<\/div>\n<div class=\"col-md-6 mt-xs-3 col-12 pr-0\"><img decoding=\"async\" data-src=\"https:\/\/www.techrules.com\/wp-content\/themes\/techrules\/img\/diy-grafi.png\" alt=\"diy-grzafi\" data-aos=\"fade-left\" src=\"data:image\/svg+xml;base64,PHN2ZyB3aWR0aD0iMSIgaGVpZ2h0PSIxIiB4bWxucz0iaHR0cDovL3d3dy53My5vcmcvMjAwMC9zdmciPjwvc3ZnPg==\" class=\"lazyload\" style=\"--smush-placeholder-width: 1001px; --smush-placeholder-aspect-ratio: 1001\/957;\" \/><\/div>\n<\/div>\n<\/section>\n<section id=\"block-diy-cta\">\n<div class=\"pix-left\" data-aos=\"pix-left\" data-aos-duration=\"2000\"><\/div>\n<div class=\"container\">\n<div class=\"row\">\n<div class=\"col-12 p-0\">\n<div class=\"row\">\n<div class=\"col-md-8 col-12 bg3 p-5\">\n<p class=\"tx1\">Mejore el rendimiento en sus carteras de inversi\u00f3n:<\/p>\n<div class=\"row\">\n<div class=\"col-6\">\n<ul class=\"list-red\">\n<li>Sistema automatizado de gesti\u00f3n de carteras<\/li>\n<li>Alertas autom\u00e1ticas<\/li>\n<li>Indicadores de riesgo<\/li>\n<li>Oportunidades de inversi\u00f3n<\/li>\n<\/ul>\n<\/div>\n<div class=\"col-6\">\n<ul class=\"list-red\">\n<li>Herramientas de inversi\u00f3n<\/li>\n<li>Multiple-asset screener<\/li>\n<li>Inteligencia artificial<\/li>\n<\/ul>\n<\/div>\n<\/div>\n<\/div>\n<div class=\"col-md-4 col-12 p-5 bg4 text-center d-flex justify-content-center\">\n<div class=\"align-self-center\">\n<p class=\"tx3\">\u00bfNecesita respuestas?<\/p>\n<p><a class=\"btn-rounded-green\" href=\"\/es\/contacto-techrules\/\">Contactar<\/a><\/p>\n<\/div>\n<\/div>\n<\/div>\n<p><img decoding=\"async\" data-src=\"https:\/\/www.techrules.com\/wp-content\/themes\/techrules\/img\/diy-bg-02.jpg\" alt=\"diy-bg\" src=\"data:image\/svg+xml;base64,PHN2ZyB3aWR0aD0iMSIgaGVpZ2h0PSIxIiB4bWxucz0iaHR0cDovL3d3dy53My5vcmcvMjAwMC9zdmciPjwvc3ZnPg==\" class=\"lazyload\" style=\"--smush-placeholder-width: 1545px; --smush-placeholder-aspect-ratio: 1545\/212;\" \/><\/p>\n<\/div>\n<\/div>\n<\/div>\n<\/section>\n<section id=\"block-portfolio-manager\">\n<div class=\"row\">\n<div class=\"col-md-5 offset-md-1 col-12\">\n<div class=\"header-service\">\n<h2>Gestor<br \/>\n<span class=\"c1\">de carteras<\/span><\/h2>\n<p><b>Nuestro gestor de carteras ofrece un an\u00e1lisis independiente y transparente para particulares y asesores independientes, compara distintos fondos y permite un mayor conocimiento del comportamiento de mercado. Este an\u00e1lisis aportar\u00e1n una visi\u00f3n \u00fanica del mercado y permitir\u00e1n obtener potentes \u00f3ptimas oportunidades de mercado. Adem\u00e1s, a\u00f1ade un an\u00e1lisis relacionando la de distribuci\u00f3n y retorno de la cartera con los seg\u00fan diferentes mercados y carteras de inversi\u00f3n.<\/b><\/p>\n<p>&nbsp;<\/p>\n<div class=\"row my-5\">\n<div class=\"col-6\">\n<ul class=\"list-featured\">\n<li><b>Gesti\u00f3n de carteras y rebalanceo: <\/b> Herramientas profesionales para dise\u00f1ar y gestionar las carteras de inversi\u00f3n<\/li>\n<li><b>Reporting:<\/b> an\u00e1lisis cuantitativo avanzado de activos<\/li>\n<li><b>Seguimiento y alertas: <\/b> Notificaciones de cualquier cambio en su cartera<\/li>\n<li><b>Indicadores claves y an\u00e1lisis de carteras: <\/b> Seguimiento de carteras basado en una metodolog\u00eda de indicadores<\/li>\n<\/ul>\n<\/div>\n<div class=\"col-6\">\n<ul class=\"list-featured\">\n<li><b>Integraci\u00f3n completa de la suite de herramientas<\/b><\/li>\n<li><b>Optimizador: <\/b> Herramienta sencilla y efectiva para mejorar el rendimiento de su cartera<\/li>\n<li><b>Planificaci\u00f3n financiera: <\/b> Herramienta de organizaci\u00f3n financiera de usarios para objetivos prefijados<\/li>\n<\/ul>\n<\/div>\n<\/div>\n<\/div>\n<\/div>\n<div class=\"col-md-6 mt-xs-3 col-12 text-right pr-0\"><img decoding=\"async\" data-src=\"https:\/\/www.techrules.com\/wp-content\/themes\/techrules\/img\/diy-grafi2.png\" alt=\"diy-grafi\" data-aos=\"fade-left\" src=\"data:image\/svg+xml;base64,PHN2ZyB3aWR0aD0iMSIgaGVpZ2h0PSIxIiB4bWxucz0iaHR0cDovL3d3dy53My5vcmcvMjAwMC9zdmciPjwvc3ZnPg==\" class=\"lazyload\" style=\"--smush-placeholder-width: 787px; --smush-placeholder-aspect-ratio: 787\/1002;\" \/><\/div>\n<\/div>\n<\/section>\n<section id=\"block-market-analysis\">\n<div class=\"container\">\n<div class=\"row\">\n<div class=\"col-lg-8 mb-5\">\n<h3><span class=\"c1\">An\u00e1lisis<\/span><br \/>\nde mercado<\/h3>\n<p>Obtenga un an\u00e1lisis de los mercados de forma general o focalizado en los que est\u00e1n interesados en operar. Los componentes del an\u00e1lisis incluyen un amplio n\u00famero de herramientas para evaluar el mercado<\/p>\n<\/div>\n<\/div>\n<div class=\"row mbx\">\n<div class=\"col-md-5\">\n<ul class=\"list-featured\">\n<li><b>Listado de activos:<\/b> listado de diferentes instrumentos e informaci\u00f3n de las principales mercados burs\u00e1tiles<\/li>\n<li><b>Comparador:<\/b> una tabla visual para la mejor selecci\u00f3n seg\u00fan sus necesidades<\/li>\n<li><b>An\u00e1lisis de mercado: <\/b> Rastreador de la evoluci\u00f3n, la tendencia y el riesgo de los principales mercados a nivel internacional<\/li>\n<li><b>Buscador de activos:<\/b> filtro multiopci\u00f3n de activos usando filtros por mercado, gestor o divisa.<\/li>\n<\/ul>\n<\/div>\n<div class=\"col-md-5 offset-md-1\">\n<ul class=\"list-featured\">\n<li><b>Noticias relacionadas a la cartera: <\/b> informaci\u00f3n de mercados a nivel local e internacional de fuentes espec\u00edficas o redes sociales.<\/li>\n<li><b>Ideas de inversi\u00f3n: <\/b>Inteligencia artificial y algoritmos basados en Machine Learning que permiten encontrar el mejor activo<\/li>\n<li><b>Activos favoritos: <\/b> lista personal de sus activos favoritos para seguirlos mediante nuestro T-Report<\/li>\n<li><b>Gr\u00e1ficos:<\/b> Visor de datos informaci\u00f3n m\u00e1s relevantes de cualquier activos para tomar mejores decisiones de inversi\u00f3n<\/li>\n<\/ul>\n<\/div>\n<\/div>\n<\/div>\n<div class=\"grafi-anim\"><img decoding=\"async\" class=\"g1 lazyload\" data-src=\"https:\/\/www.techrules.com\/wp-content\/themes\/techrules\/img\/diy-bg-ma-03.jpg\" alt=\"diy-grafibg\" src=\"data:image\/svg+xml;base64,PHN2ZyB3aWR0aD0iMSIgaGVpZ2h0PSIxIiB4bWxucz0iaHR0cDovL3d3dy53My5vcmcvMjAwMC9zdmciPjwvc3ZnPg==\" style=\"--smush-placeholder-width: 1760px; --smush-placeholder-aspect-ratio: 1760\/479;\" \/><br \/>\n<img decoding=\"async\" class=\"g2 lazyload\" data-src=\"https:\/\/www.techrules.com\/wp-content\/themes\/techrules\/img\/diy-bg-ma-03-z.jpg\" alt=\"diy-grafibf2\" data-aos=\"width-inverse\" data-aos-duration=\"2000\" src=\"data:image\/svg+xml;base64,PHN2ZyB3aWR0aD0iMSIgaGVpZ2h0PSIxIiB4bWxucz0iaHR0cDovL3d3dy53My5vcmcvMjAwMC9zdmciPjwvc3ZnPg==\" style=\"--smush-placeholder-width: 1760px; --smush-placeholder-aspect-ratio: 1760\/479;\" \/><\/div>\n<\/section>\n<section id=\"block-ra-benefits\">\n<h3 class=\"p5\">Beneficios de DIY Investor<\/h3>\n<div class=\"container\">\n<div class=\"row\">\n<div class=\"col-md-6\">\n<div class=\"row my-3\">\n<div class=\"col-4 text-center\"><img decoding=\"async\" data-src=\"https:\/\/www.techrules.com\/wp-content\/themes\/techrules\/img\/diy-benef-01.png\" alt=\"diy-benef1\" src=\"data:image\/svg+xml;base64,PHN2ZyB3aWR0aD0iMSIgaGVpZ2h0PSIxIiB4bWxucz0iaHR0cDovL3d3dy53My5vcmcvMjAwMC9zdmciPjwvc3ZnPg==\" class=\"lazyload\" style=\"--smush-placeholder-width: 62px; --smush-placeholder-aspect-ratio: 62\/62;\" \/><\/div>\n<div class=\"col-6\">\n<p class=\"tx1\">Decisiones de inversi\u00f3n basadas en Inteligencia Artificial y Machine Learning<\/p>\n<p class=\"tx2\">Gesti\u00f3n de carteras y rebalanceo<\/p>\n<\/div>\n<\/div>\n<div class=\"row my-3\">\n<div class=\"col-4 text-center\"><img decoding=\"async\" data-src=\"https:\/\/www.techrules.com\/wp-content\/themes\/techrules\/img\/diy-benef-03.png\" alt=\"diy-benef2\" src=\"data:image\/svg+xml;base64,PHN2ZyB3aWR0aD0iMSIgaGVpZ2h0PSIxIiB4bWxucz0iaHR0cDovL3d3dy53My5vcmcvMjAwMC9zdmciPjwvc3ZnPg==\" class=\"lazyload\" style=\"--smush-placeholder-width: 60px; --smush-placeholder-aspect-ratio: 60\/53;\" \/><\/div>\n<div class=\"col-6\">\n<p class=\"tx1\">F\u00e1cil integraci\u00f3n de datos<\/p>\n<p class=\"tx2\">Datos no estructurados, an\u00e1lisis internos y base de datos propias<\/p>\n<\/div>\n<\/div>\n<\/div>\n<div class=\"col-md-6\">\n<div class=\"row my-3\">\n<div class=\"col-4 text-center\"><img decoding=\"async\" data-src=\"https:\/\/www.techrules.com\/wp-content\/themes\/techrules\/img\/diy-benef-02.png\" alt=\"diy-benef3\" src=\"data:image\/svg+xml;base64,PHN2ZyB3aWR0aD0iMSIgaGVpZ2h0PSIxIiB4bWxucz0iaHR0cDovL3d3dy53My5vcmcvMjAwMC9zdmciPjwvc3ZnPg==\" class=\"lazyload\" style=\"--smush-placeholder-width: 45px; --smush-placeholder-aspect-ratio: 45\/72;\" \/><\/div>\n<div class=\"col-6\">\n<p class=\"tx1\">Integraci\u00f3n con sistemas<\/p>\n<p class=\"tx2\">PMS, OMS y back-office existentes<\/p>\n<\/div>\n<\/div>\n<div class=\"row my-3\">\n<div class=\"col-4 text-center\"><img decoding=\"async\" data-src=\"https:\/\/www.techrules.com\/wp-content\/themes\/techrules\/img\/diy-benef-04.png\" alt=\"diy-benef4\" src=\"data:image\/svg+xml;base64,PHN2ZyB3aWR0aD0iMSIgaGVpZ2h0PSIxIiB4bWxucz0iaHR0cDovL3d3dy53My5vcmcvMjAwMC9zdmciPjwvc3ZnPg==\" class=\"lazyload\" style=\"--smush-placeholder-width: 61px; --smush-placeholder-aspect-ratio: 61\/61;\" \/><\/div>\n<div class=\"col-6\">\n<p class=\"tx1\">Plataforma a medida<\/p>\n<p class=\"tx2\">Funciones de Front-end, mercados, activos, transaccional y de cartera<\/p>\n<\/div>\n<\/div>\n<\/div>\n<\/div>\n<\/div>\n<\/section>\n<section id=\"block-cutting-2\">\n<div class=\"about-bottom-deco container p-0\"><!--<img decoding=\"async\" class=\"bg-mt-about-4 lazyload\" data-paroller-factor=\"-0.4\" data-paroller-factor-xs=\"0.1\" data-paroller-type=\"foreground\" data-paroller-direction=\"vertical\" data-src=\"[url_tema]\/img\/about-bgm-1.png\" alt=\"diy-difu1\" src=\"data:image\/svg+xml;base64,PHN2ZyB3aWR0aD0iMSIgaGVpZ2h0PSIxIiB4bWxucz0iaHR0cDovL3d3dy53My5vcmcvMjAwMC9zdmciPjwvc3ZnPg==\">\n<img decoding=\"async\" class=\"bg-mt-about-5 lazyload\" data-paroller-factor=\"-0.4\" data-paroller-factor-xs=\"0.1\" data-paroller-type=\"foreground\" data-paroller-direction=\"vertical\" data-src=\"[url_tema]\/img\/about-bgm-2.png\" alt=\"diy-difu1\" src=\"data:image\/svg+xml;base64,PHN2ZyB3aWR0aD0iMSIgaGVpZ2h0PSIxIiB4bWxucz0iaHR0cDovL3d3dy53My5vcmcvMjAwMC9zdmciPjwvc3ZnPg==\">\n<img decoding=\"async\" class=\"bg-mt-about-6 lazyload\" data-paroller-factor=\"-0.4\" data-paroller-factor-xs=\"0.1\" data-paroller-type=\"foreground\" data-paroller-direction=\"vertical\" data-src=\"[url_tema]\/img\/about-bgm-3.png\" src=\"data:image\/svg+xml;base64,PHN2ZyB3aWR0aD0iMSIgaGVpZ2h0PSIxIiB4bWxucz0iaHR0cDovL3d3dy53My5vcmcvMjAwMC9zdmciPjwvc3ZnPg==\">--><br \/>\n<img decoding=\"async\" class=\"z5 lazyload\" data-src=\"https:\/\/www.techrules.com\/wp-content\/themes\/techrules\/img\/about-bg-3.png\" alt=\"diy-difu1\" src=\"data:image\/svg+xml;base64,PHN2ZyB3aWR0aD0iMSIgaGVpZ2h0PSIxIiB4bWxucz0iaHR0cDovL3d3dy53My5vcmcvMjAwMC9zdmciPjwvc3ZnPg==\" style=\"--smush-placeholder-width: 1663px; --smush-placeholder-aspect-ratio: 1663\/164;\" \/><\/div>\n<\/section>\n<section id=\"block-contact\">\n<div class=\"container\">\n<div class=\"row\">\n<div class=\"col-md-5\">\n<p class=\"tx1\">\u00bfQuiere saber m\u00e1s sobre nosotros?<\/p>\n<\/div>\n<div class=\"col-md-7\">\n<div class=\"wpcf7 no-js\" id=\"wpcf7-f5959-o1\" lang=\"en-US\" dir=\"ltr\" data-wpcf7-id=\"5959\">\n<div class=\"screen-reader-response\"><p role=\"status\" aria-live=\"polite\" aria-atomic=\"true\"><\/p> <ul><\/ul><\/div>\n<form action=\"\/es\/wp-json\/wp\/v2\/pages\/6061#wpcf7-f5959-o1\" method=\"post\" class=\"wpcf7-form init wpcf7-acceptance-as-validation\" aria-label=\"Contact form\" novalidate=\"novalidate\" data-status=\"init\">\n<fieldset class=\"hidden-fields-container\"><input type=\"hidden\" name=\"_wpcf7\" value=\"5959\" \/><input type=\"hidden\" name=\"_wpcf7_version\" value=\"6.1.4\" \/><input type=\"hidden\" name=\"_wpcf7_locale\" value=\"en_US\" \/><input type=\"hidden\" name=\"_wpcf7_unit_tag\" value=\"wpcf7-f5959-o1\" \/><input type=\"hidden\" name=\"_wpcf7_container_post\" value=\"0\" \/><input type=\"hidden\" name=\"_wpcf7_posted_data_hash\" value=\"\" \/><input type=\"hidden\" name=\"_wpcf7_recaptcha_response\" value=\"\" \/>\n<\/fieldset>\n<div class=\"contact-form-main\">\n    <div class=\"row\">\n        <div class=\"col-md-6\">\n            <div class=\"form-group\">\n                <span class=\"input-group\">\n                    <img decoding=\"async\" data-src=\"https:\/\/www.techrules.com\/wp-content\/themes\/techrules\/img\/footer-form-user.png\" src=\"data:image\/svg+xml;base64,PHN2ZyB3aWR0aD0iMSIgaGVpZ2h0PSIxIiB4bWxucz0iaHR0cDovL3d3dy53My5vcmcvMjAwMC9zdmciPjwvc3ZnPg==\" class=\"lazyload\" style=\"--smush-placeholder-width: 32px; --smush-placeholder-aspect-ratio: 32\/32;\">\n                    <span class=\"wpcf7-form-control-wrap\" data-name=\"lead-name\"><input size=\"40\" maxlength=\"400\" class=\"wpcf7-form-control wpcf7-text wpcf7-validates-as-required\" aria-required=\"true\" aria-invalid=\"false\" placeholder=\"Nombre\" value=\"\" type=\"text\" name=\"lead-name\" \/><\/span>\n                <\/span>\n            <\/div>\n            <div class=\"form-group\">\n                <span class=\"input-group\">\n                    <img decoding=\"async\" data-src=\"https:\/\/www.techrules.com\/wp-content\/themes\/techrules\/img\/footer-form-company.png\" src=\"data:image\/svg+xml;base64,PHN2ZyB3aWR0aD0iMSIgaGVpZ2h0PSIxIiB4bWxucz0iaHR0cDovL3d3dy53My5vcmcvMjAwMC9zdmciPjwvc3ZnPg==\" class=\"lazyload\" style=\"--smush-placeholder-width: 32px; --smush-placeholder-aspect-ratio: 32\/32;\">\n                    <span class=\"wpcf7-form-control-wrap\" data-name=\"lead-company\"><input size=\"40\" maxlength=\"400\" class=\"wpcf7-form-control wpcf7-text\" aria-invalid=\"false\" placeholder=\"Compa\u00f1\u00eda\" value=\"\" type=\"text\" name=\"lead-company\" \/><\/span>\n                <\/span>\n            <\/div>\n        <\/div>\n        <div class=\"col-md-6\">\n            <div class=\"form-group\">\n                <span class=\"input-group\">\n                    <img decoding=\"async\" data-src=\"https:\/\/www.techrules.com\/wp-content\/themes\/techrules\/img\/footer-form-mail.png\" src=\"data:image\/svg+xml;base64,PHN2ZyB3aWR0aD0iMSIgaGVpZ2h0PSIxIiB4bWxucz0iaHR0cDovL3d3dy53My5vcmcvMjAwMC9zdmciPjwvc3ZnPg==\" class=\"lazyload\" style=\"--smush-placeholder-width: 32px; --smush-placeholder-aspect-ratio: 32\/32;\">\n                    <span class=\"wpcf7-form-control-wrap\" data-name=\"lead-email\"><input size=\"40\" maxlength=\"400\" class=\"wpcf7-form-control wpcf7-email wpcf7-validates-as-required wpcf7-text wpcf7-validates-as-email\" aria-required=\"true\" aria-invalid=\"false\" placeholder=\"Email\" value=\"\" type=\"email\" name=\"lead-email\" \/><\/span>\n                <\/span>\n            <\/div>\n            <div class=\"form-group\">\n                <span class=\"input-group\">\n                    <img decoding=\"async\" data-src=\"https:\/\/www.techrules.com\/wp-content\/themes\/techrules\/img\/footer-form-message.png\" src=\"data:image\/svg+xml;base64,PHN2ZyB3aWR0aD0iMSIgaGVpZ2h0PSIxIiB4bWxucz0iaHR0cDovL3d3dy53My5vcmcvMjAwMC9zdmciPjwvc3ZnPg==\" class=\"lazyload\" style=\"--smush-placeholder-width: 32px; --smush-placeholder-aspect-ratio: 32\/32;\">\n                    <span class=\"wpcf7-form-control-wrap\" data-name=\"lead-message\"><textarea cols=\"40\" rows=\"10\" maxlength=\"2000\" class=\"wpcf7-form-control wpcf7-textarea wpcf7-validates-as-required\" aria-required=\"true\" aria-invalid=\"false\" placeholder=\"Mensaje\" name=\"lead-message\"><\/textarea><\/span>\n                <\/span>\n            <\/div>\n        <\/div>\n    <\/div>\n    <div class=\"row\">\n        <div class=\"col-md-12\">\n            <span class=\"wpcf7-form-control-wrap\" data-name=\"your-consent\"><span class=\"wpcf7-form-control wpcf7-acceptance\"><span class=\"wpcf7-list-item\"><label><input type=\"checkbox\" name=\"your-consent\" value=\"1\" aria-invalid=\"false\" \/><span class=\"wpcf7-list-item-label\">Al enviar este formulario, usted acepta recibir informaci\u00f3n comercial, los <a\n                    href=\"https:\/\/www.techrules.com\/es\/condiciones-de-uso\/\" target=\"_blank\">t\u00e9rminos del servicio<\/a>, la <a href=\"\/privacy-policy\/\" target=\"_blank\">pol\u00edtica de privacidad<\/a> y <a href=\"\/es\/politica-de-cookies\/\">cookies<\/a>.<\/span><\/label><\/span><\/span><\/span>\n\n\n        <\/div>\n    <\/div>\n    <div class=\"row\">\n        <div class=\"col-md-12\">\n            <input class=\"wpcf7-form-control wpcf7-submit has-spinner\" type=\"submit\" value=\"Enviar mensaje\" \/>\n        <\/div>\n    <\/div>\n<\/div><div class=\"wpcf7-response-output\" aria-hidden=\"true\"><\/div>\n<\/form>\n<\/div>\n<\/div>\n<\/div>\n<\/div>\n<\/section>\n","protected":false},"excerpt":{"rendered":"<p>Una visi\u00f3n completa del mecado y de su cartera Los algoritmos, an\u00e1lisis de riesgo, back y forward testing desarrollados por TechRules, permitir\u00e1n al inversor obtener una la mejor visi\u00f3n actualizada y precisa del comportamiento de su cartera de forma aut\u00f3noma y desde cualquier dispositivo. &nbsp; Dise\u00f1e su propio conjunto de herramientas avanzadas con indicadores de [&hellip;]<\/p>\n","protected":false},"author":1,"featured_media":0,"parent":0,"menu_order":0,"comment_status":"closed","ping_status":"closed","template":"tpl-pages\/DY.php","meta":{"_acf_changed":false,"footnotes":""},"class_list":["post-6061","page","type-page","status-publish","hentry"],"acf":[],"yoast_head":"<!-- This site is optimized with the Yoast SEO plugin v26.7 - https:\/\/yoast.com\/wordpress\/plugins\/seo\/ -->\r\n<title>Plataforma de inversi\u00f3n DIY de marca blanca - TechRules<\/title>\r\n<meta name=\"robots\" content=\"index, follow, max-snippet:-1, max-image-preview:large, max-video-preview:-1\" \/>\r\n<link rel=\"canonical\" href=\"https:\/\/www.techrules.com\/es\/diy-investors\/\" \/>\r\n<meta property=\"og:locale\" content=\"es_ES\" \/>\r\n<meta property=\"og:type\" content=\"article\" \/>\r\n<meta property=\"og:title\" content=\"Plataforma de inversi\u00f3n DIY de marca blanca - TechRules\" \/>\r\n<meta property=\"og:description\" content=\"Una visi\u00f3n completa del mecado y de su cartera Los algoritmos, an\u00e1lisis de riesgo, back y forward testing desarrollados por TechRules, permitir\u00e1n al inversor obtener una la mejor visi\u00f3n actualizada y precisa del comportamiento de su cartera de forma aut\u00f3noma y desde cualquier dispositivo. &nbsp; Dise\u00f1e su propio conjunto de herramientas avanzadas con indicadores de [&hellip;]\" \/>\r\n<meta property=\"og:url\" content=\"https:\/\/www.techrules.com\/es\/diy-investors\/\" \/>\r\n<meta property=\"og:site_name\" content=\"TechRules\" \/>\r\n<meta property=\"article:modified_time\" content=\"2023-07-07T11:29:18+00:00\" \/>\r\n<meta name=\"twitter:card\" content=\"summary_large_image\" \/>\r\n<meta name=\"twitter:label1\" content=\"Tiempo de lectura\" \/>\n\t<meta name=\"twitter:data1\" content=\"6 minutos\" \/>\r\n<script type=\"application\/ld+json\" class=\"yoast-schema-graph\">{\"@context\":\"https:\/\/schema.org\",\"@graph\":[{\"@type\":\"WebPage\",\"@id\":\"https:\/\/www.techrules.com\/es\/diy-investors\/\",\"url\":\"https:\/\/www.techrules.com\/es\/diy-investors\/\",\"name\":\"Plataforma de inversi\u00f3n DIY de marca blanca - TechRules\",\"isPartOf\":{\"@id\":\"https:\/\/www.techrules.com\/#website\"},\"datePublished\":\"2020-03-17T12:36:39+00:00\",\"dateModified\":\"2023-07-07T11:29:18+00:00\",\"breadcrumb\":{\"@id\":\"https:\/\/www.techrules.com\/es\/diy-investors\/#breadcrumb\"},\"inLanguage\":\"es\",\"potentialAction\":[{\"@type\":\"ReadAction\",\"target\":[\"https:\/\/www.techrules.com\/es\/diy-investors\/\"]}]},{\"@type\":\"BreadcrumbList\",\"@id\":\"https:\/\/www.techrules.com\/es\/diy-investors\/#breadcrumb\",\"itemListElement\":[{\"@type\":\"ListItem\",\"position\":1,\"name\":\"Home\",\"item\":\"https:\/\/www.techrules.com\/es\/\"},{\"@type\":\"ListItem\",\"position\":2,\"name\":\"DIY Investors\"}]},{\"@type\":\"WebSite\",\"@id\":\"https:\/\/www.techrules.com\/#website\",\"url\":\"https:\/\/www.techrules.com\/\",\"name\":\"TechRules\",\"description\":\"Wealth Management Solutions | TechRules\",\"potentialAction\":[{\"@type\":\"SearchAction\",\"target\":{\"@type\":\"EntryPoint\",\"urlTemplate\":\"https:\/\/www.techrules.com\/?s={search_term_string}\"},\"query-input\":{\"@type\":\"PropertyValueSpecification\",\"valueRequired\":true,\"valueName\":\"search_term_string\"}}],\"inLanguage\":\"es\"}]}<\/script>\r\n<!-- \/ Yoast SEO plugin. -->","yoast_head_json":{"title":"Plataforma de inversi\u00f3n DIY de marca blanca - TechRules","robots":{"index":"index","follow":"follow","max-snippet":"max-snippet:-1","max-image-preview":"max-image-preview:large","max-video-preview":"max-video-preview:-1"},"canonical":"https:\/\/www.techrules.com\/es\/diy-investors\/","og_locale":"es_ES","og_type":"article","og_title":"Plataforma de inversi\u00f3n DIY de marca blanca - TechRules","og_description":"Una visi\u00f3n completa del mecado y de su cartera Los algoritmos, an\u00e1lisis de riesgo, back y forward testing desarrollados por TechRules, permitir\u00e1n al inversor obtener una la mejor visi\u00f3n actualizada y precisa del comportamiento de su cartera de forma aut\u00f3noma y desde cualquier dispositivo. &nbsp; Dise\u00f1e su propio conjunto de herramientas avanzadas con indicadores de [&hellip;]","og_url":"https:\/\/www.techrules.com\/es\/diy-investors\/","og_site_name":"TechRules","article_modified_time":"2023-07-07T11:29:18+00:00","twitter_card":"summary_large_image","twitter_misc":{"Tiempo de lectura":"6 minutos"},"schema":{"@context":"https:\/\/schema.org","@graph":[{"@type":"WebPage","@id":"https:\/\/www.techrules.com\/es\/diy-investors\/","url":"https:\/\/www.techrules.com\/es\/diy-investors\/","name":"Plataforma de inversi\u00f3n DIY de marca blanca - TechRules","isPartOf":{"@id":"https:\/\/www.techrules.com\/#website"},"datePublished":"2020-03-17T12:36:39+00:00","dateModified":"2023-07-07T11:29:18+00:00","breadcrumb":{"@id":"https:\/\/www.techrules.com\/es\/diy-investors\/#breadcrumb"},"inLanguage":"es","potentialAction":[{"@type":"ReadAction","target":["https:\/\/www.techrules.com\/es\/diy-investors\/"]}]},{"@type":"BreadcrumbList","@id":"https:\/\/www.techrules.com\/es\/diy-investors\/#breadcrumb","itemListElement":[{"@type":"ListItem","position":1,"name":"Home","item":"https:\/\/www.techrules.com\/es\/"},{"@type":"ListItem","position":2,"name":"DIY Investors"}]},{"@type":"WebSite","@id":"https:\/\/www.techrules.com\/#website","url":"https:\/\/www.techrules.com\/","name":"TechRules","description":"Wealth Management Solutions | TechRules","potentialAction":[{"@type":"SearchAction","target":{"@type":"EntryPoint","urlTemplate":"https:\/\/www.techrules.com\/?s={search_term_string}"},"query-input":{"@type":"PropertyValueSpecification","valueRequired":true,"valueName":"search_term_string"}}],"inLanguage":"es"}]}},"_links":{"self":[{"href":"https:\/\/www.techrules.com\/es\/wp-json\/wp\/v2\/pages\/6061","targetHints":{"allow":["GET"]}}],"collection":[{"href":"https:\/\/www.techrules.com\/es\/wp-json\/wp\/v2\/pages"}],"about":[{"href":"https:\/\/www.techrules.com\/es\/wp-json\/wp\/v2\/types\/page"}],"author":[{"embeddable":true,"href":"https:\/\/www.techrules.com\/es\/wp-json\/wp\/v2\/users\/1"}],"replies":[{"embeddable":true,"href":"https:\/\/www.techrules.com\/es\/wp-json\/wp\/v2\/comments?post=6061"}],"version-history":[{"count":25,"href":"https:\/\/www.techrules.com\/es\/wp-json\/wp\/v2\/pages\/6061\/revisions"}],"predecessor-version":[{"id":10161,"href":"https:\/\/www.techrules.com\/es\/wp-json\/wp\/v2\/pages\/6061\/revisions\/10161"}],"wp:attachment":[{"href":"https:\/\/www.techrules.com\/es\/wp-json\/wp\/v2\/media?parent=6061"}],"curies":[{"name":"wp","href":"https:\/\/api.w.org\/{rel}","templated":true}]}}