{"id":6045,"date":"2020-03-17T12:36:55","date_gmt":"2020-03-17T12:36:55","guid":{"rendered":"https:\/\/demo9.scopica.es\/model-portfolios-services\/"},"modified":"2022-06-13T16:19:01","modified_gmt":"2022-06-13T16:19:01","slug":"servicio-carteras-modelo1","status":"publish","type":"page","link":"https:\/\/www.techrules.com\/es\/servicio-carteras-modelo1\/","title":{"rendered":"Model Portfolios Services1"},"content":{"rendered":"<section id=\"block-model-main\">\n<div class=\"row h-100 justify-content-center align-items-center\">\n<div class=\"col-md-5 offset-md-1 col-12\">\n<div class=\"header-service\">\n<h2>Avanzado servicio de carteras modelo<br \/>\n<span class=\"c1\">de diversos niveles de riesgo<\/span><\/h2>\n<p><b>Ponemos a su disposici\u00f3n nuestra experiencia financiera con tres finalidades: la gesti\u00f3n de an\u00e1lisis de datos, el desarrollo de un servicio consistente para la mejora del proceso de inversi\u00f3n y la consecuci\u00f3n de estrategias diversas seg\u00fan el objetivo y perfil de inversi\u00f3n.<\/b><\/p>\n<p>&nbsp;<\/p>\n<p>Hemos desarrollado un proceso de selecci\u00f3n de distribuci\u00f3n de carteras en el que se utilizan y combinan una serie de an\u00e1lisis cuantitativos (p.e. an\u00e1lisis de indicadores, metodolog\u00edas propias) y cualitativos (p.e. due diligence) en m\u00e1s de 10.000 fondos regionales y globales para identificar los mejores seg\u00fan su categor\u00eda.<\/p>\n<p>&nbsp;<\/p>\n<p>Un conjunto de datos relevantes listos para los comit\u00e9s de inversi\u00f3n, auditor\u00edas internas y cumplimiento normativo. De esta forma, los clientes ven cumplidas sus expectativas con un servicio a medida, transparente y rentable.<\/p>\n<\/div>\n<\/div>\n<div class=\"col-md-6 mt-xs-3 col-12 pr-0 py-3 text-center\"><img decoding=\"async\" class=\"mx lazyload\" data-src=\"https:\/\/www.techrules.com\/wp-content\/themes\/techrules\/img\/model-portfolios-grafi.png\" alt=\"model-grafi\" src=\"data:image\/svg+xml;base64,PHN2ZyB3aWR0aD0iMSIgaGVpZ2h0PSIxIiB4bWxucz0iaHR0cDovL3d3dy53My5vcmcvMjAwMC9zdmciPjwvc3ZnPg==\" style=\"--smush-placeholder-width: 902px; --smush-placeholder-aspect-ratio: 902\/743;\" \/><\/div>\n<\/div>\n<\/section>\n<section id=\"block-model-srv\">\n<div class=\"row\">\n<div class=\"col-md-3 col-6\">\n<div class=\"row\">\n<div class=\"col-4 text-center\"><img decoding=\"async\" data-src=\"https:\/\/www.techrules.com\/wp-content\/themes\/techrules\/img\/model-line01.png\" alt=\"model-line1\" src=\"data:image\/svg+xml;base64,PHN2ZyB3aWR0aD0iMSIgaGVpZ2h0PSIxIiB4bWxucz0iaHR0cDovL3d3dy53My5vcmcvMjAwMC9zdmciPjwvc3ZnPg==\" class=\"lazyload\" style=\"--smush-placeholder-width: 86px; --smush-placeholder-aspect-ratio: 86\/86;\" \/><\/div>\n<div class=\"col-8 pr-0\">\n<p class=\"tx1\">PERFILADO DE CLIENTES<br \/>\nY RIESGO<\/p>\n<p class=\"tx2\">Perfilado de clientes para determinar su aversi\u00f3n al riesgo y evoluci\u00f3n<\/p>\n<\/div>\n<\/div>\n<\/div>\n<div class=\"col-md-3 col-6\">\n<div class=\"row\">\n<div class=\"col-4 text-center\"><img decoding=\"async\" data-src=\"https:\/\/www.techrules.com\/wp-content\/themes\/techrules\/img\/model-line02.png\" alt=\"model-line2\" src=\"data:image\/svg+xml;base64,PHN2ZyB3aWR0aD0iMSIgaGVpZ2h0PSIxIiB4bWxucz0iaHR0cDovL3d3dy53My5vcmcvMjAwMC9zdmciPjwvc3ZnPg==\" class=\"lazyload\" style=\"--smush-placeholder-width: 86px; --smush-placeholder-aspect-ratio: 86\/86;\" \/><\/div>\n<div class=\"col-8 pl-0\">\n<p class=\"tx1\">DISTRIBUCI\u00d3N<br \/>\nDE ACTIVOS<\/p>\n<p class=\"tx2\">Desarrollo propio basado en un enfoque objetivos de volatilidad<\/p>\n<\/div>\n<\/div>\n<\/div>\n<div class=\"col-md-3 col-6\">\n<div class=\"row\">\n<div class=\"col-4 text-center\"><img decoding=\"async\" data-src=\"https:\/\/www.techrules.com\/wp-content\/themes\/techrules\/img\/model-line03.png\" alt=\"model-line3\" src=\"data:image\/svg+xml;base64,PHN2ZyB3aWR0aD0iMSIgaGVpZ2h0PSIxIiB4bWxucz0iaHR0cDovL3d3dy53My5vcmcvMjAwMC9zdmciPjwvc3ZnPg==\" class=\"lazyload\" style=\"--smush-placeholder-width: 86px; --smush-placeholder-aspect-ratio: 86\/86;\" \/><\/div>\n<div class=\"col-8 pr-0\">\n<p class=\"tx1\">AN\u00c1LISIS<br \/>\nE INFORMES<\/p>\n<p class=\"tx2\">An\u00e1lisis constante de las carteras modelo<\/p>\n<\/div>\n<\/div>\n<\/div>\n<div class=\"col-md-3 col-6\">\n<div class=\"row\">\n<div class=\"col-4 text-center\"><img decoding=\"async\" data-src=\"https:\/\/www.techrules.com\/wp-content\/themes\/techrules\/img\/model-line04.png\" alt=\"model-line4\" src=\"data:image\/svg+xml;base64,PHN2ZyB3aWR0aD0iMSIgaGVpZ2h0PSIxIiB4bWxucz0iaHR0cDovL3d3dy53My5vcmcvMjAwMC9zdmciPjwvc3ZnPg==\" class=\"lazyload\" style=\"--smush-placeholder-width: 86px; --smush-placeholder-aspect-ratio: 86\/86;\" \/><\/div>\n<div class=\"col-8 pl-0\">\n<p class=\"tx1\">MANTENIMIENTO<\/p>\n<p class=\"tx2\">Seguimiento y ajustes peri\u00f3dicos<\/p>\n<\/div>\n<\/div>\n<\/div>\n<\/div>\n<\/section>\n<section id=\"block-mp-product-overview\">\n<h2>Descripci\u00f3n<span class=\"c1\"> del producto<\/span><\/h2>\n<div class=\"row\">\n<div class=\"col-md-6 offset-md-1\">\n<p class=\"tx1\">\u00bfC\u00f3mo?<\/p>\n<p>Asociarse con TechRules significa trabajar mano a mano junto a un equipo que ayudar\u00e1 a sus gestores de carteras a tomar mejores decisiones de acuerdo a sus necesidades espec\u00edficas.<\/p>\n<ul class=\"list-featured\">\n<li>Afronte la complejidad de los mercados financieros y las exigencias de an\u00e1lisis de clientes<\/li>\n<li>Incorpore una soluci\u00f3n estandarizada de inversi\u00f3n por medio de backtesting y an\u00e1lisis de supuestos?<\/li>\n<li>Ampl\u00ede su visi\u00f3n de negocio y desarrollar mejores relaciones con sus clientes<\/li>\n<\/ul>\n<\/div>\n<\/div>\n<div class=\"row\">\n<div class=\"col-md-3\"><img decoding=\"async\" data-src=\"https:\/\/www.techrules.com\/wp-content\/themes\/techrules\/img\/model-portfolios-grafi2.png\" alt=\"model-grafi1\" src=\"data:image\/svg+xml;base64,PHN2ZyB3aWR0aD0iMSIgaGVpZ2h0PSIxIiB4bWxucz0iaHR0cDovL3d3dy53My5vcmcvMjAwMC9zdmciPjwvc3ZnPg==\" class=\"lazyload\" style=\"--smush-placeholder-width: 530px; --smush-placeholder-aspect-ratio: 530\/662;\" \/><\/div>\n<div class=\"col-md-6\">\n<p class=\"tx1\">\u00bfPor qu\u00e9?<\/p>\n<p>Contamos con un equipo experto para crear un proceso de inversi\u00f3n mucho m\u00e1s eficiente, nuestro equipo de expertos ha desarrollado un gran conocimiento de negocio en todos los sus pasos del proceso de inversi\u00f3n, ofreciendo un amplio cat\u00e1logo de reportes informes a nivel comercial, financiero, auditable de auditor\u00eda y para procesos regulatorios.<\/p>\n<ul class=\"list-featured\">\n<li>Desarrollo espec\u00edfico seg\u00fan nicho de mercado y pol\u00edticas de inversi\u00f3n<\/li>\n<li>Proceso estructurado basado en reglas<\/li>\n<li>Soporte completo durante todo el proceso de inversi\u00f3n<\/li>\n<li>Cobertura de todas las necesidades de las partes interesadas de la junta de accionistas (clientes finales, equipo de inversi\u00f3n, auditor\u00eda y reguladores)<\/li>\n<\/ul>\n<\/div>\n<\/div>\n<div class=\"row\">\n<div class=\"col-md-6 offset-md-6\">\n<p class=\"tx1\">\u00bfQu\u00e9?<\/p>\n<p>Gesti\u00f3n de carteras con diferentes niveles de riesgo y servicio de consultor\u00eda de alto valor a\u00f1adido, obtenga un mayor beneficio por medio de una metodolog\u00eda robusta de inversi\u00f3n, obtenga un servicio eficiente y de f\u00e1cil integraci\u00f3n con TechRules<\/p>\n<ul class=\"list-featured\">\n<li>Cumpla las normativas m\u00e1s exigentes, procesos de auditor\u00eda, de inversi\u00f3n y necesidades comerciales<\/li>\n<li>Integre toda la informaci\u00f3n necesaria y desarrolle informes detallados y a medida de acuerdo a sus necesidades<\/li>\n<li>Obtenga un proceso estandarizado, m\u00e1s eficiente y rentable<\/li>\n<\/ul>\n<\/div>\n<\/div>\n<\/section>\n<section id=\"block-mp-lm\">\n<div class=\"container\">\n<div class=\"row\">\n<div class=\"col-12 p-0\"><img decoding=\"async\" data-src=\"https:\/\/www.techrules.com\/wp-content\/themes\/techrules\/img\/model-portfolios-bg-lm-01.jpg\" alt=\"model-bg\" src=\"data:image\/svg+xml;base64,PHN2ZyB3aWR0aD0iMSIgaGVpZ2h0PSIxIiB4bWxucz0iaHR0cDovL3d3dy53My5vcmcvMjAwMC9zdmciPjwvc3ZnPg==\" class=\"lazyload\" style=\"--smush-placeholder-width: 1156px; --smush-placeholder-aspect-ratio: 1156\/212;\" \/><\/p>\n<div class=\"row\">\n<div class=\"col-md-6 col-12 bg3\">\n<div class=\"block1\">\n<p class=\"tx1\">\u00bfQuiere saber m\u00e1s<br \/>\nsobre nuestros servicios<br \/>\nde carteras modelo?<\/p>\n<p class=\"tx2\">Descargue nuestra gu\u00eda para saber m\u00e1s<\/p>\n<p><a class=\"btn-rounded-green\" href=\"#\" data-toggle=\"modal\" data-target=\"#mdl-dl-es\" data-doc=\"@Case1\">Descargar gu\u00eda<\/a><\/p>\n<\/div>\n<\/div>\n<div class=\"col-md-6 col-12 p-0 bg3 d-flex justify-content-center\">\n<div class=\"align-self-center\"><img decoding=\"async\" data-src=\"https:\/\/www.techrules.com\/wp-content\/themes\/techrules\/img\/model-portfolios-bg-lm-02.jpg\" alt=\"model-bg2\" src=\"data:image\/svg+xml;base64,PHN2ZyB3aWR0aD0iMSIgaGVpZ2h0PSIxIiB4bWxucz0iaHR0cDovL3d3dy53My5vcmcvMjAwMC9zdmciPjwvc3ZnPg==\" class=\"lazyload\" style=\"--smush-placeholder-width: 780px; --smush-placeholder-aspect-ratio: 780\/560;\" \/><\/div>\n<\/div>\n<\/div>\n<\/div>\n<\/div>\n<\/div>\n<\/section>\n<section id=\"block-mp-benefits\">\n<h3 class=\"p5\">Beneficios con Model Portfolios<\/h3>\n<div class=\"container\">\n<div class=\"row\">\n<div class=\"col-md-6\">\n<div class=\"row my-3\">\n<div class=\"col-4 text-center\"><img decoding=\"async\" data-src=\"https:\/\/www.techrules.com\/wp-content\/themes\/techrules\/img\/model-portfolios-benef-01.png\" alt=\"model-benef1\" src=\"data:image\/svg+xml;base64,PHN2ZyB3aWR0aD0iMSIgaGVpZ2h0PSIxIiB4bWxucz0iaHR0cDovL3d3dy53My5vcmcvMjAwMC9zdmciPjwvc3ZnPg==\" class=\"lazyload\" style=\"--smush-placeholder-width: 69px; --smush-placeholder-aspect-ratio: 69\/56;\" \/><\/div>\n<div class=\"col-6\">\n<p class=\"tx1\">Metodolog\u00eda innovadora<\/p>\n<p class=\"tx2\">Utilice las mejores t\u00e9cnicas de construcci\u00f3n de carteras, con una visi\u00f3n din\u00e1mica y a largo plazo<\/p>\n<\/div>\n<\/div>\n<div class=\"row my-3\">\n<div class=\"col-4 text-center\"><img decoding=\"async\" data-src=\"https:\/\/www.techrules.com\/wp-content\/themes\/techrules\/img\/model-portfolios-benef-03.png\" alt=\"model-benef3\" src=\"data:image\/svg+xml;base64,PHN2ZyB3aWR0aD0iMSIgaGVpZ2h0PSIxIiB4bWxucz0iaHR0cDovL3d3dy53My5vcmcvMjAwMC9zdmciPjwvc3ZnPg==\" class=\"lazyload\" style=\"--smush-placeholder-width: 63px; --smush-placeholder-aspect-ratio: 63\/63;\" \/><\/div>\n<div class=\"col-6\">\n<p class=\"tx1\">Proceso personalizado<\/p>\n<p class=\"tx2\">Creaci\u00f3n de carteras modelo del m\u00e1s alto nivel vinculada a las pol\u00edticas propias de inversi\u00f3n<\/p>\n<\/div>\n<\/div>\n<\/div>\n<div class=\"col-md-6\">\n<div class=\"row my-3\">\n<div class=\"col-4 text-center\"><img decoding=\"async\" data-src=\"https:\/\/www.techrules.com\/wp-content\/themes\/techrules\/img\/model-portfolios-benef-02.png\" alt=\"model-benef2\" src=\"data:image\/svg+xml;base64,PHN2ZyB3aWR0aD0iMSIgaGVpZ2h0PSIxIiB4bWxucz0iaHR0cDovL3d3dy53My5vcmcvMjAwMC9zdmciPjwvc3ZnPg==\" class=\"lazyload\" style=\"--smush-placeholder-width: 59px; --smush-placeholder-aspect-ratio: 59\/63;\" \/><\/div>\n<div class=\"col-6\">\n<p class=\"tx1\">Soporte global<\/p>\n<p class=\"tx2\">Un servicio de consultor\u00eda riguroso y estructurado para todo el proceso: desde la creaci\u00f3n hasta mantenimiento de carteras modelo.<\/p>\n<\/div>\n<\/div>\n<div class=\"row my-3\">\n<div class=\"col-4 text-center\"><img decoding=\"async\" data-src=\"https:\/\/www.techrules.com\/wp-content\/themes\/techrules\/img\/model-portfolios-benef-04.png\" alt=\"model-benef4\" src=\"data:image\/svg+xml;base64,PHN2ZyB3aWR0aD0iMSIgaGVpZ2h0PSIxIiB4bWxucz0iaHR0cDovL3d3dy53My5vcmcvMjAwMC9zdmciPjwvc3ZnPg==\" class=\"lazyload\" style=\"--smush-placeholder-width: 69px; --smush-placeholder-aspect-ratio: 69\/64;\" \/><\/div>\n<div class=\"col-6\">\n<p class=\"tx1\">Rentable<\/p>\n<p class=\"tx2\">Reduzca tareas y a\u00f1ada valor a sus clientes<\/p>\n<\/div>\n<\/div>\n<\/div>\n<\/div>\n<\/div>\n<\/section>\n<section id=\"block-cutting-2\">\n<div class=\"about-bottom-deco container p-0\"><img decoding=\"async\" class=\"bg-mt-about-4 lazyload\" data-src=\"https:\/\/www.techrules.com\/wp-content\/themes\/techrules\/img\/about-bgm-1.png\" alt=\"difu\" data-paroller-factor=\"-0.4\" data-paroller-factor-xs=\"0.1\" data-paroller-type=\"foreground\" data-paroller-direction=\"vertical\" src=\"data:image\/svg+xml;base64,PHN2ZyB3aWR0aD0iMSIgaGVpZ2h0PSIxIiB4bWxucz0iaHR0cDovL3d3dy53My5vcmcvMjAwMC9zdmciPjwvc3ZnPg==\" style=\"--smush-placeholder-width: 117px; --smush-placeholder-aspect-ratio: 117\/113;\" \/><br \/>\n<img decoding=\"async\" class=\"bg-mt-about-5 lazyload\" data-src=\"https:\/\/www.techrules.com\/wp-content\/themes\/techrules\/img\/about-bgm-2.png\" alt=\"difu\" data-paroller-factor=\"-0.4\" data-paroller-factor-xs=\"0.1\" data-paroller-type=\"foreground\" data-paroller-direction=\"vertical\" src=\"data:image\/svg+xml;base64,PHN2ZyB3aWR0aD0iMSIgaGVpZ2h0PSIxIiB4bWxucz0iaHR0cDovL3d3dy53My5vcmcvMjAwMC9zdmciPjwvc3ZnPg==\" style=\"--smush-placeholder-width: 212px; --smush-placeholder-aspect-ratio: 212\/149;\" \/><br \/>\n<img decoding=\"async\" class=\"bg-mt-about-6 lazyload\" data-src=\"https:\/\/www.techrules.com\/wp-content\/themes\/techrules\/img\/about-bgm-3.png\" alt=\"difu\" data-paroller-factor=\"-0.4\" data-paroller-factor-xs=\"0.1\" data-paroller-type=\"foreground\" data-paroller-direction=\"vertical\" src=\"data:image\/svg+xml;base64,PHN2ZyB3aWR0aD0iMSIgaGVpZ2h0PSIxIiB4bWxucz0iaHR0cDovL3d3dy53My5vcmcvMjAwMC9zdmciPjwvc3ZnPg==\" style=\"--smush-placeholder-width: 177px; --smush-placeholder-aspect-ratio: 177\/168;\" \/><br \/>\n<img decoding=\"async\" class=\"z5 lazyload\" data-src=\"https:\/\/www.techrules.com\/wp-content\/themes\/techrules\/img\/about-bg-3.png\" alt=\"difu\" src=\"data:image\/svg+xml;base64,PHN2ZyB3aWR0aD0iMSIgaGVpZ2h0PSIxIiB4bWxucz0iaHR0cDovL3d3dy53My5vcmcvMjAwMC9zdmciPjwvc3ZnPg==\" style=\"--smush-placeholder-width: 1663px; --smush-placeholder-aspect-ratio: 1663\/164;\" \/><\/div>\n<\/section>\n<section id=\"block-contact\">\n<div class=\"container\">\n<div class=\"row\">\n<div class=\"col-md-5\">\n<p class=\"tx1\">\u00bfQuiere saber m\u00e1s sobre nosotros?<\/p>\n<\/div>\n<div class=\"col-md-7\">\n<div class=\"wpcf7 no-js\" id=\"wpcf7-f5959-o1\" lang=\"en-US\" dir=\"ltr\" data-wpcf7-id=\"5959\">\n<div class=\"screen-reader-response\"><p role=\"status\" aria-live=\"polite\" aria-atomic=\"true\"><\/p> <ul><\/ul><\/div>\n<form action=\"\/es\/wp-json\/wp\/v2\/pages\/6045#wpcf7-f5959-o1\" method=\"post\" class=\"wpcf7-form init wpcf7-acceptance-as-validation\" aria-label=\"Contact form\" novalidate=\"novalidate\" data-status=\"init\">\n<fieldset class=\"hidden-fields-container\"><input type=\"hidden\" name=\"_wpcf7\" value=\"5959\" \/><input type=\"hidden\" name=\"_wpcf7_version\" value=\"6.1.4\" \/><input type=\"hidden\" name=\"_wpcf7_locale\" value=\"en_US\" \/><input type=\"hidden\" name=\"_wpcf7_unit_tag\" value=\"wpcf7-f5959-o1\" \/><input type=\"hidden\" name=\"_wpcf7_container_post\" value=\"0\" \/><input type=\"hidden\" name=\"_wpcf7_posted_data_hash\" value=\"\" \/><input type=\"hidden\" name=\"_wpcf7_recaptcha_response\" value=\"\" \/>\n<\/fieldset>\n<div class=\"contact-form-main\">\n    <div class=\"row\">\n        <div class=\"col-md-6\">\n            <div class=\"form-group\">\n                <span class=\"input-group\">\n                    <img decoding=\"async\" data-src=\"https:\/\/www.techrules.com\/wp-content\/themes\/techrules\/img\/footer-form-user.png\" src=\"data:image\/svg+xml;base64,PHN2ZyB3aWR0aD0iMSIgaGVpZ2h0PSIxIiB4bWxucz0iaHR0cDovL3d3dy53My5vcmcvMjAwMC9zdmciPjwvc3ZnPg==\" class=\"lazyload\" style=\"--smush-placeholder-width: 32px; --smush-placeholder-aspect-ratio: 32\/32;\">\n                    <span class=\"wpcf7-form-control-wrap\" data-name=\"lead-name\"><input size=\"40\" maxlength=\"400\" class=\"wpcf7-form-control wpcf7-text wpcf7-validates-as-required\" aria-required=\"true\" aria-invalid=\"false\" placeholder=\"Nombre\" value=\"\" type=\"text\" name=\"lead-name\" \/><\/span>\n                <\/span>\n            <\/div>\n            <div class=\"form-group\">\n                <span class=\"input-group\">\n                    <img decoding=\"async\" data-src=\"https:\/\/www.techrules.com\/wp-content\/themes\/techrules\/img\/footer-form-company.png\" src=\"data:image\/svg+xml;base64,PHN2ZyB3aWR0aD0iMSIgaGVpZ2h0PSIxIiB4bWxucz0iaHR0cDovL3d3dy53My5vcmcvMjAwMC9zdmciPjwvc3ZnPg==\" class=\"lazyload\" style=\"--smush-placeholder-width: 32px; --smush-placeholder-aspect-ratio: 32\/32;\">\n                    <span class=\"wpcf7-form-control-wrap\" data-name=\"lead-company\"><input size=\"40\" maxlength=\"400\" class=\"wpcf7-form-control wpcf7-text\" aria-invalid=\"false\" placeholder=\"Compa\u00f1\u00eda\" value=\"\" type=\"text\" name=\"lead-company\" \/><\/span>\n                <\/span>\n            <\/div>\n        <\/div>\n        <div class=\"col-md-6\">\n            <div class=\"form-group\">\n                <span class=\"input-group\">\n                    <img decoding=\"async\" data-src=\"https:\/\/www.techrules.com\/wp-content\/themes\/techrules\/img\/footer-form-mail.png\" src=\"data:image\/svg+xml;base64,PHN2ZyB3aWR0aD0iMSIgaGVpZ2h0PSIxIiB4bWxucz0iaHR0cDovL3d3dy53My5vcmcvMjAwMC9zdmciPjwvc3ZnPg==\" class=\"lazyload\" style=\"--smush-placeholder-width: 32px; --smush-placeholder-aspect-ratio: 32\/32;\">\n                    <span class=\"wpcf7-form-control-wrap\" data-name=\"lead-email\"><input size=\"40\" maxlength=\"400\" class=\"wpcf7-form-control wpcf7-email wpcf7-validates-as-required wpcf7-text wpcf7-validates-as-email\" aria-required=\"true\" aria-invalid=\"false\" placeholder=\"Email\" value=\"\" type=\"email\" name=\"lead-email\" \/><\/span>\n                <\/span>\n            <\/div>\n            <div class=\"form-group\">\n                <span class=\"input-group\">\n                    <img decoding=\"async\" data-src=\"https:\/\/www.techrules.com\/wp-content\/themes\/techrules\/img\/footer-form-message.png\" src=\"data:image\/svg+xml;base64,PHN2ZyB3aWR0aD0iMSIgaGVpZ2h0PSIxIiB4bWxucz0iaHR0cDovL3d3dy53My5vcmcvMjAwMC9zdmciPjwvc3ZnPg==\" class=\"lazyload\" style=\"--smush-placeholder-width: 32px; --smush-placeholder-aspect-ratio: 32\/32;\">\n                    <span class=\"wpcf7-form-control-wrap\" data-name=\"lead-message\"><textarea cols=\"40\" rows=\"10\" maxlength=\"2000\" class=\"wpcf7-form-control wpcf7-textarea wpcf7-validates-as-required\" aria-required=\"true\" aria-invalid=\"false\" placeholder=\"Mensaje\" name=\"lead-message\"><\/textarea><\/span>\n                <\/span>\n            <\/div>\n        <\/div>\n    <\/div>\n    <div class=\"row\">\n        <div class=\"col-md-12\">\n            <span class=\"wpcf7-form-control-wrap\" data-name=\"your-consent\"><span class=\"wpcf7-form-control wpcf7-acceptance\"><span class=\"wpcf7-list-item\"><label><input type=\"checkbox\" name=\"your-consent\" value=\"1\" aria-invalid=\"false\" \/><span class=\"wpcf7-list-item-label\">Al enviar este formulario, usted acepta recibir informaci\u00f3n comercial, los <a\n                    href=\"https:\/\/www.techrules.com\/es\/condiciones-de-uso\/\" target=\"_blank\">t\u00e9rminos del servicio<\/a>, la <a href=\"\/privacy-policy\/\" target=\"_blank\">pol\u00edtica de privacidad<\/a> y <a href=\"\/es\/politica-de-cookies\/\">cookies<\/a>.<\/span><\/label><\/span><\/span><\/span>\n\n\n        <\/div>\n    <\/div>\n    <div class=\"row\">\n        <div class=\"col-md-12\">\n            <input class=\"wpcf7-form-control wpcf7-submit has-spinner\" type=\"submit\" value=\"Enviar mensaje\" \/>\n        <\/div>\n    <\/div>\n<\/div><div class=\"wpcf7-response-output\" aria-hidden=\"true\"><\/div>\n<\/form>\n<\/div>\n<\/div>\n<\/div>\n<\/div>\n<\/section>\n","protected":false},"excerpt":{"rendered":"<p>Avanzado servicio de carteras modelo de diversos niveles de riesgo Ponemos a su disposici\u00f3n nuestra experiencia financiera con tres finalidades: la gesti\u00f3n de an\u00e1lisis de datos, el desarrollo de un servicio consistente para la mejora del proceso de inversi\u00f3n y la consecuci\u00f3n de estrategias diversas seg\u00fan el objetivo y perfil de inversi\u00f3n. &nbsp; Hemos desarrollado [&hellip;]<\/p>\n","protected":false},"author":1,"featured_media":0,"parent":0,"menu_order":0,"comment_status":"closed","ping_status":"closed","template":"tpl-pages\/model-portfolios.php","meta":{"_acf_changed":false,"footnotes":""},"class_list":["post-6045","page","type-page","status-publish","hentry"],"acf":[],"yoast_head":"<!-- This site is optimized with the Yoast SEO plugin v26.7 - https:\/\/yoast.com\/wordpress\/plugins\/seo\/ -->\r\n<title>Servicio de la Cartera de modelos - TechRules<\/title>\r\n<meta name=\"robots\" content=\"index, follow, max-snippet:-1, max-image-preview:large, max-video-preview:-1\" \/>\r\n<link rel=\"canonical\" href=\"https:\/\/www.techrules.com\/model-portfolios-services_old\/\" \/>\r\n<meta property=\"og:locale\" content=\"es_ES\" \/>\r\n<meta property=\"og:type\" content=\"article\" \/>\r\n<meta property=\"og:title\" content=\"Servicio de la Cartera de modelos - TechRules\" \/>\r\n<meta property=\"og:description\" content=\"Avanzado servicio de carteras modelo de diversos niveles de riesgo Ponemos a su disposici\u00f3n nuestra experiencia financiera con tres finalidades: la gesti\u00f3n de an\u00e1lisis de datos, el desarrollo de un servicio consistente para la mejora del proceso de inversi\u00f3n y la consecuci\u00f3n de estrategias diversas seg\u00fan el objetivo y perfil de inversi\u00f3n. &nbsp; Hemos desarrollado [&hellip;]\" \/>\r\n<meta property=\"og:url\" content=\"https:\/\/www.techrules.com\/model-portfolios-services_old\/\" \/>\r\n<meta property=\"og:site_name\" content=\"TechRules\" \/>\r\n<meta property=\"article:modified_time\" content=\"2022-06-13T16:19:01+00:00\" \/>\r\n<meta name=\"twitter:card\" content=\"summary_large_image\" \/>\r\n<meta name=\"twitter:label1\" content=\"Tiempo de lectura\" \/>\n\t<meta name=\"twitter:data1\" content=\"6 minutos\" \/>\r\n<script type=\"application\/ld+json\" class=\"yoast-schema-graph\">{\"@context\":\"https:\/\/schema.org\",\"@graph\":[{\"@type\":\"WebPage\",\"@id\":\"https:\/\/www.techrules.com\/model-portfolios-services_old\/\",\"url\":\"https:\/\/www.techrules.com\/model-portfolios-services_old\/\",\"name\":\"Servicio de la Cartera de modelos - TechRules\",\"isPartOf\":{\"@id\":\"https:\/\/www.techrules.com\/#website\"},\"datePublished\":\"2020-03-17T12:36:55+00:00\",\"dateModified\":\"2022-06-13T16:19:01+00:00\",\"breadcrumb\":{\"@id\":\"https:\/\/www.techrules.com\/model-portfolios-services_old\/#breadcrumb\"},\"inLanguage\":\"es\",\"potentialAction\":[{\"@type\":\"ReadAction\",\"target\":[\"https:\/\/www.techrules.com\/model-portfolios-services_old\/\"]}]},{\"@type\":\"BreadcrumbList\",\"@id\":\"https:\/\/www.techrules.com\/model-portfolios-services_old\/#breadcrumb\",\"itemListElement\":[{\"@type\":\"ListItem\",\"position\":1,\"name\":\"Home\",\"item\":\"https:\/\/www.techrules.com\/es\/\"},{\"@type\":\"ListItem\",\"position\":2,\"name\":\"Model Portfolios Services1\"}]},{\"@type\":\"WebSite\",\"@id\":\"https:\/\/www.techrules.com\/#website\",\"url\":\"https:\/\/www.techrules.com\/\",\"name\":\"TechRules\",\"description\":\"Wealth Management Solutions | TechRules\",\"potentialAction\":[{\"@type\":\"SearchAction\",\"target\":{\"@type\":\"EntryPoint\",\"urlTemplate\":\"https:\/\/www.techrules.com\/?s={search_term_string}\"},\"query-input\":{\"@type\":\"PropertyValueSpecification\",\"valueRequired\":true,\"valueName\":\"search_term_string\"}}],\"inLanguage\":\"es\"}]}<\/script>\r\n<!-- \/ Yoast SEO plugin. -->","yoast_head_json":{"title":"Servicio de la Cartera de modelos - TechRules","robots":{"index":"index","follow":"follow","max-snippet":"max-snippet:-1","max-image-preview":"max-image-preview:large","max-video-preview":"max-video-preview:-1"},"canonical":"https:\/\/www.techrules.com\/model-portfolios-services_old\/","og_locale":"es_ES","og_type":"article","og_title":"Servicio de la Cartera de modelos - TechRules","og_description":"Avanzado servicio de carteras modelo de diversos niveles de riesgo Ponemos a su disposici\u00f3n nuestra experiencia financiera con tres finalidades: la gesti\u00f3n de an\u00e1lisis de datos, el desarrollo de un servicio consistente para la mejora del proceso de inversi\u00f3n y la consecuci\u00f3n de estrategias diversas seg\u00fan el objetivo y perfil de inversi\u00f3n. &nbsp; Hemos desarrollado [&hellip;]","og_url":"https:\/\/www.techrules.com\/model-portfolios-services_old\/","og_site_name":"TechRules","article_modified_time":"2022-06-13T16:19:01+00:00","twitter_card":"summary_large_image","twitter_misc":{"Tiempo de lectura":"6 minutos"},"schema":{"@context":"https:\/\/schema.org","@graph":[{"@type":"WebPage","@id":"https:\/\/www.techrules.com\/model-portfolios-services_old\/","url":"https:\/\/www.techrules.com\/model-portfolios-services_old\/","name":"Servicio de la Cartera de modelos - TechRules","isPartOf":{"@id":"https:\/\/www.techrules.com\/#website"},"datePublished":"2020-03-17T12:36:55+00:00","dateModified":"2022-06-13T16:19:01+00:00","breadcrumb":{"@id":"https:\/\/www.techrules.com\/model-portfolios-services_old\/#breadcrumb"},"inLanguage":"es","potentialAction":[{"@type":"ReadAction","target":["https:\/\/www.techrules.com\/model-portfolios-services_old\/"]}]},{"@type":"BreadcrumbList","@id":"https:\/\/www.techrules.com\/model-portfolios-services_old\/#breadcrumb","itemListElement":[{"@type":"ListItem","position":1,"name":"Home","item":"https:\/\/www.techrules.com\/es\/"},{"@type":"ListItem","position":2,"name":"Model Portfolios Services1"}]},{"@type":"WebSite","@id":"https:\/\/www.techrules.com\/#website","url":"https:\/\/www.techrules.com\/","name":"TechRules","description":"Wealth Management Solutions | TechRules","potentialAction":[{"@type":"SearchAction","target":{"@type":"EntryPoint","urlTemplate":"https:\/\/www.techrules.com\/?s={search_term_string}"},"query-input":{"@type":"PropertyValueSpecification","valueRequired":true,"valueName":"search_term_string"}}],"inLanguage":"es"}]}},"_links":{"self":[{"href":"https:\/\/www.techrules.com\/es\/wp-json\/wp\/v2\/pages\/6045","targetHints":{"allow":["GET"]}}],"collection":[{"href":"https:\/\/www.techrules.com\/es\/wp-json\/wp\/v2\/pages"}],"about":[{"href":"https:\/\/www.techrules.com\/es\/wp-json\/wp\/v2\/types\/page"}],"author":[{"embeddable":true,"href":"https:\/\/www.techrules.com\/es\/wp-json\/wp\/v2\/users\/1"}],"replies":[{"embeddable":true,"href":"https:\/\/www.techrules.com\/es\/wp-json\/wp\/v2\/comments?post=6045"}],"version-history":[{"count":21,"href":"https:\/\/www.techrules.com\/es\/wp-json\/wp\/v2\/pages\/6045\/revisions"}],"predecessor-version":[{"id":9075,"href":"https:\/\/www.techrules.com\/es\/wp-json\/wp\/v2\/pages\/6045\/revisions\/9075"}],"wp:attachment":[{"href":"https:\/\/www.techrules.com\/es\/wp-json\/wp\/v2\/media?parent=6045"}],"curies":[{"name":"wp","href":"https:\/\/api.w.org\/{rel}","templated":true}]}}