{"id":6036,"date":"2020-04-22T17:49:07","date_gmt":"2020-04-22T17:49:07","guid":{"rendered":"https:\/\/demo9.scopica.es\/?page_id=6036"},"modified":"2022-10-25T08:31:36","modified_gmt":"2022-10-25T08:31:36","slug":"soluciones-para-fondos","status":"publish","type":"page","link":"https:\/\/www.techrules.com\/es\/soluciones-para-fondos\/","title":{"rendered":"Fund solutions"},"content":{"rendered":"<p>&nbsp;<\/p>\n<section id=\"block-fund-solutions\">\n<div class=\"row h-100 justify-content-center align-items-center\">\n<div class=\"col-md-5 offset-md-1\">\n<div class=\"header-service\">\n<h2>Adaptaci\u00f3n a otras plataformas<br \/>\n<span class=\"c1\"> y requisitos locales <\/span><\/h2>\n<p>Descubra c\u00f3mo TechRules Fund Fact Sheets Automation mejora todo el proceso de creaci\u00f3n de fichas de fondos.<\/p>\n<p>&nbsp;<\/p>\n<ul class=\"list-featured\">\n<li><b>Producci\u00f3n y distribuci\u00f3n\/difusi\u00f3n de fichas de fondos <\/b><\/li>\n<li><b>Acceso a fichas de fondos online<\/b>para dar seguimiento a informaci\u00f3n e indicadores claves<\/li>\n<li><b>Adaptaci\u00f3n regional y lenguaje<\/b><\/li>\n<li><b>Gesti\u00f3n y control de datos<\/b><\/li>\n<li><b> Soporte y mantenimiento<\/b><\/li>\n<\/ul>\n<\/div>\n<\/div>\n<div class=\"col-md-6 mt-xs-3\"><img decoding=\"async\" data-src=\"https:\/\/www.techrules.com\/wp-content\/themes\/techrules\/img\/fund-solutions-product.jpg\" alt=\"fund-pro\" data-aos=\"fade-left\" src=\"data:image\/svg+xml;base64,PHN2ZyB3aWR0aD0iMSIgaGVpZ2h0PSIxIiB4bWxucz0iaHR0cDovL3d3dy53My5vcmcvMjAwMC9zdmciPjwvc3ZnPg==\" class=\"lazyload\" style=\"--smush-placeholder-width: 1080px; --smush-placeholder-aspect-ratio: 1080\/940;\" \/><\/div>\n<\/div>\n<div class=\"pix-wrapper\"><img decoding=\"async\" data-src=\"https:\/\/www.techrules.com\/wp-content\/themes\/techrules\/img\/fund-solutions-bgm-1.png\" alt=\"fund-bg\" src=\"data:image\/svg+xml;base64,PHN2ZyB3aWR0aD0iMSIgaGVpZ2h0PSIxIiB4bWxucz0iaHR0cDovL3d3dy53My5vcmcvMjAwMC9zdmciPjwvc3ZnPg==\" class=\"lazyload\" style=\"--smush-placeholder-width: 68px; --smush-placeholder-aspect-ratio: 68\/69;\" \/><\/div>\n<div class=\"row pt-5 bg-line\">\n<div class=\"col-md-4 offset-md-1\">\n<div class=\"header-service\">\n<h2>Generaci\u00f3n automatica<br \/>\n<span class=\"c1\">de fichas de fondos<\/span><\/h2>\n<p>&nbsp;<\/p>\n<p><b>Alto nivel de personalizaci\u00f3n <\/b><\/p>\n<p>&nbsp;<\/p>\n<p>Mejore la experiencia del cliente y automatice todo el proceso de producci\u00f3n y diseminaci\u00f3n de sus fichas de fondos. Nuestras herramientas permiten la producci\u00f3n de fichas de fondos de forma flexible, precisa y con un dise\u00f1o sencillo y amigable.<\/p>\n<\/div>\n<\/div>\n<div class=\"col-md-5 offset-md-1 my-5\">\n<p><img decoding=\"async\" data-src=\"https:\/\/www.techrules.com\/wp-content\/themes\/techrules\/img\/fund-solutions-ico-1.png\" alt=\"fund-ico1\" src=\"data:image\/svg+xml;base64,PHN2ZyB3aWR0aD0iMSIgaGVpZ2h0PSIxIiB4bWxucz0iaHR0cDovL3d3dy53My5vcmcvMjAwMC9zdmciPjwvc3ZnPg==\" class=\"lazyload\" style=\"--smush-placeholder-width: 101px; --smush-placeholder-aspect-ratio: 101\/110;\" \/><\/p>\n<div class=\"row\">\n<div class=\"col-6\">\n<ul class=\"list-featured\">\n<li><b>F\u00e1cil adaptaci\u00f3n a identidad corporativa<\/b><\/li>\n<li><b>Seguimiento a los principales indicadores de fondos<\/b><\/li>\n<li><b>Estandarizaci\u00f3n de fichas de fondos<\/b><\/li>\n<\/ul>\n<\/div>\n<div class=\"col-6\">\n<ul class=\"list-featured\">\n<li><b>Personalizaci\u00f3n para cada usuario<\/b><\/li>\n<li><b>Flexibilidad y reporting en tiempo real<\/b><\/li>\n<\/ul>\n<\/div>\n<\/div>\n<\/div>\n<\/div>\n<div class=\"row pt-5 bg-line\">\n<div class=\"col-md-4 offset-md-1\">\n<div class=\"header-service\">\n<h2>Plataforma de marketing<br \/>\n<span class=\"c1\">para fondos<\/span><\/h2>\n<p><b>Integramos una soluci\u00f3n escalable para su negocio <\/b><\/p>\n<p>&nbsp;<\/p>\n<p>La plataforma de marketing para fichas de fondos de TechRules le permite conocer de primera mano las caracter\u00edsticas principales de sus fondos, clientes potenciales e inversores<\/p>\n<\/div>\n<\/div>\n<div class=\"col-md-5 offset-md-1 my-5\">\n<p><img decoding=\"async\" data-src=\"https:\/\/www.techrules.com\/wp-content\/themes\/techrules\/img\/fund-solutions-ico-2.png\" alt=\"fund-ico2\" src=\"data:image\/svg+xml;base64,PHN2ZyB3aWR0aD0iMSIgaGVpZ2h0PSIxIiB4bWxucz0iaHR0cDovL3d3dy53My5vcmcvMjAwMC9zdmciPjwvc3ZnPg==\" class=\"lazyload\" style=\"--smush-placeholder-width: 101px; --smush-placeholder-aspect-ratio: 101\/110;\" \/><\/p>\n<div class=\"row\">\n<div class=\"col-6\">\n<ul class=\"list-featured\">\n<li><b>B\u00fasquedas r\u00e1pidas y avanzadas<\/b><\/li>\n<li><b>Comparador<\/b><\/li>\n<li><b>Gestor de carteras<\/b><\/li>\n<\/ul>\n<\/div>\n<div class=\"col-6\">\n<ul class=\"list-featured\">\n<li><b>Alertas<\/b><\/li>\n<li><b>Interfaz centrada en el dise\u00f1o y experiencia de usuario<\/b><\/li>\n<li><b>Fichas de fondos<\/b><\/li>\n<\/ul>\n<\/div>\n<\/div>\n<\/div>\n<\/div>\n<\/section>\n<section id=\"block-fund-solutions-cta\">\n<div class=\"container\">\n<div class=\"row\">\n<div class=\"col-12 p-0\">\n<div class=\"row\">\n<div class=\"col-md-6 col-12 bg3 p-5\">\n<p class=\"tx1\">Visi\u00f3n general de la plataforma de marketing de fondos<\/p>\n<p class=\"tx2\"><b>Obtenga una visi\u00f3n m\u00e1s cercana de sus clientes y aumente el volumen de negocio <\/b><\/p>\n<p class=\"tx2\">Nuestra amplia experiencia en tecnolog\u00eda y finanzas nos permite generar un cambio real y entender las dificultades del sector del asesoramiento financiero y, a su vez, desarrollar soluciones digitales a medida.<\/p>\n<ul class=\"list-red\">\n<li>Material comercial personalizado<\/li>\n<li>Soluci\u00f3n global<\/li>\n<li>An\u00e1lisis avanzado y de valor<\/li>\n<li>Integraci\u00f3n API con plataformas propias o de terceros<\/li>\n<\/ul>\n<\/div>\n<div class=\"col-md-6 col-12 p-5 bg4 text-center d-flex justify-content-center\">\n<div class=\"align-self-center\">\n<p class=\"tx3\">Delegue la automatizaci\u00f3n de sus fichas de fondo para mejorar la productividad, reduciendo tiempo y los costes.<\/p>\n<p class=\"tx4\">Descubra aqu\u00ed c\u00f3mo hacerlo!<\/p>\n<p><a class=\"btn-rounded-green\" href=\"#\" data-toggle=\"modal\" data-target=\"#mdl-dl-es\" data-doc=\"@Case1\">Descargar<\/a><\/p>\n<\/div>\n<\/div>\n<\/div>\n<p><img decoding=\"async\" data-src=\"https:\/\/www.techrules.com\/wp-content\/themes\/techrules\/img\/fund-solutions-cta-bg2.png\" alt=\"fund-cta\" src=\"data:image\/svg+xml;base64,PHN2ZyB3aWR0aD0iMSIgaGVpZ2h0PSIxIiB4bWxucz0iaHR0cDovL3d3dy53My5vcmcvMjAwMC9zdmciPjwvc3ZnPg==\" class=\"lazyload\" style=\"--smush-placeholder-width: 1704px; --smush-placeholder-aspect-ratio: 1704\/277;\" \/><\/p>\n<\/div>\n<\/div>\n<\/div>\n<\/section>\n<section class=\"px-3\">\n<div class=\"row pt-5 bg-line\">\n<div class=\"col-md-4 offset-md-1\">\n<div class=\"header-service\">\n<h2>Plataforma<br \/>\n<span class=\"c1\"> de an\u00e1lisis de fondos<\/span><\/h2>\n<p><b>Una plataforma completa de an\u00e1lisis de fondos<\/b><\/p>\n<p>&nbsp;<\/p>\n<p>Soluci\u00f3n centrada en el cliente con un robusto soporte en los est\u00e1ndares m\u00e1s avanzados de seguridad y regulaci\u00f3n local<\/p>\n<\/div>\n<\/div>\n<div class=\"col-md-5 offset-md-1 my-5\">\n<p><img decoding=\"async\" data-src=\"https:\/\/www.techrules.com\/wp-content\/themes\/techrules\/img\/fund-solutions-ico-2.png\" alt=\"fund-ico\" src=\"data:image\/svg+xml;base64,PHN2ZyB3aWR0aD0iMSIgaGVpZ2h0PSIxIiB4bWxucz0iaHR0cDovL3d3dy53My5vcmcvMjAwMC9zdmciPjwvc3ZnPg==\" class=\"lazyload\" style=\"--smush-placeholder-width: 101px; --smush-placeholder-aspect-ratio: 101\/110;\" \/><\/p>\n<div class=\"row\">\n<div class=\"col-6\">\n<ul class=\"list-featured\">\n<li><b>An\u00e1lisis entre categor\u00edas<\/b><\/li>\n<li><b>Gestor de fichas de fondo<\/b><\/li>\n<li><b>Buscador de fondos<\/b><\/li>\n<\/ul>\n<\/div>\n<div class=\"col-6\">\n<ul class=\"list-featured\">\n<li><b>Integraci\u00f3n con diferentes fuentes de datos <\/b><\/li>\n<\/ul>\n<\/div>\n<\/div>\n<\/div>\n<\/div>\n<\/section>\n<section id=\"block-fs-values\">\n<div class=\"row\">\n<div class=\"col-md-5 offset-md-1\">\n<p class=\"tx1\">Obtenga un gran valor a\u00f1adido con un sistema propio de clasificaci\u00f3n y comparaci\u00f3n entre fondos similares<\/p>\n<\/div>\n<\/div>\n<div class=\"row mb-5\">\n<div class=\"col-md-10 offset-md-1\">\n<p><b>Realice comparaciones sencillas entre productos similares o rendimientos respecto a \u00edndices de referencia con nuestras herramientas digitales<\/b><\/p>\n<p>&nbsp;<\/p>\n<p>Disponga de una plataforma completa para los asesores de inversi\u00f3n con herramientas avanzadas, flexibles y escalables que necesitan: integraci\u00f3n de fuentes de datos, herramientas de an\u00e1lisis de riesgo, an\u00e1lisis entre categor\u00edas , construcci\u00f3n de carteras modelo y fichas de fondos.<\/p>\n<\/div>\n<\/div>\n<div class=\"container\">\n<div class=\"row\">\n<div class=\"col-md-12\"><img decoding=\"async\" data-src=\"https:\/\/www.techrules.com\/wp-content\/themes\/techrules\/img\/fund-solutions-graf.png\" alt=\"fund-graf\" src=\"data:image\/svg+xml;base64,PHN2ZyB3aWR0aD0iMSIgaGVpZ2h0PSIxIiB4bWxucz0iaHR0cDovL3d3dy53My5vcmcvMjAwMC9zdmciPjwvc3ZnPg==\" class=\"lazyload\" style=\"--smush-placeholder-width: 1307px; --smush-placeholder-aspect-ratio: 1307\/636;\" \/><\/div>\n<\/div>\n<\/div>\n<\/section>\n<section id=\"block-fs-benefits\">\n<h3 class=\"p5\">Beneficios de Funds Solutions:<\/h3>\n<div class=\"container\">\n<div class=\"row\">\n<div class=\"col-md-6\">\n<div class=\"row my-5\">\n<div class=\"col-4 text-center\"><img decoding=\"async\" data-src=\"https:\/\/www.techrules.com\/wp-content\/themes\/techrules\/img\/fund-solutions-benef-1.png\" alt=\"fund-benef1\" src=\"data:image\/svg+xml;base64,PHN2ZyB3aWR0aD0iMSIgaGVpZ2h0PSIxIiB4bWxucz0iaHR0cDovL3d3dy53My5vcmcvMjAwMC9zdmciPjwvc3ZnPg==\" class=\"lazyload\" style=\"--smush-placeholder-width: 58px; --smush-placeholder-aspect-ratio: 58\/58;\" \/><\/div>\n<div class=\"col-6\">\n<p class=\"tx1\">Integraci\u00f3n con diferentes fuentes de datos<\/p>\n<p class=\"tx2\">De bases de datos internas o de proveedores externos<\/p>\n<\/div>\n<\/div>\n<div class=\"row my-5\">\n<div class=\"col-4 text-center\"><img decoding=\"async\" data-src=\"https:\/\/www.techrules.com\/wp-content\/themes\/techrules\/img\/fund-solutions-benef-2.png\" alt=\"fund-benef2\" src=\"data:image\/svg+xml;base64,PHN2ZyB3aWR0aD0iMSIgaGVpZ2h0PSIxIiB4bWxucz0iaHR0cDovL3d3dy53My5vcmcvMjAwMC9zdmciPjwvc3ZnPg==\" class=\"lazyload\" style=\"--smush-placeholder-width: 53px; --smush-placeholder-aspect-ratio: 53\/53;\" \/><\/div>\n<div class=\"col-6\">\n<p class=\"tx1\">C\u00e1lculos avanzado de riesgo\/beneficio<\/p>\n<p class=\"tx2\">An\u00e1lisis de rendimiento, incluido atribuci\u00f3n, evoluci\u00f3n y riesgo<\/p>\n<\/div>\n<\/div>\n<\/div>\n<div class=\"col-md-6\">\n<div class=\"row my-5\">\n<div class=\"col-4 text-center\"><img decoding=\"async\" data-src=\"https:\/\/www.techrules.com\/wp-content\/themes\/techrules\/img\/fund-solutions-benef-3.png\" alt=\"fund-benef3\" src=\"data:image\/svg+xml;base64,PHN2ZyB3aWR0aD0iMSIgaGVpZ2h0PSIxIiB4bWxucz0iaHR0cDovL3d3dy53My5vcmcvMjAwMC9zdmciPjwvc3ZnPg==\" class=\"lazyload\" style=\"--smush-placeholder-width: 65px; --smush-placeholder-aspect-ratio: 65\/69;\" \/><\/div>\n<div class=\"col-6\">\n<p class=\"tx1\">Diferentes formatos<\/p>\n<p class=\"tx2\">XML, PDF, TXT, XLS y HTML<\/p>\n<\/div>\n<\/div>\n<div class=\"row my-5\">\n<div class=\"col-4 text-center\"><img decoding=\"async\" data-src=\"https:\/\/www.techrules.com\/wp-content\/themes\/techrules\/img\/fund-solutions-benef-4.png\" alt=\"fund-benef4\" src=\"data:image\/svg+xml;base64,PHN2ZyB3aWR0aD0iMSIgaGVpZ2h0PSIxIiB4bWxucz0iaHR0cDovL3d3dy53My5vcmcvMjAwMC9zdmciPjwvc3ZnPg==\" class=\"lazyload\" style=\"--smush-placeholder-width: 60px; --smush-placeholder-aspect-ratio: 60\/59;\" \/><\/div>\n<div class=\"col-6\">\n<p class=\"tx1\">Cumplimiento legal<\/p>\n<p class=\"tx2\">MiFID II y regulaciones legales locales<\/p>\n<\/div>\n<\/div>\n<\/div>\n<\/div>\n<\/div>\n<\/section>\n<section id=\"block-cutting-2\">\n<div class=\"about-bottom-deco container p-0\"><img decoding=\"async\" class=\"bg-mt-about-4 lazyload\" data-src=\"https:\/\/www.techrules.com\/wp-content\/themes\/techrules\/img\/about-bgm-1.png\" alt=\"difu1\" data-paroller-factor=\"-0.4\" data-paroller-factor-xs=\"0.1\" data-paroller-type=\"foreground\" data-paroller-direction=\"vertical\" src=\"data:image\/svg+xml;base64,PHN2ZyB3aWR0aD0iMSIgaGVpZ2h0PSIxIiB4bWxucz0iaHR0cDovL3d3dy53My5vcmcvMjAwMC9zdmciPjwvc3ZnPg==\" style=\"--smush-placeholder-width: 117px; --smush-placeholder-aspect-ratio: 117\/113;\" \/><br \/>\n<img decoding=\"async\" class=\"bg-mt-about-5 lazyload\" data-src=\"https:\/\/www.techrules.com\/wp-content\/themes\/techrules\/img\/about-bgm-2.png\" alt=\"difu1\" data-paroller-factor=\"-0.4\" data-paroller-factor-xs=\"0.1\" data-paroller-type=\"foreground\" data-paroller-direction=\"vertical\" src=\"data:image\/svg+xml;base64,PHN2ZyB3aWR0aD0iMSIgaGVpZ2h0PSIxIiB4bWxucz0iaHR0cDovL3d3dy53My5vcmcvMjAwMC9zdmciPjwvc3ZnPg==\" style=\"--smush-placeholder-width: 212px; --smush-placeholder-aspect-ratio: 212\/149;\" \/><br \/>\n<img decoding=\"async\" class=\"bg-mt-about-6 lazyload\" data-src=\"https:\/\/www.techrules.com\/wp-content\/themes\/techrules\/img\/about-bgm-3.png\" alt=\"difu1\" data-paroller-factor=\"-0.4\" data-paroller-factor-xs=\"0.1\" data-paroller-type=\"foreground\" data-paroller-direction=\"vertical\" src=\"data:image\/svg+xml;base64,PHN2ZyB3aWR0aD0iMSIgaGVpZ2h0PSIxIiB4bWxucz0iaHR0cDovL3d3dy53My5vcmcvMjAwMC9zdmciPjwvc3ZnPg==\" style=\"--smush-placeholder-width: 177px; --smush-placeholder-aspect-ratio: 177\/168;\" \/><br \/>\n<img decoding=\"async\" class=\"z5 lazyload\" data-src=\"https:\/\/www.techrules.com\/wp-content\/themes\/techrules\/img\/about-bg-3.png\" alt=\"difu1\" src=\"data:image\/svg+xml;base64,PHN2ZyB3aWR0aD0iMSIgaGVpZ2h0PSIxIiB4bWxucz0iaHR0cDovL3d3dy53My5vcmcvMjAwMC9zdmciPjwvc3ZnPg==\" style=\"--smush-placeholder-width: 1663px; --smush-placeholder-aspect-ratio: 1663\/164;\" \/><\/div>\n<\/section>\n<section id=\"block-contact\">\n<div class=\"container\">\n<div class=\"row\">\n<div class=\"col-md-5\">\n<p class=\"tx1\">\u00bfQuiere saber m\u00e1s sobre nosotros?<\/p>\n<\/div>\n<div class=\"col-md-7\">\n<div class=\"wpcf7 no-js\" id=\"wpcf7-f5959-o1\" lang=\"en-US\" dir=\"ltr\" data-wpcf7-id=\"5959\">\n<div class=\"screen-reader-response\"><p role=\"status\" aria-live=\"polite\" aria-atomic=\"true\"><\/p> <ul><\/ul><\/div>\n<form action=\"\/es\/wp-json\/wp\/v2\/pages\/6036#wpcf7-f5959-o1\" method=\"post\" class=\"wpcf7-form init wpcf7-acceptance-as-validation\" aria-label=\"Contact form\" novalidate=\"novalidate\" data-status=\"init\">\n<fieldset class=\"hidden-fields-container\"><input type=\"hidden\" name=\"_wpcf7\" value=\"5959\" \/><input type=\"hidden\" name=\"_wpcf7_version\" value=\"6.1.4\" \/><input type=\"hidden\" name=\"_wpcf7_locale\" value=\"en_US\" \/><input type=\"hidden\" name=\"_wpcf7_unit_tag\" value=\"wpcf7-f5959-o1\" \/><input type=\"hidden\" name=\"_wpcf7_container_post\" value=\"0\" \/><input type=\"hidden\" name=\"_wpcf7_posted_data_hash\" value=\"\" \/><input type=\"hidden\" name=\"_wpcf7_recaptcha_response\" value=\"\" \/>\n<\/fieldset>\n<div class=\"contact-form-main\">\n    <div class=\"row\">\n        <div class=\"col-md-6\">\n            <div class=\"form-group\">\n                <span class=\"input-group\">\n                    <img decoding=\"async\" data-src=\"https:\/\/www.techrules.com\/wp-content\/themes\/techrules\/img\/footer-form-user.png\" src=\"data:image\/svg+xml;base64,PHN2ZyB3aWR0aD0iMSIgaGVpZ2h0PSIxIiB4bWxucz0iaHR0cDovL3d3dy53My5vcmcvMjAwMC9zdmciPjwvc3ZnPg==\" class=\"lazyload\" style=\"--smush-placeholder-width: 32px; --smush-placeholder-aspect-ratio: 32\/32;\">\n                    <span class=\"wpcf7-form-control-wrap\" data-name=\"lead-name\"><input size=\"40\" maxlength=\"400\" class=\"wpcf7-form-control wpcf7-text wpcf7-validates-as-required\" aria-required=\"true\" aria-invalid=\"false\" placeholder=\"Nombre\" value=\"\" type=\"text\" name=\"lead-name\" \/><\/span>\n                <\/span>\n            <\/div>\n            <div class=\"form-group\">\n                <span class=\"input-group\">\n                    <img decoding=\"async\" data-src=\"https:\/\/www.techrules.com\/wp-content\/themes\/techrules\/img\/footer-form-company.png\" src=\"data:image\/svg+xml;base64,PHN2ZyB3aWR0aD0iMSIgaGVpZ2h0PSIxIiB4bWxucz0iaHR0cDovL3d3dy53My5vcmcvMjAwMC9zdmciPjwvc3ZnPg==\" class=\"lazyload\" style=\"--smush-placeholder-width: 32px; --smush-placeholder-aspect-ratio: 32\/32;\">\n                    <span class=\"wpcf7-form-control-wrap\" data-name=\"lead-company\"><input size=\"40\" maxlength=\"400\" class=\"wpcf7-form-control wpcf7-text\" aria-invalid=\"false\" placeholder=\"Compa\u00f1\u00eda\" value=\"\" type=\"text\" name=\"lead-company\" \/><\/span>\n                <\/span>\n            <\/div>\n        <\/div>\n        <div class=\"col-md-6\">\n            <div class=\"form-group\">\n                <span class=\"input-group\">\n                    <img decoding=\"async\" data-src=\"https:\/\/www.techrules.com\/wp-content\/themes\/techrules\/img\/footer-form-mail.png\" src=\"data:image\/svg+xml;base64,PHN2ZyB3aWR0aD0iMSIgaGVpZ2h0PSIxIiB4bWxucz0iaHR0cDovL3d3dy53My5vcmcvMjAwMC9zdmciPjwvc3ZnPg==\" class=\"lazyload\" style=\"--smush-placeholder-width: 32px; --smush-placeholder-aspect-ratio: 32\/32;\">\n                    <span class=\"wpcf7-form-control-wrap\" data-name=\"lead-email\"><input size=\"40\" maxlength=\"400\" class=\"wpcf7-form-control wpcf7-email wpcf7-validates-as-required wpcf7-text wpcf7-validates-as-email\" aria-required=\"true\" aria-invalid=\"false\" placeholder=\"Email\" value=\"\" type=\"email\" name=\"lead-email\" \/><\/span>\n                <\/span>\n            <\/div>\n            <div class=\"form-group\">\n                <span class=\"input-group\">\n                    <img decoding=\"async\" data-src=\"https:\/\/www.techrules.com\/wp-content\/themes\/techrules\/img\/footer-form-message.png\" src=\"data:image\/svg+xml;base64,PHN2ZyB3aWR0aD0iMSIgaGVpZ2h0PSIxIiB4bWxucz0iaHR0cDovL3d3dy53My5vcmcvMjAwMC9zdmciPjwvc3ZnPg==\" class=\"lazyload\" style=\"--smush-placeholder-width: 32px; --smush-placeholder-aspect-ratio: 32\/32;\">\n                    <span class=\"wpcf7-form-control-wrap\" data-name=\"lead-message\"><textarea cols=\"40\" rows=\"10\" maxlength=\"2000\" class=\"wpcf7-form-control wpcf7-textarea wpcf7-validates-as-required\" aria-required=\"true\" aria-invalid=\"false\" placeholder=\"Mensaje\" name=\"lead-message\"><\/textarea><\/span>\n                <\/span>\n            <\/div>\n        <\/div>\n    <\/div>\n    <div class=\"row\">\n        <div class=\"col-md-12\">\n            <span class=\"wpcf7-form-control-wrap\" data-name=\"your-consent\"><span class=\"wpcf7-form-control wpcf7-acceptance\"><span class=\"wpcf7-list-item\"><label><input type=\"checkbox\" name=\"your-consent\" value=\"1\" aria-invalid=\"false\" \/><span class=\"wpcf7-list-item-label\">Al enviar este formulario, usted acepta recibir informaci\u00f3n comercial, los <a\n                    href=\"https:\/\/www.techrules.com\/es\/condiciones-de-uso\/\" target=\"_blank\">t\u00e9rminos del servicio<\/a>, la <a href=\"\/privacy-policy\/\" target=\"_blank\">pol\u00edtica de privacidad<\/a> y <a href=\"\/es\/politica-de-cookies\/\">cookies<\/a>.<\/span><\/label><\/span><\/span><\/span>\n\n\n        <\/div>\n    <\/div>\n    <div class=\"row\">\n        <div class=\"col-md-12\">\n            <input class=\"wpcf7-form-control wpcf7-submit has-spinner\" type=\"submit\" value=\"Enviar mensaje\" \/>\n        <\/div>\n    <\/div>\n<\/div><div class=\"wpcf7-response-output\" aria-hidden=\"true\"><\/div>\n<\/form>\n<\/div>\n<\/div>\n<\/div>\n<\/div>\n<\/section>\n","protected":false},"excerpt":{"rendered":"<p>&nbsp; Adaptaci\u00f3n a otras plataformas y requisitos locales Descubra c\u00f3mo TechRules Fund Fact Sheets Automation mejora todo el proceso de creaci\u00f3n de fichas de fondos. &nbsp; Producci\u00f3n y distribuci\u00f3n\/difusi\u00f3n de fichas de fondos Acceso a fichas de fondos onlinepara dar seguimiento a informaci\u00f3n e indicadores claves Adaptaci\u00f3n regional y lenguaje Gesti\u00f3n y control de datos [&hellip;]<\/p>\n","protected":false},"author":1,"featured_media":0,"parent":0,"menu_order":0,"comment_status":"closed","ping_status":"closed","template":"tpl-pages\/fund-solutions.php","meta":{"_acf_changed":false,"footnotes":""},"class_list":["post-6036","page","type-page","status-publish","hentry"],"acf":[],"yoast_head":"<!-- This site is optimized with the Yoast SEO plugin v26.7 - https:\/\/yoast.com\/wordpress\/plugins\/seo\/ -->\r\n<title>Automatizaci\u00f3n de fichas de Fondos - TechRules<\/title>\r\n<meta name=\"robots\" content=\"index, follow, max-snippet:-1, max-image-preview:large, max-video-preview:-1\" \/>\r\n<link rel=\"canonical\" href=\"https:\/\/www.techrules.com\/es\/soluciones-para-fondos\/\" \/>\r\n<meta property=\"og:locale\" content=\"es_ES\" \/>\r\n<meta property=\"og:type\" content=\"article\" \/>\r\n<meta property=\"og:title\" content=\"Automatizaci\u00f3n de fichas de Fondos - TechRules\" \/>\r\n<meta property=\"og:description\" content=\"&nbsp; Adaptaci\u00f3n a otras plataformas y requisitos locales Descubra c\u00f3mo TechRules Fund Fact Sheets Automation mejora todo el proceso de creaci\u00f3n de fichas de fondos. &nbsp; Producci\u00f3n y distribuci\u00f3n\/difusi\u00f3n de fichas de fondos Acceso a fichas de fondos onlinepara dar seguimiento a informaci\u00f3n e indicadores claves Adaptaci\u00f3n regional y lenguaje Gesti\u00f3n y control de datos [&hellip;]\" \/>\r\n<meta property=\"og:url\" content=\"https:\/\/www.techrules.com\/es\/soluciones-para-fondos\/\" \/>\r\n<meta property=\"og:site_name\" content=\"TechRules\" \/>\r\n<meta property=\"article:modified_time\" content=\"2022-10-25T08:31:36+00:00\" \/>\r\n<meta name=\"twitter:card\" content=\"summary_large_image\" \/>\r\n<meta name=\"twitter:label1\" content=\"Tiempo de lectura\" \/>\n\t<meta name=\"twitter:data1\" content=\"6 minutos\" \/>\r\n<script type=\"application\/ld+json\" class=\"yoast-schema-graph\">{\"@context\":\"https:\/\/schema.org\",\"@graph\":[{\"@type\":\"WebPage\",\"@id\":\"https:\/\/www.techrules.com\/es\/soluciones-para-fondos\/\",\"url\":\"https:\/\/www.techrules.com\/es\/soluciones-para-fondos\/\",\"name\":\"Automatizaci\u00f3n de fichas de Fondos - TechRules\",\"isPartOf\":{\"@id\":\"https:\/\/www.techrules.com\/#website\"},\"datePublished\":\"2020-04-22T17:49:07+00:00\",\"dateModified\":\"2022-10-25T08:31:36+00:00\",\"breadcrumb\":{\"@id\":\"https:\/\/www.techrules.com\/es\/soluciones-para-fondos\/#breadcrumb\"},\"inLanguage\":\"es\",\"potentialAction\":[{\"@type\":\"ReadAction\",\"target\":[\"https:\/\/www.techrules.com\/es\/soluciones-para-fondos\/\"]}]},{\"@type\":\"BreadcrumbList\",\"@id\":\"https:\/\/www.techrules.com\/es\/soluciones-para-fondos\/#breadcrumb\",\"itemListElement\":[{\"@type\":\"ListItem\",\"position\":1,\"name\":\"Home\",\"item\":\"https:\/\/www.techrules.com\/es\/\"},{\"@type\":\"ListItem\",\"position\":2,\"name\":\"Fund solutions\"}]},{\"@type\":\"WebSite\",\"@id\":\"https:\/\/www.techrules.com\/#website\",\"url\":\"https:\/\/www.techrules.com\/\",\"name\":\"TechRules\",\"description\":\"Wealth Management Solutions | TechRules\",\"potentialAction\":[{\"@type\":\"SearchAction\",\"target\":{\"@type\":\"EntryPoint\",\"urlTemplate\":\"https:\/\/www.techrules.com\/?s={search_term_string}\"},\"query-input\":{\"@type\":\"PropertyValueSpecification\",\"valueRequired\":true,\"valueName\":\"search_term_string\"}}],\"inLanguage\":\"es\"}]}<\/script>\r\n<!-- \/ Yoast SEO plugin. -->","yoast_head_json":{"title":"Automatizaci\u00f3n de fichas de Fondos - TechRules","robots":{"index":"index","follow":"follow","max-snippet":"max-snippet:-1","max-image-preview":"max-image-preview:large","max-video-preview":"max-video-preview:-1"},"canonical":"https:\/\/www.techrules.com\/es\/soluciones-para-fondos\/","og_locale":"es_ES","og_type":"article","og_title":"Automatizaci\u00f3n de fichas de Fondos - TechRules","og_description":"&nbsp; Adaptaci\u00f3n a otras plataformas y requisitos locales Descubra c\u00f3mo TechRules Fund Fact Sheets Automation mejora todo el proceso de creaci\u00f3n de fichas de fondos. &nbsp; Producci\u00f3n y distribuci\u00f3n\/difusi\u00f3n de fichas de fondos Acceso a fichas de fondos onlinepara dar seguimiento a informaci\u00f3n e indicadores claves Adaptaci\u00f3n regional y lenguaje Gesti\u00f3n y control de datos [&hellip;]","og_url":"https:\/\/www.techrules.com\/es\/soluciones-para-fondos\/","og_site_name":"TechRules","article_modified_time":"2022-10-25T08:31:36+00:00","twitter_card":"summary_large_image","twitter_misc":{"Tiempo de lectura":"6 minutos"},"schema":{"@context":"https:\/\/schema.org","@graph":[{"@type":"WebPage","@id":"https:\/\/www.techrules.com\/es\/soluciones-para-fondos\/","url":"https:\/\/www.techrules.com\/es\/soluciones-para-fondos\/","name":"Automatizaci\u00f3n de fichas de Fondos - TechRules","isPartOf":{"@id":"https:\/\/www.techrules.com\/#website"},"datePublished":"2020-04-22T17:49:07+00:00","dateModified":"2022-10-25T08:31:36+00:00","breadcrumb":{"@id":"https:\/\/www.techrules.com\/es\/soluciones-para-fondos\/#breadcrumb"},"inLanguage":"es","potentialAction":[{"@type":"ReadAction","target":["https:\/\/www.techrules.com\/es\/soluciones-para-fondos\/"]}]},{"@type":"BreadcrumbList","@id":"https:\/\/www.techrules.com\/es\/soluciones-para-fondos\/#breadcrumb","itemListElement":[{"@type":"ListItem","position":1,"name":"Home","item":"https:\/\/www.techrules.com\/es\/"},{"@type":"ListItem","position":2,"name":"Fund solutions"}]},{"@type":"WebSite","@id":"https:\/\/www.techrules.com\/#website","url":"https:\/\/www.techrules.com\/","name":"TechRules","description":"Wealth Management Solutions | TechRules","potentialAction":[{"@type":"SearchAction","target":{"@type":"EntryPoint","urlTemplate":"https:\/\/www.techrules.com\/?s={search_term_string}"},"query-input":{"@type":"PropertyValueSpecification","valueRequired":true,"valueName":"search_term_string"}}],"inLanguage":"es"}]}},"_links":{"self":[{"href":"https:\/\/www.techrules.com\/es\/wp-json\/wp\/v2\/pages\/6036","targetHints":{"allow":["GET"]}}],"collection":[{"href":"https:\/\/www.techrules.com\/es\/wp-json\/wp\/v2\/pages"}],"about":[{"href":"https:\/\/www.techrules.com\/es\/wp-json\/wp\/v2\/types\/page"}],"author":[{"embeddable":true,"href":"https:\/\/www.techrules.com\/es\/wp-json\/wp\/v2\/users\/1"}],"replies":[{"embeddable":true,"href":"https:\/\/www.techrules.com\/es\/wp-json\/wp\/v2\/comments?post=6036"}],"version-history":[{"count":21,"href":"https:\/\/www.techrules.com\/es\/wp-json\/wp\/v2\/pages\/6036\/revisions"}],"predecessor-version":[{"id":9488,"href":"https:\/\/www.techrules.com\/es\/wp-json\/wp\/v2\/pages\/6036\/revisions\/9488"}],"wp:attachment":[{"href":"https:\/\/www.techrules.com\/es\/wp-json\/wp\/v2\/media?parent=6036"}],"curies":[{"name":"wp","href":"https:\/\/api.w.org\/{rel}","templated":true}]}}