{"id":6025,"date":"2020-03-17T12:37:59","date_gmt":"2020-03-17T12:37:59","guid":{"rendered":"https:\/\/demo9.scopica.es\/social-responsibility\/"},"modified":"2022-06-13T16:35:43","modified_gmt":"2022-06-13T16:35:43","slug":"responsabilidad-social","status":"publish","type":"page","link":"https:\/\/www.techrules.com\/es\/responsabilidad-social\/","title":{"rendered":"Responsabilidad social"},"content":{"rendered":"<section id=\"block-social-responsability\">\n<div class=\"row h-100 justify-content-center align-items-center pb-5\">\n<div class=\"col-md-5 offset-md-1\">\n<div class=\"header-service\">\n<h2>Comprometidos con la<br \/>\n<span class=\"c1\">inclusi\u00f3n social<\/span><\/h2>\n<p><b><a href=\"http:\/\/www.savinco.org\">Savinco Social Finance<\/a> forma parte de nuestro grupo empresarial especializado en asesoramiento financiero, tecnolog\u00eda y educaci\u00f3n financiera desde 1987. Hemos querido aprovechar esta experiencia de m\u00e1s de 30 a\u00f1os para promover la inclusi\u00f3n social a trav\u00e9s de la educaci\u00f3n financiera, el ahorro y la tecnolog\u00eda en la base de la pir\u00e1mide.<\/b><\/p>\n<p>&nbsp;<\/p>\n<p>Uno de los principales impedimentos para el desarrollo de las personas que viven en situaci\u00f3n de pobreza es su carencia de ahorro. Esta deficiencia conduce a fuertes dependencias y a una vulnerabilidad permanente.<\/p>\n<p>&nbsp;<\/p>\n<p>Pero, \u00bfpueden las personas en situaci\u00f3n de pobreza ahorrar dinero hasta alcanzar la independencia financiera? La respuesta es rotundamente s\u00ed. Pero, \u00bfc\u00f3mo? A trav\u00e9s de una educaci\u00f3n financiera pr\u00e1ctica basada en ahorrar de manera segura, flexible, transparente, barata (sin comisiones) y rentable.<\/p>\n<p>&nbsp;<\/p>\n<p>Formamos grupos de entre 15 y 50 personas unidos por fuertes lazos de confianza. Les ense\u00f1amos t\u00e9cnicas de ahorro, a tomar decisiones colectivas y a financiarse a trav\u00e9s de sus ahorros. Les proporcionamos la tecnolog\u00eda necesaria para hacerlo de manera transparente y ordenada.<\/p>\n<p>&nbsp;<\/p>\n<p>Esto es ahorrar para aprender. Educar para generar h\u00e1bitos de ahorro a largo plazo y habilidades de gesti\u00f3n.<\/p>\n<\/div>\n<\/div>\n<div class=\"col-md-6 mt-xs-3\"><img decoding=\"async\" data-src=\"https:\/\/www.techrules.com\/wp-content\/themes\/techrules\/img\/social-main.jpg\" src=\"data:image\/svg+xml;base64,PHN2ZyB3aWR0aD0iMSIgaGVpZ2h0PSIxIiB4bWxucz0iaHR0cDovL3d3dy53My5vcmcvMjAwMC9zdmciPjwvc3ZnPg==\" class=\"lazyload\" style=\"--smush-placeholder-width: 703px; --smush-placeholder-aspect-ratio: 703\/651;\" \/><\/div>\n<\/div>\n<div class=\"row\">\n<div class=\"col-md-12 text-center header-service block2\">\n<h2>Moving Silver: un proyecto de ahorro <span class=\"c1\">desarrollado por I&amp;C Foundation<\/span><\/h2>\n<div class=\"video-wrapper\"><iframe data-src=\"https:\/\/www.youtube.com\/embed\/tnSRcCWINok\" width=\"620\" height=\"375\" frameborder=\"0\" allowfullscreen=\"allowfullscreen\" src=\"data:image\/svg+xml;base64,PHN2ZyB3aWR0aD0iMSIgaGVpZ2h0PSIxIiB4bWxucz0iaHR0cDovL3d3dy53My5vcmcvMjAwMC9zdmciPjwvc3ZnPg==\" class=\"lazyload\" data-load-mode=\"1\"><\/iframe><\/div>\n<\/div>\n<\/div>\n<\/section>\n<section id=\"block-social-wwd\">\n<div class=\"container\">\n<div class=\"row\">\n<div class=\"col-md-12 text-center\">\n<h3>\u00bfQu\u00e9 <span class=\"c1\">hacemos?<\/span><\/h3>\n<\/div>\n<\/div>\n<div class=\"row\">\n<div class=\"col-md-4 col-6\"><img decoding=\"async\" data-src=\"https:\/\/www.techrules.com\/wp-content\/themes\/techrules\/img\/social-wwd-ico-01.png\" src=\"data:image\/svg+xml;base64,PHN2ZyB3aWR0aD0iMSIgaGVpZ2h0PSIxIiB4bWxucz0iaHR0cDovL3d3dy53My5vcmcvMjAwMC9zdmciPjwvc3ZnPg==\" class=\"lazyload\" style=\"--smush-placeholder-width: 103px; --smush-placeholder-aspect-ratio: 103\/81;\" \/><\/p>\n<p class=\"pb-5 mw-50\">Promovemos peque\u00f1as comunidades (10 a 30 personas) basadas en la confianza mutua<\/p>\n<\/div>\n<div class=\"col-md-4 col-6\"><img decoding=\"async\" data-src=\"https:\/\/www.techrules.com\/wp-content\/themes\/techrules\/img\/social-wwd-ico-02.png\" src=\"data:image\/svg+xml;base64,PHN2ZyB3aWR0aD0iMSIgaGVpZ2h0PSIxIiB4bWxucz0iaHR0cDovL3d3dy53My5vcmcvMjAwMC9zdmciPjwvc3ZnPg==\" class=\"lazyload\" style=\"--smush-placeholder-width: 90px; --smush-placeholder-aspect-ratio: 90\/93;\" \/><\/p>\n<p class=\"pb-5 mw-50\">Educamos en la gesti\u00f3n aut\u00f3noma de ahorro a largo plazo<\/p>\n<\/div>\n<div class=\"col-md-4 col-6\"><img decoding=\"async\" data-src=\"https:\/\/www.techrules.com\/wp-content\/themes\/techrules\/img\/social-wwd-ico-03.png\" src=\"data:image\/svg+xml;base64,PHN2ZyB3aWR0aD0iMSIgaGVpZ2h0PSIxIiB4bWxucz0iaHR0cDovL3d3dy53My5vcmcvMjAwMC9zdmciPjwvc3ZnPg==\" class=\"lazyload\" style=\"--smush-placeholder-width: 82px; --smush-placeholder-aspect-ratio: 82\/82;\" \/><\/p>\n<p class=\"pb-5 mw-50\">Les ayudamos a organizarse y autogestionarse<\/p>\n<\/div>\n<div class=\"col-md-4 col-6\"><img decoding=\"async\" data-src=\"https:\/\/www.techrules.com\/wp-content\/themes\/techrules\/img\/social-wwd-ico-04.png\" src=\"data:image\/svg+xml;base64,PHN2ZyB3aWR0aD0iMSIgaGVpZ2h0PSIxIiB4bWxucz0iaHR0cDovL3d3dy53My5vcmcvMjAwMC9zdmciPjwvc3ZnPg==\" class=\"lazyload\" style=\"--smush-placeholder-width: 85px; --smush-placeholder-aspect-ratio: 85\/105;\" \/><\/p>\n<p class=\"pb-5 mw-50\">Les ense\u00f1amos c\u00f3mo administrar pr\u00e9stamos en comunidad y c\u00f3mo llevar sus libros contables<\/p>\n<\/div>\n<div class=\"col-md-4 col-6\"><img decoding=\"async\" data-src=\"https:\/\/www.techrules.com\/wp-content\/themes\/techrules\/img\/social-wwd-ico-05.png\" src=\"data:image\/svg+xml;base64,PHN2ZyB3aWR0aD0iMSIgaGVpZ2h0PSIxIiB4bWxucz0iaHR0cDovL3d3dy53My5vcmcvMjAwMC9zdmciPjwvc3ZnPg==\" class=\"lazyload\" style=\"--smush-placeholder-width: 83px; --smush-placeholder-aspect-ratio: 83\/85;\" \/><\/p>\n<p class=\"pb-5 mw-50\">Les formamos a tomar decisiones grupales en consenso<\/p>\n<\/div>\n<div class=\"col-md-4 col-6\"><img decoding=\"async\" data-src=\"https:\/\/www.techrules.com\/wp-content\/themes\/techrules\/img\/social-wwd-ico-06.png\" src=\"data:image\/svg+xml;base64,PHN2ZyB3aWR0aD0iMSIgaGVpZ2h0PSIxIiB4bWxucz0iaHR0cDovL3d3dy53My5vcmcvMjAwMC9zdmciPjwvc3ZnPg==\" class=\"lazyload\" style=\"--smush-placeholder-width: 78px; --smush-placeholder-aspect-ratio: 78\/87;\" \/><\/p>\n<p class=\"pb-5 mw-50\">Educaci\u00f3n 100% pr\u00e1ctica y metodolog\u00eda colectiva<\/p>\n<\/div>\n<\/div>\n<\/div>\n<\/section>\n<section id=\"block-cutting-2\">\n<div class=\"about-bottom-deco container p-0\"><img decoding=\"async\" class=\"bg-mt-about-4 lazyload\" data-src=\"https:\/\/www.techrules.com\/wp-content\/themes\/techrules\/img\/about-bgm-1.png\" data-paroller-factor=\"-0.4\" data-paroller-factor-xs=\"0.1\" data-paroller-type=\"foreground\" data-paroller-direction=\"vertical\" src=\"data:image\/svg+xml;base64,PHN2ZyB3aWR0aD0iMSIgaGVpZ2h0PSIxIiB4bWxucz0iaHR0cDovL3d3dy53My5vcmcvMjAwMC9zdmciPjwvc3ZnPg==\" style=\"--smush-placeholder-width: 117px; --smush-placeholder-aspect-ratio: 117\/113;\" \/><br \/>\n<img decoding=\"async\" class=\"bg-mt-about-5 lazyload\" data-src=\"https:\/\/www.techrules.com\/wp-content\/themes\/techrules\/img\/about-bgm-2.png\" data-paroller-factor=\"-0.4\" data-paroller-factor-xs=\"0.1\" data-paroller-type=\"foreground\" data-paroller-direction=\"vertical\" src=\"data:image\/svg+xml;base64,PHN2ZyB3aWR0aD0iMSIgaGVpZ2h0PSIxIiB4bWxucz0iaHR0cDovL3d3dy53My5vcmcvMjAwMC9zdmciPjwvc3ZnPg==\" style=\"--smush-placeholder-width: 212px; --smush-placeholder-aspect-ratio: 212\/149;\" \/><br \/>\n<img decoding=\"async\" class=\"bg-mt-about-6 lazyload\" data-src=\"https:\/\/www.techrules.com\/wp-content\/themes\/techrules\/img\/about-bgm-3.png\" data-paroller-factor=\"-0.4\" data-paroller-factor-xs=\"0.1\" data-paroller-type=\"foreground\" data-paroller-direction=\"vertical\" src=\"data:image\/svg+xml;base64,PHN2ZyB3aWR0aD0iMSIgaGVpZ2h0PSIxIiB4bWxucz0iaHR0cDovL3d3dy53My5vcmcvMjAwMC9zdmciPjwvc3ZnPg==\" style=\"--smush-placeholder-width: 177px; --smush-placeholder-aspect-ratio: 177\/168;\" \/><br \/>\n<img decoding=\"async\" class=\"z5 lazyload\" data-src=\"https:\/\/www.techrules.com\/wp-content\/themes\/techrules\/img\/about-bg-3.png\" src=\"data:image\/svg+xml;base64,PHN2ZyB3aWR0aD0iMSIgaGVpZ2h0PSIxIiB4bWxucz0iaHR0cDovL3d3dy53My5vcmcvMjAwMC9zdmciPjwvc3ZnPg==\" style=\"--smush-placeholder-width: 1663px; --smush-placeholder-aspect-ratio: 1663\/164;\" \/><\/div>\n<\/section>\n<section id=\"block-contact\">\n<div class=\"container\">\n<div class=\"row\">\n<div class=\"col-md-5\">\n<p class=\"tx1\">\u00bfQuiere saber m\u00e1s sobre nosotros?<\/p>\n<\/div>\n<div class=\"col-md-7\">\n<div class=\"wpcf7 no-js\" id=\"wpcf7-f5959-o1\" lang=\"en-US\" dir=\"ltr\" data-wpcf7-id=\"5959\">\n<div class=\"screen-reader-response\"><p role=\"status\" aria-live=\"polite\" aria-atomic=\"true\"><\/p> <ul><\/ul><\/div>\n<form action=\"\/es\/wp-json\/wp\/v2\/pages\/6025#wpcf7-f5959-o1\" method=\"post\" class=\"wpcf7-form init wpcf7-acceptance-as-validation\" aria-label=\"Contact form\" novalidate=\"novalidate\" data-status=\"init\">\n<fieldset class=\"hidden-fields-container\"><input type=\"hidden\" name=\"_wpcf7\" value=\"5959\" \/><input type=\"hidden\" name=\"_wpcf7_version\" value=\"6.1.4\" \/><input type=\"hidden\" name=\"_wpcf7_locale\" value=\"en_US\" \/><input type=\"hidden\" name=\"_wpcf7_unit_tag\" value=\"wpcf7-f5959-o1\" \/><input type=\"hidden\" name=\"_wpcf7_container_post\" value=\"0\" \/><input type=\"hidden\" name=\"_wpcf7_posted_data_hash\" value=\"\" \/><input type=\"hidden\" name=\"_wpcf7_recaptcha_response\" value=\"\" \/>\n<\/fieldset>\n<div class=\"contact-form-main\">\n    <div class=\"row\">\n        <div class=\"col-md-6\">\n            <div class=\"form-group\">\n                <span class=\"input-group\">\n                    <img decoding=\"async\" data-src=\"https:\/\/www.techrules.com\/wp-content\/themes\/techrules\/img\/footer-form-user.png\" src=\"data:image\/svg+xml;base64,PHN2ZyB3aWR0aD0iMSIgaGVpZ2h0PSIxIiB4bWxucz0iaHR0cDovL3d3dy53My5vcmcvMjAwMC9zdmciPjwvc3ZnPg==\" class=\"lazyload\" style=\"--smush-placeholder-width: 32px; --smush-placeholder-aspect-ratio: 32\/32;\">\n                    <span class=\"wpcf7-form-control-wrap\" data-name=\"lead-name\"><input size=\"40\" maxlength=\"400\" class=\"wpcf7-form-control wpcf7-text wpcf7-validates-as-required\" aria-required=\"true\" aria-invalid=\"false\" placeholder=\"Nombre\" value=\"\" type=\"text\" name=\"lead-name\" \/><\/span>\n                <\/span>\n            <\/div>\n            <div class=\"form-group\">\n                <span class=\"input-group\">\n                    <img decoding=\"async\" data-src=\"https:\/\/www.techrules.com\/wp-content\/themes\/techrules\/img\/footer-form-company.png\" src=\"data:image\/svg+xml;base64,PHN2ZyB3aWR0aD0iMSIgaGVpZ2h0PSIxIiB4bWxucz0iaHR0cDovL3d3dy53My5vcmcvMjAwMC9zdmciPjwvc3ZnPg==\" class=\"lazyload\" style=\"--smush-placeholder-width: 32px; --smush-placeholder-aspect-ratio: 32\/32;\">\n                    <span class=\"wpcf7-form-control-wrap\" data-name=\"lead-company\"><input size=\"40\" maxlength=\"400\" class=\"wpcf7-form-control wpcf7-text\" aria-invalid=\"false\" placeholder=\"Compa\u00f1\u00eda\" value=\"\" type=\"text\" name=\"lead-company\" \/><\/span>\n                <\/span>\n            <\/div>\n        <\/div>\n        <div class=\"col-md-6\">\n            <div class=\"form-group\">\n                <span class=\"input-group\">\n                    <img decoding=\"async\" data-src=\"https:\/\/www.techrules.com\/wp-content\/themes\/techrules\/img\/footer-form-mail.png\" src=\"data:image\/svg+xml;base64,PHN2ZyB3aWR0aD0iMSIgaGVpZ2h0PSIxIiB4bWxucz0iaHR0cDovL3d3dy53My5vcmcvMjAwMC9zdmciPjwvc3ZnPg==\" class=\"lazyload\" style=\"--smush-placeholder-width: 32px; --smush-placeholder-aspect-ratio: 32\/32;\">\n                    <span class=\"wpcf7-form-control-wrap\" data-name=\"lead-email\"><input size=\"40\" maxlength=\"400\" class=\"wpcf7-form-control wpcf7-email wpcf7-validates-as-required wpcf7-text wpcf7-validates-as-email\" aria-required=\"true\" aria-invalid=\"false\" placeholder=\"Email\" value=\"\" type=\"email\" name=\"lead-email\" \/><\/span>\n                <\/span>\n            <\/div>\n            <div class=\"form-group\">\n                <span class=\"input-group\">\n                    <img decoding=\"async\" data-src=\"https:\/\/www.techrules.com\/wp-content\/themes\/techrules\/img\/footer-form-message.png\" src=\"data:image\/svg+xml;base64,PHN2ZyB3aWR0aD0iMSIgaGVpZ2h0PSIxIiB4bWxucz0iaHR0cDovL3d3dy53My5vcmcvMjAwMC9zdmciPjwvc3ZnPg==\" class=\"lazyload\" style=\"--smush-placeholder-width: 32px; --smush-placeholder-aspect-ratio: 32\/32;\">\n                    <span class=\"wpcf7-form-control-wrap\" data-name=\"lead-message\"><textarea cols=\"40\" rows=\"10\" maxlength=\"2000\" class=\"wpcf7-form-control wpcf7-textarea wpcf7-validates-as-required\" aria-required=\"true\" aria-invalid=\"false\" placeholder=\"Mensaje\" name=\"lead-message\"><\/textarea><\/span>\n                <\/span>\n            <\/div>\n        <\/div>\n    <\/div>\n    <div class=\"row\">\n        <div class=\"col-md-12\">\n            <span class=\"wpcf7-form-control-wrap\" data-name=\"your-consent\"><span class=\"wpcf7-form-control wpcf7-acceptance\"><span class=\"wpcf7-list-item\"><label><input type=\"checkbox\" name=\"your-consent\" value=\"1\" aria-invalid=\"false\" \/><span class=\"wpcf7-list-item-label\">Al enviar este formulario, usted acepta recibir informaci\u00f3n comercial, los <a\n                    href=\"https:\/\/www.techrules.com\/es\/condiciones-de-uso\/\" target=\"_blank\">t\u00e9rminos del servicio<\/a>, la <a href=\"\/privacy-policy\/\" target=\"_blank\">pol\u00edtica de privacidad<\/a> y <a href=\"\/es\/politica-de-cookies\/\">cookies<\/a>.<\/span><\/label><\/span><\/span><\/span>\n\n\n        <\/div>\n    <\/div>\n    <div class=\"row\">\n        <div class=\"col-md-12\">\n            <input class=\"wpcf7-form-control wpcf7-submit has-spinner\" type=\"submit\" value=\"Enviar mensaje\" \/>\n        <\/div>\n    <\/div>\n<\/div><div class=\"wpcf7-response-output\" aria-hidden=\"true\"><\/div>\n<\/form>\n<\/div>\n<\/div>\n<\/div>\n<\/div>\n<\/section>\n","protected":false},"excerpt":{"rendered":"<p>Comprometidos con la inclusi\u00f3n social Savinco Social Finance forma parte de nuestro grupo empresarial especializado en asesoramiento financiero, tecnolog\u00eda y educaci\u00f3n financiera desde 1987. Hemos querido aprovechar esta experiencia de m\u00e1s de 30 a\u00f1os para promover la inclusi\u00f3n social a trav\u00e9s de la educaci\u00f3n financiera, el ahorro y la tecnolog\u00eda en la base de la [&hellip;]<\/p>\n","protected":false},"author":1,"featured_media":0,"parent":0,"menu_order":0,"comment_status":"closed","ping_status":"closed","template":"tpl-pages\/social-responsability.php","meta":{"_acf_changed":false,"footnotes":""},"class_list":["post-6025","page","type-page","status-publish","hentry"],"acf":[],"yoast_head":"<!-- This site is optimized with the Yoast SEO plugin v26.7 - https:\/\/yoast.com\/wordpress\/plugins\/seo\/ -->\r\n<title>Responsabilidad social - TechRules<\/title>\r\n<meta name=\"robots\" content=\"index, follow, max-snippet:-1, max-image-preview:large, max-video-preview:-1\" \/>\r\n<link rel=\"canonical\" href=\"https:\/\/www.techrules.com\/social-responsibility\/\" \/>\r\n<meta property=\"og:locale\" content=\"es_ES\" \/>\r\n<meta property=\"og:type\" content=\"article\" \/>\r\n<meta property=\"og:title\" content=\"Responsabilidad social - TechRules\" \/>\r\n<meta property=\"og:description\" content=\"Comprometidos con la inclusi\u00f3n social Savinco Social Finance forma parte de nuestro grupo empresarial especializado en asesoramiento financiero, tecnolog\u00eda y educaci\u00f3n financiera desde 1987. Hemos querido aprovechar esta experiencia de m\u00e1s de 30 a\u00f1os para promover la inclusi\u00f3n social a trav\u00e9s de la educaci\u00f3n financiera, el ahorro y la tecnolog\u00eda en la base de la [&hellip;]\" \/>\r\n<meta property=\"og:url\" content=\"https:\/\/www.techrules.com\/social-responsibility\/\" \/>\r\n<meta property=\"og:site_name\" content=\"TechRules\" \/>\r\n<meta property=\"article:modified_time\" content=\"2022-06-13T16:35:43+00:00\" \/>\r\n<meta name=\"twitter:card\" content=\"summary_large_image\" \/>\r\n<meta name=\"twitter:label1\" content=\"Tiempo de lectura\" \/>\n\t<meta name=\"twitter:data1\" content=\"4 minutos\" \/>\r\n<script type=\"application\/ld+json\" class=\"yoast-schema-graph\">{\"@context\":\"https:\/\/schema.org\",\"@graph\":[{\"@type\":\"WebPage\",\"@id\":\"https:\/\/www.techrules.com\/social-responsibility\/\",\"url\":\"https:\/\/www.techrules.com\/social-responsibility\/\",\"name\":\"Responsabilidad social - TechRules\",\"isPartOf\":{\"@id\":\"https:\/\/www.techrules.com\/#website\"},\"datePublished\":\"2020-03-17T12:37:59+00:00\",\"dateModified\":\"2022-06-13T16:35:43+00:00\",\"breadcrumb\":{\"@id\":\"https:\/\/www.techrules.com\/social-responsibility\/#breadcrumb\"},\"inLanguage\":\"es\",\"potentialAction\":[{\"@type\":\"ReadAction\",\"target\":[\"https:\/\/www.techrules.com\/social-responsibility\/\"]}]},{\"@type\":\"BreadcrumbList\",\"@id\":\"https:\/\/www.techrules.com\/social-responsibility\/#breadcrumb\",\"itemListElement\":[{\"@type\":\"ListItem\",\"position\":1,\"name\":\"Home\",\"item\":\"https:\/\/www.techrules.com\/es\/\"},{\"@type\":\"ListItem\",\"position\":2,\"name\":\"Responsabilidad social\"}]},{\"@type\":\"WebSite\",\"@id\":\"https:\/\/www.techrules.com\/#website\",\"url\":\"https:\/\/www.techrules.com\/\",\"name\":\"TechRules\",\"description\":\"Wealth Management Solutions | TechRules\",\"potentialAction\":[{\"@type\":\"SearchAction\",\"target\":{\"@type\":\"EntryPoint\",\"urlTemplate\":\"https:\/\/www.techrules.com\/?s={search_term_string}\"},\"query-input\":{\"@type\":\"PropertyValueSpecification\",\"valueRequired\":true,\"valueName\":\"search_term_string\"}}],\"inLanguage\":\"es\"}]}<\/script>\r\n<!-- \/ Yoast SEO plugin. -->","yoast_head_json":{"title":"Responsabilidad social - TechRules","robots":{"index":"index","follow":"follow","max-snippet":"max-snippet:-1","max-image-preview":"max-image-preview:large","max-video-preview":"max-video-preview:-1"},"canonical":"https:\/\/www.techrules.com\/social-responsibility\/","og_locale":"es_ES","og_type":"article","og_title":"Responsabilidad social - TechRules","og_description":"Comprometidos con la inclusi\u00f3n social Savinco Social Finance forma parte de nuestro grupo empresarial especializado en asesoramiento financiero, tecnolog\u00eda y educaci\u00f3n financiera desde 1987. Hemos querido aprovechar esta experiencia de m\u00e1s de 30 a\u00f1os para promover la inclusi\u00f3n social a trav\u00e9s de la educaci\u00f3n financiera, el ahorro y la tecnolog\u00eda en la base de la [&hellip;]","og_url":"https:\/\/www.techrules.com\/social-responsibility\/","og_site_name":"TechRules","article_modified_time":"2022-06-13T16:35:43+00:00","twitter_card":"summary_large_image","twitter_misc":{"Tiempo de lectura":"4 minutos"},"schema":{"@context":"https:\/\/schema.org","@graph":[{"@type":"WebPage","@id":"https:\/\/www.techrules.com\/social-responsibility\/","url":"https:\/\/www.techrules.com\/social-responsibility\/","name":"Responsabilidad social - TechRules","isPartOf":{"@id":"https:\/\/www.techrules.com\/#website"},"datePublished":"2020-03-17T12:37:59+00:00","dateModified":"2022-06-13T16:35:43+00:00","breadcrumb":{"@id":"https:\/\/www.techrules.com\/social-responsibility\/#breadcrumb"},"inLanguage":"es","potentialAction":[{"@type":"ReadAction","target":["https:\/\/www.techrules.com\/social-responsibility\/"]}]},{"@type":"BreadcrumbList","@id":"https:\/\/www.techrules.com\/social-responsibility\/#breadcrumb","itemListElement":[{"@type":"ListItem","position":1,"name":"Home","item":"https:\/\/www.techrules.com\/es\/"},{"@type":"ListItem","position":2,"name":"Responsabilidad social"}]},{"@type":"WebSite","@id":"https:\/\/www.techrules.com\/#website","url":"https:\/\/www.techrules.com\/","name":"TechRules","description":"Wealth Management Solutions | TechRules","potentialAction":[{"@type":"SearchAction","target":{"@type":"EntryPoint","urlTemplate":"https:\/\/www.techrules.com\/?s={search_term_string}"},"query-input":{"@type":"PropertyValueSpecification","valueRequired":true,"valueName":"search_term_string"}}],"inLanguage":"es"}]}},"_links":{"self":[{"href":"https:\/\/www.techrules.com\/es\/wp-json\/wp\/v2\/pages\/6025","targetHints":{"allow":["GET"]}}],"collection":[{"href":"https:\/\/www.techrules.com\/es\/wp-json\/wp\/v2\/pages"}],"about":[{"href":"https:\/\/www.techrules.com\/es\/wp-json\/wp\/v2\/types\/page"}],"author":[{"embeddable":true,"href":"https:\/\/www.techrules.com\/es\/wp-json\/wp\/v2\/users\/1"}],"replies":[{"embeddable":true,"href":"https:\/\/www.techrules.com\/es\/wp-json\/wp\/v2\/comments?post=6025"}],"version-history":[{"count":8,"href":"https:\/\/www.techrules.com\/es\/wp-json\/wp\/v2\/pages\/6025\/revisions"}],"predecessor-version":[{"id":9078,"href":"https:\/\/www.techrules.com\/es\/wp-json\/wp\/v2\/pages\/6025\/revisions\/9078"}],"wp:attachment":[{"href":"https:\/\/www.techrules.com\/es\/wp-json\/wp\/v2\/media?parent=6025"}],"curies":[{"name":"wp","href":"https:\/\/api.w.org\/{rel}","templated":true}]}}