{"id":24,"date":"2020-03-15T15:44:48","date_gmt":"2020-03-15T15:44:48","guid":{"rendered":"https:\/\/demo9.scopica.es\/politica-privacidad\/"},"modified":"2021-10-18T11:27:24","modified_gmt":"2021-10-18T11:27:24","slug":"politica-privacidad","status":"publish","type":"page","link":"https:\/\/www.techrules.com\/es\/politica-privacidad\/","title":{"rendered":"Pol\u00edtica de privacidad"},"content":{"rendered":"<p><span class=\"only_thislanguage\">TECHRULES, S.A. (en adelante TechRules), conforme a la legislaci\u00f3n vigente en materia de Protecci\u00f3n de Datos de Car\u00e1cter Personal, pone en conocimiento de los usuarios de la p\u00e1gina web www.techrules.com (en adelante la P\u00e1gina) la Pol\u00edtica de Privacidad que aplicar\u00e1 en el tratamiento de los datos personales que el Usuario facilite voluntariamente al acceder a su web.<\/span><\/p>\n<p><span class=\"only_thislanguage\">\u00a0<\/span><\/p>\n<p><span class=\"only_thislanguage\">El Usuario, al proporcionar sus datos de car\u00e1cter personal a trav\u00e9s de la Web, y, en su caso, a trav\u00e9s de la marcaci\u00f3n de la correspondiente casilla de aceptaci\u00f3n, consiente expresamente que TechRules pueda tratar esos datos en los t\u00e9rminos de esta cl\u00e1usula de Pol\u00edtica de Privacidad y para los fines aqu\u00ed expresados.<\/span><\/p>\n<p><span class=\"only_thislanguage\">\u00a0<\/span><\/p>\n<p><span class=\"only_thislanguage\">TechRules pone en conocimiento de los usuarios de la P\u00e1gina, que sus datos de car\u00e1cter personal s\u00f3lo podr\u00e1n obtenerse para su tratamiento cuando sean adecuados, pertinentes y no excesivos en relaci\u00f3n con el \u00e1mbito y las finalidades determinadas, expl\u00edcitas y leg\u00edtimas para las que se hayan obtenido. Ser\u00e1n cancelados cuando hayan dejado de ser necesarios o pertinentes para dicha finalidad, o cuando lo solicite el titular en el ejercicio de su derecho de cancelaci\u00f3n.<\/span><\/p>\n<p><span class=\"only_thislanguage\">\u00a0<\/span><\/p>\n<p><span class=\"only_thislanguage\">TechRules manifiesta su compromiso de cumplir con la legislaci\u00f3n vigente en cada momento en materia de protecci\u00f3n de datos, y dem\u00e1s legislaci\u00f3n aplicable.<\/span><\/p>\n<p><span class=\"only_thislanguage\">\u00a0<\/span><\/p>\n<p><span class=\"only_thislanguage\">Los datos personales facilitados ser\u00e1n tratados de acuerdo con la siguiente:<\/span><\/p>\n<p><span class=\"only_thislanguage\">\u00a0<\/span><\/p>\n<table id=\"tabla-politicas\">\n<colgroup>\n<col width=\"10%\" \/>\n<col width=\"90%\" \/> <\/colgroup>\n<tbody>\n<tr>\n<th class=\"text-center\" colspan=\"2\">INFORMACI\u00d3N SOBRE PROTECCI\u00d3N DE DATOS DE CAR\u00c1CTER PERSONAL<br \/>\n(En cumplimiento del Reglamento UE 2016\/679 de Protecci\u00f3n de Datos)<\/th>\n<\/tr>\n<tr>\n<th>Responsable<br \/>\ndel<br \/>\ntratamiento<\/th>\n<td>TECHRULES, S.A.<br \/>\nNIF: A82682352<br \/>\nDirecci\u00f3n: Calle Virgilio, Edificio 2 2\u00aa Planta \u2013 28223 Pozuelo de Alarc\u00f3n (Madrid)<br \/>\nTel\u00e9fono: +34 913 573 900<br \/>\nEmail: dpd@techrules.com<br \/>\nContacto CPD: <a href=\"mailto:cescudero@techrules.com\">cescudero@techrules.com<\/a><\/td>\n<\/tr>\n<tr>\n<th>Finalidades<\/th>\n<td>La recogida y tratamiento de los datos personales tiene como finalidades:<\/p>\n<ul>\n<li>la oferta y contrataci\u00f3n de productos y servicios,<\/li>\n<li>el desarrollo de acciones comerciales,<\/li>\n<li>contestaci\u00f3n a sus consultas,<\/li>\n<li>env\u00edo, por medios tradicionales y electr\u00f3nicos, de informaci\u00f3n sobre nuestras soluciones,<\/li>\n<li>valoraci\u00f3n de un puesto de trabajo,<\/li>\n<li>cualquier otro servicio relacionado con la actividad de TechRules que podamos considerar de su inter\u00e9s,<\/li>\n<li>uso con fines estad\u00edsticos a efectos de analizar el comportamiento y las tendencias de los Usuarios y analizar c\u00f3mo mejorar los servicios que prestamos a los Usuarios, y<\/li>\n<li>detectar e investigar fraudes, as\u00ed como otras actividades ilegales y quebrantamientos potenciales de nuestras Pol\u00edticas de Privacidad, \u00c1rea Legal y\/o Condiciones de Uso.<\/li>\n<\/ul>\n<\/td>\n<\/tr>\n<tr>\n<th>Legitimaci\u00f3n y<br \/>\nconservaci\u00f3n<\/th>\n<td>La base jur\u00eddica para el tratamiento de los datos es el consentimiento otorgado por el Usuario al facilitar los datos o mediante la marcaci\u00f3n, en su caso, de las correspondientes casillas de aceptaci\u00f3n.<br \/>\nEn caso de no facilitar los datos necesarios para estas finalidades ser\u00e1 imposible prestarle nuestros servicios. Los datos se conservar\u00e1n mientras se mantenga le relaci\u00f3n y no se solicite su supresi\u00f3n y en cualquier caso en cumplimiento de plazos legales de prescripci\u00f3n que le resulten de aplicaci\u00f3n.<br \/>\nConsulte nuestra pol\u00edtica de cookies para obtener informaci\u00f3n sobre las cookies necesarias para el funcionamiento de la web.<br \/>\nLos datos relativos a informaci\u00f3n de curriculum se conservar\u00e1n durante un plazo m\u00e1ximo de un a\u00f1o.<br \/>\nConsulte nuestra Pol\u00edtica de Cookies para identificar la vigencia de cada cookie.<\/td>\n<\/tr>\n<tr>\n<th>Destinatarios<br \/>\nde cesiones<\/th>\n<td>En el caso de que se prevean cesiones de los datos se informar\u00e1 con car\u00e1cter previo permitiendo la oposici\u00f3n a las mismas mediante la marcaci\u00f3n de una casilla.<\/td>\n<\/tr>\n<tr>\n<th rowspan=\"3\">Derechos de<br \/>\nlos<br \/>\ninteresados<\/th>\n<td>Puede ejercitar sus derechos de acceso, rectificaci\u00f3n, supresi\u00f3n, portabilidad y la limitaci\u00f3n u oposici\u00f3n dirigi\u00e9ndose por escrito al Departamento de ADministraci\u00f3n (cescudero@techrules.com) en calle Virgilio, Edificio 2 &#8211; 2\u00aa Planta 28223 Pozuelo de Alarc\u00f3n (Madrid).<\/td>\n<\/tr>\n<tr>\n<td>El Usuario tiene derecho a retirar el consentimiento prestado.<\/td>\n<\/tr>\n<tr>\n<td>El Usuario tiene derecho a reclamar ante la Autoridad de Control (Agencia Espa\u00f1ola de Protecci\u00f3n de Datos www.agpd.es).<\/td>\n<\/tr>\n<\/tbody>\n<\/table>\n<p><span class=\"only_thislanguage\">\u00a0<\/span><\/p>\n<p><span class=\"only_thislanguage\">El usuario ser\u00e1 el \u00fanico responsable de la veracidad de los datos facilitados a TechRules.<\/span><\/p>\n<p><span class=\"only_thislanguage\">\u00a0<\/span><\/p>\n<p><span class=\"only_thislanguage\">Salvo que espec\u00edficamente se establezca lo contrario, se considerar\u00e1 necesario cumplimentar todos los datos que se solicitan, pues sin ellos TechRules no podr\u00e1 realizar los servicios solicitados por el usuario.<\/span><\/p>\n<p><span class=\"only_thislanguage\">\u00a0<\/span><\/p>\n<p><span class=\"only_thislanguage\">TechRules ha adoptado las medidas de \u00edndole t\u00e9cnica y organizativa necesarias para garantizar la seguridad de los datos de car\u00e1cter personal contenidos en los mismos y para evitar su alteraci\u00f3n, p\u00e9rdida, tratamiento o acceso no autorizado, habida cuenta del estado de la tecnolog\u00eda, la naturaleza de los datos y los riesgos a los que est\u00e1n expuestos. <\/span><\/p>\n<p><span class=\"only_thislanguage\">\u00a0<\/span><\/p>\n<p><span class=\"only_thislanguage\">Cualquier cambio realizado en la Pol\u00edtica de Privacidad y en las pr\u00e1cticas de administraci\u00f3n de la informaci\u00f3n se reflejar\u00e1 de forma oportuna, pudiendo TechRules agregar, modificar o eliminar dicha pol\u00edtica de privacidad cuando lo estime necesario. <\/span><\/p>\n<p><span class=\"only_thislanguage\">\u00a0<\/span><\/p>\n<p><span class=\"only_thislanguage\">TechRules en ning\u00fan caso, modificar\u00e1 las pol\u00edticas ni pr\u00e1cticas para hacerlas menos eficaces en la protecci\u00f3n de los datos personales de nuestros usuarios almacenados anteriormente, sin el consentimiento previo de los afectados.<\/span><\/p>\n<p>Google Analytics utiliza cookies para ayudar a las websites a analizar c\u00f3mo utilizan los usuarios el sitio web.\u00a0 La informaci\u00f3n generada por la cookie sobre su uso de la website (incluyendo su direcci\u00f3n IP) se transmitir\u00e1 y almacenar\u00e1 por Google en servidores ubicados en Estados Unidos.<\/p>\n","protected":false},"excerpt":{"rendered":"<p>TECHRULES, S.A. (en adelante TechRules), conforme a la legislaci\u00f3n vigente en materia de Protecci\u00f3n de Datos de Car\u00e1cter Personal, pone en conocimiento de los usuarios de la p\u00e1gina web www.techrules.com (en adelante la P\u00e1gina) la Pol\u00edtica de Privacidad que aplicar\u00e1 en el tratamiento de los datos personales que el Usuario facilite voluntariamente al acceder a [&hellip;]<\/p>\n","protected":false},"author":1,"featured_media":0,"parent":0,"menu_order":0,"comment_status":"closed","ping_status":"open","template":"tpl-pages\/comunes.php","meta":{"_acf_changed":false,"footnotes":""},"class_list":["post-24","page","type-page","status-publish","hentry"],"acf":[],"yoast_head":"<!-- This site is optimized with the Yoast SEO plugin v26.7 - https:\/\/yoast.com\/wordpress\/plugins\/seo\/ -->\r\n<title>Pol\u00edtica de privacidad - TechRules<\/title>\r\n<meta name=\"robots\" content=\"index, follow, max-snippet:-1, max-image-preview:large, max-video-preview:-1\" \/>\r\n<link rel=\"canonical\" href=\"https:\/\/www.techrules.com\/privacy-policy\/\" \/>\r\n<meta property=\"og:locale\" content=\"es_ES\" \/>\r\n<meta property=\"og:type\" content=\"article\" \/>\r\n<meta property=\"og:title\" content=\"Pol\u00edtica de privacidad - TechRules\" \/>\r\n<meta property=\"og:description\" content=\"TECHRULES, S.A. (en adelante TechRules), conforme a la legislaci\u00f3n vigente en materia de Protecci\u00f3n de Datos de Car\u00e1cter Personal, pone en conocimiento de los usuarios de la p\u00e1gina web www.techrules.com (en adelante la P\u00e1gina) la Pol\u00edtica de Privacidad que aplicar\u00e1 en el tratamiento de los datos personales que el Usuario facilite voluntariamente al acceder a [&hellip;]\" \/>\r\n<meta property=\"og:url\" content=\"https:\/\/www.techrules.com\/privacy-policy\/\" \/>\r\n<meta property=\"og:site_name\" content=\"TechRules\" \/>\r\n<meta property=\"article:modified_time\" content=\"2021-10-18T11:27:24+00:00\" \/>\r\n<meta name=\"twitter:card\" content=\"summary_large_image\" \/>\r\n<meta name=\"twitter:label1\" content=\"Tiempo de lectura\" \/>\n\t<meta name=\"twitter:data1\" content=\"4 minutos\" \/>\r\n<script type=\"application\/ld+json\" class=\"yoast-schema-graph\">{\"@context\":\"https:\/\/schema.org\",\"@graph\":[{\"@type\":\"WebPage\",\"@id\":\"https:\/\/www.techrules.com\/privacy-policy\/\",\"url\":\"https:\/\/www.techrules.com\/privacy-policy\/\",\"name\":\"Pol\u00edtica de privacidad - TechRules\",\"isPartOf\":{\"@id\":\"https:\/\/www.techrules.com\/#website\"},\"datePublished\":\"2020-03-15T15:44:48+00:00\",\"dateModified\":\"2021-10-18T11:27:24+00:00\",\"breadcrumb\":{\"@id\":\"https:\/\/www.techrules.com\/privacy-policy\/#breadcrumb\"},\"inLanguage\":\"es\",\"potentialAction\":[{\"@type\":\"ReadAction\",\"target\":[\"https:\/\/www.techrules.com\/privacy-policy\/\"]}]},{\"@type\":\"BreadcrumbList\",\"@id\":\"https:\/\/www.techrules.com\/privacy-policy\/#breadcrumb\",\"itemListElement\":[{\"@type\":\"ListItem\",\"position\":1,\"name\":\"Home\",\"item\":\"https:\/\/www.techrules.com\/es\/\"},{\"@type\":\"ListItem\",\"position\":2,\"name\":\"Pol\u00edtica de privacidad\"}]},{\"@type\":\"WebSite\",\"@id\":\"https:\/\/www.techrules.com\/#website\",\"url\":\"https:\/\/www.techrules.com\/\",\"name\":\"TechRules\",\"description\":\"Wealth Management Solutions | TechRules\",\"potentialAction\":[{\"@type\":\"SearchAction\",\"target\":{\"@type\":\"EntryPoint\",\"urlTemplate\":\"https:\/\/www.techrules.com\/?s={search_term_string}\"},\"query-input\":{\"@type\":\"PropertyValueSpecification\",\"valueRequired\":true,\"valueName\":\"search_term_string\"}}],\"inLanguage\":\"es\"}]}<\/script>\r\n<!-- \/ Yoast SEO plugin. -->","yoast_head_json":{"title":"Pol\u00edtica de privacidad - TechRules","robots":{"index":"index","follow":"follow","max-snippet":"max-snippet:-1","max-image-preview":"max-image-preview:large","max-video-preview":"max-video-preview:-1"},"canonical":"https:\/\/www.techrules.com\/privacy-policy\/","og_locale":"es_ES","og_type":"article","og_title":"Pol\u00edtica de privacidad - TechRules","og_description":"TECHRULES, S.A. (en adelante TechRules), conforme a la legislaci\u00f3n vigente en materia de Protecci\u00f3n de Datos de Car\u00e1cter Personal, pone en conocimiento de los usuarios de la p\u00e1gina web www.techrules.com (en adelante la P\u00e1gina) la Pol\u00edtica de Privacidad que aplicar\u00e1 en el tratamiento de los datos personales que el Usuario facilite voluntariamente al acceder a [&hellip;]","og_url":"https:\/\/www.techrules.com\/privacy-policy\/","og_site_name":"TechRules","article_modified_time":"2021-10-18T11:27:24+00:00","twitter_card":"summary_large_image","twitter_misc":{"Tiempo de lectura":"4 minutos"},"schema":{"@context":"https:\/\/schema.org","@graph":[{"@type":"WebPage","@id":"https:\/\/www.techrules.com\/privacy-policy\/","url":"https:\/\/www.techrules.com\/privacy-policy\/","name":"Pol\u00edtica de privacidad - TechRules","isPartOf":{"@id":"https:\/\/www.techrules.com\/#website"},"datePublished":"2020-03-15T15:44:48+00:00","dateModified":"2021-10-18T11:27:24+00:00","breadcrumb":{"@id":"https:\/\/www.techrules.com\/privacy-policy\/#breadcrumb"},"inLanguage":"es","potentialAction":[{"@type":"ReadAction","target":["https:\/\/www.techrules.com\/privacy-policy\/"]}]},{"@type":"BreadcrumbList","@id":"https:\/\/www.techrules.com\/privacy-policy\/#breadcrumb","itemListElement":[{"@type":"ListItem","position":1,"name":"Home","item":"https:\/\/www.techrules.com\/es\/"},{"@type":"ListItem","position":2,"name":"Pol\u00edtica de privacidad"}]},{"@type":"WebSite","@id":"https:\/\/www.techrules.com\/#website","url":"https:\/\/www.techrules.com\/","name":"TechRules","description":"Wealth Management Solutions | TechRules","potentialAction":[{"@type":"SearchAction","target":{"@type":"EntryPoint","urlTemplate":"https:\/\/www.techrules.com\/?s={search_term_string}"},"query-input":{"@type":"PropertyValueSpecification","valueRequired":true,"valueName":"search_term_string"}}],"inLanguage":"es"}]}},"_links":{"self":[{"href":"https:\/\/www.techrules.com\/es\/wp-json\/wp\/v2\/pages\/24","targetHints":{"allow":["GET"]}}],"collection":[{"href":"https:\/\/www.techrules.com\/es\/wp-json\/wp\/v2\/pages"}],"about":[{"href":"https:\/\/www.techrules.com\/es\/wp-json\/wp\/v2\/types\/page"}],"author":[{"embeddable":true,"href":"https:\/\/www.techrules.com\/es\/wp-json\/wp\/v2\/users\/1"}],"replies":[{"embeddable":true,"href":"https:\/\/www.techrules.com\/es\/wp-json\/wp\/v2\/comments?post=24"}],"version-history":[{"count":8,"href":"https:\/\/www.techrules.com\/es\/wp-json\/wp\/v2\/pages\/24\/revisions"}],"predecessor-version":[{"id":8534,"href":"https:\/\/www.techrules.com\/es\/wp-json\/wp\/v2\/pages\/24\/revisions\/8534"}],"wp:attachment":[{"href":"https:\/\/www.techrules.com\/es\/wp-json\/wp\/v2\/media?parent=24"}],"curies":[{"name":"wp","href":"https:\/\/api.w.org\/{rel}","templated":true}]}}